{"id":2829,"date":"2024-05-17T16:25:00","date_gmt":"2024-05-17T13:25:00","guid":{"rendered":"https:\/\/vip-consult.ro\/?page_id=2829"},"modified":"2025-06-29T01:22:29","modified_gmt":"2025-06-28T22:22:29","slug":"inscriere-seminarii","status":"publish","type":"page","link":"https:\/\/vip-consult.ro\/en\/inscriere-seminarii\/","title":{"rendered":"Inscriere Seminarii"},"content":{"rendered":"<p><span style=\"font-family: Times New Roman, serif;\"><span style=\"font-size: medium;\"><span style=\"font-family: Calibri, serif;\">Bine a\u021bi venit la Clinica Medicala VIP CONSULT, compania care v\u0103 ofer\u0103 posibilitatea de a participa la seminarii despre MEDICINA BIOLOGICA, o alternativa a vindecarii.<\/span><\/span><\/span><\/p>\n<p><span style=\"font-family: Times New Roman, serif;\"><span style=\"font-size: medium;\"><span style=\"font-family: Calibri, serif;\">Prin participarea la seminariile noastre, ve\u021bi avea oportunitatea de a \u00eenv\u0103\u021ba direct de la exper\u021bi \u00een domeniu despre principiile medicinei biologice \u0219i despre modalit\u0103\u021bile de aplicare a acestora \u00een practica medical\u0103. Modulele acoper\u0103 o gam\u0103 larg\u0103 de subiecte, de la nutri\u021bie \u0219i detoxifiere, la terapii complementare \u0219i tehnici de regenerare celular\u0103.<\/span><\/span><\/span><\/p>\n<p><span style=\"color: #000000;\"><span style=\"font-size: medium;\"><span lang=\"es-ES\"><u><b>Structura program<\/b><\/u><\/span><\/span><\/span><span style=\"color: #000000;\"><span style=\"font-size: medium;\"><span lang=\"es-ES\">:<\/span><\/span><\/span><\/p>\n<ul>\n<li><span style=\"font-size: medium;\">cursul va avea 25 de seminarii, cate 5 pe fiecare modul. <\/span><\/li>\n<li><span style=\"color: #000000;\"><span style=\"font-size: medium;\"><span lang=\"es-ES\">seminariile din cadrul fiecarui modul se vor desfasura saptamanal<\/span><\/span><\/span><\/li>\n<li><span style=\"color: #000000;\"><span style=\"font-size: medium;\"><span lang=\"es-ES\">data desfasurarii fiecarui modul va fi anuntata ulterior<\/span><\/span><\/span><\/li>\n<li><span style=\"font-size: medium;\">participantii vor participa la fiecare seminar pentru aprofundarea cunostintelor si abilitatilor specifice fiecarui modul<\/span><\/li>\n<li><span style=\"font-size: medium;\">la sfarsitul fiecarui modul se acorda diploma de participare<\/span><\/li>\n<\/ul>\n<p><span style=\"color: #000000;\"><span style=\"font-size: medium;\"><span lang=\"es-ES\"><u><b>Inscriere, taxa program si facilitati de plata<\/b><\/u><\/span><\/span><\/span><span style=\"color: #000000;\"><span style=\"font-size: medium;\"><span lang=\"es-ES\"><u>:<\/u><\/span><\/span><\/span><\/p>\n<ul>\n<li><span style=\"color: #303030;\"><span style=\"font-size: medium;\"><span lang=\"es-ES\">pretul seminarului (include certificarea)\u00a0<\/span><\/span><\/span><\/li>\n<li><span style=\"color: #000000;\"><span style=\"font-size: medium;\"><span lang=\"es-ES\">data inceperii: <\/span><\/span><\/span><span style=\"color: #000000;\"><span style=\"font-size: medium;\"><span lang=\"es-ES\"><b>MODULUL I &#8211; 27-28 mai 2025,\u00a0 MODULUL II -24-25 iunie, MODULUL III -seminar practic la sediul clinicii -18 iulie\/12 septembrie, MODULUL IV -14-15 octombrie, MODULUL V- 25-25 noiembrie 2025<br \/>\n<\/b><\/span><\/span><\/span><\/li>\n<li><span style=\"color: #000000;\"><span style=\"font-size: medium;\"><span lang=\"es-ES\">taxa se va achita in contul: <\/span><\/span><\/span><span style=\"color: #000000;\"><span style=\"font-size: medium;\"><span lang=\"es-ES\"><b style=\"color: #000000; font-size: medium;\">Clinica Medicala VIP CONSULT,\u00a0\u00a0<\/b><\/span><\/span><\/span><span style=\"color: #000000;\"><span style=\"font-size: medium;\"><span lang=\"es-ES\"><b>IBAN: RO20BTRL04801202879301XX<\/b><\/span><\/span><\/span><span style=\"color: #000000;\"><span style=\"font-size: medium;\"><span lang=\"es-ES\">, Banca TRANSILVANIA, Sucursala Soseaua Chitilei sau <strong>RO98 INGB 0000 9999 1572 2653<\/strong>, INGB Bucuretii Noi<\/span><\/span><\/span><\/li>\n<li><span style=\"font-size: medium;\">inscrierea se poate face pe site <\/span><span style=\"color: #0563c1;\"><u><a href=\"https:\/\/vip-consult.ro\/en\/\"><span style=\"font-size: medium;\">www.vip-consult.ro<\/span><\/a><\/u><\/span><span style=\"font-size: medium;\">, mail: <\/span><span style=\"color: #0563c1;\"><u><a href=\"mailto:clinica@vip-consult.ro\"><span style=\"font-size: medium;\">clinica@vip-consult.ro<\/span><\/a><\/u><\/span><span style=\"font-size: medium;\">, tel: <\/span><span style=\"font-size: medium;\"><b>0742956817<\/b><\/span><span style=\"font-size: medium;\">, <\/span><span style=\"font-size: medium;\"><b>0723224464<\/b><\/span><\/li>\n<li><span style=\"color: #000000;\"><span style=\"font-size: medium;\"><span lang=\"es-ES\">locatia : <\/span><\/span><\/span><span style=\"color: #000000;\"><span style=\"font-size: medium;\"><span lang=\"es-ES\"><b>online<\/b><\/span><\/span><\/span><span style=\"color: #000000;\"><span style=\"font-size: medium;\"><span lang=\"es-ES\">\/<\/span><\/span><\/span><span style=\"color: #000000;\"><span style=\"font-size: medium;\"><span lang=\"es-ES\"><b>str. Grigore Alexangrescu nr.83<\/b><\/span><\/span><\/span><span style=\"color: #000000;\"><span style=\"font-size: medium;\"><span lang=\"es-ES\">, sector 1, <\/span><\/span><\/span><span style=\"color: #000000;\"><span style=\"font-size: medium;\"><span lang=\"es-ES\"><b>BUCURESTI (pentru seminariile practice, la cerere)<\/b><\/span><\/span><\/span><\/li>\n<li><span style=\"color: #000000;\"><span style=\"font-size: medium;\"><span lang=\"es-ES\">numar maxim- 20 persoane\/modul<\/span><\/span><\/span><\/li>\n<\/ul>\n<p>&nbsp;<\/p>\n<div class=\"booked-calendar-shortcode-wrap\"><div class=\"booked-calendar-wrap large\"><div class=\"booked-calendar\" data-calendar-id=\"214\" data-calendar-date=\"2026-05-01\">\n\t\t<div class=\"bc-head\">\n\n\t\t\t\n\t\t\t<div class=\"bc-row top\">\n\t\t\t\t<div class=\"bc-col\">\n\t\t\t\t\t\t\t\t\t\t<span class=\"calendarSavingState\">\n\t\t\t\t\t\t<i class=\"fa-solid fa-circle-notch fa-spin\"><\/i>\n\t\t\t\t\t<\/span>\n\t\t\t\t\t<span class=\"monthName\">\n\t\t\t\t\t\tMay 2026\t\t\t\t\t\t\t\t\t\t\t<\/span>\n\t\t\t\t\t<a href=\"#\" data-goto=\"2026-06-01\" class=\"page-right\"><i class=\"fa-solid fa-arrow-right\"><\/i><\/a>\t\t\t\t<\/div>\n\t\t\t<\/div>\n\t\t\t<div class=\"bc-row days\">\n\t\t\t\t\t\t\t\t<div class=\"bc-col\">Mon<\/div>\n\t\t\t\t<div class=\"bc-col\">Tue<\/div>\n\t\t\t\t<div class=\"bc-col\">Wed<\/div>\n\t\t\t\t<div class=\"bc-col\">Thu<\/div>\n\t\t\t\t<div class=\"bc-col\">Fri<\/div>\n\t\t\t\t<div class=\"bc-col\">Sat<\/div>\t\t\t\t<div class=\"bc-col\">Sun<\/div>\t\t\t<\/div>\n\t\t<\/div>\n\t\t<div class=\"bc-body\"><div class=\"bc-row week\"><div data-date=\"2026-04-27\" class=\"bc-col prev-month prev-date\"><span class=\"date\"><span class=\"number\">27<\/span><\/span><\/div><div data-date=\"2026-04-28\" class=\"bc-col prev-month prev-date\"><span class=\"date\"><span class=\"number\">28<\/span><\/span><\/div><div data-date=\"2026-04-29\" class=\"bc-col prev-month prev-date\"><span class=\"date\"><span class=\"number\">29<\/span><\/span><\/div><div data-date=\"2026-04-30\" class=\"bc-col prev-month prev-date\"><span class=\"date\"><span class=\"number\">30<\/span><\/span><\/div><div data-date=\"2026-05-1\" class=\"bc-col today\"><span class=\"date tooltipster\" title=\"7 Available\"><span class=\"number\">1<\/span><\/span><\/div><div data-date=\"2026-05-2\" class=\"bc-col prev-date\"><span class=\"date\"><span class=\"number\">2<\/span><\/span><\/div><div data-date=\"2026-05-3\" class=\"bc-col prev-date\"><span class=\"date\"><span class=\"number\">3<\/span><\/span><\/div><\/div><div class=\"bc-row week\"><div data-date=\"2026-05-4\" class=\"bc-col\"><span class=\"date tooltipster\" title=\"7 Available\"><span class=\"number\">4<\/span><\/span><\/div><div data-date=\"2026-05-5\" class=\"bc-col\"><span class=\"date tooltipster\" title=\"7 Available\"><span class=\"number\">5<\/span><\/span><\/div><div data-date=\"2026-05-6\" class=\"bc-col\"><span class=\"date tooltipster\" title=\"7 Available\"><span class=\"number\">6<\/span><\/span><\/div><div data-date=\"2026-05-7\" class=\"bc-col\"><span class=\"date tooltipster\" title=\"7 Available\"><span class=\"number\">7<\/span><\/span><\/div><div data-date=\"2026-05-8\" class=\"bc-col\"><span class=\"date tooltipster\" title=\"7 Available\"><span class=\"number\">8<\/span><\/span><\/div><div data-date=\"2026-05-9\" class=\"bc-col prev-date\"><span class=\"date\"><span class=\"number\">9<\/span><\/span><\/div><div data-date=\"2026-05-10\" class=\"bc-col prev-date\"><span class=\"date\"><span class=\"number\">10<\/span><\/span><\/div><\/div><div class=\"bc-row week\"><div data-date=\"2026-05-11\" class=\"bc-col\"><span class=\"date tooltipster\" title=\"7 Available\"><span class=\"number\">11<\/span><\/span><\/div><div data-date=\"2026-05-12\" class=\"bc-col\"><span class=\"date tooltipster\" title=\"7 Available\"><span class=\"number\">12<\/span><\/span><\/div><div data-date=\"2026-05-13\" class=\"bc-col\"><span class=\"date tooltipster\" title=\"7 Available\"><span class=\"number\">13<\/span><\/span><\/div><div data-date=\"2026-05-14\" class=\"bc-col\"><span class=\"date tooltipster\" title=\"7 Available\"><span class=\"number\">14<\/span><\/span><\/div><div data-date=\"2026-05-15\" class=\"bc-col\"><span class=\"date tooltipster\" title=\"7 Available\"><span class=\"number\">15<\/span><\/span><\/div><div data-date=\"2026-05-16\" class=\"bc-col prev-date\"><span class=\"date\"><span class=\"number\">16<\/span><\/span><\/div><div data-date=\"2026-05-17\" class=\"bc-col prev-date\"><span class=\"date\"><span class=\"number\">17<\/span><\/span><\/div><\/div><div class=\"bc-row week\"><div data-date=\"2026-05-18\" class=\"bc-col\"><span class=\"date tooltipster\" title=\"7 Available\"><span class=\"number\">18<\/span><\/span><\/div><div data-date=\"2026-05-19\" class=\"bc-col\"><span class=\"date tooltipster\" title=\"7 Available\"><span class=\"number\">19<\/span><\/span><\/div><div data-date=\"2026-05-20\" class=\"bc-col\"><span class=\"date tooltipster\" title=\"7 Available\"><span class=\"number\">20<\/span><\/span><\/div><div data-date=\"2026-05-21\" class=\"bc-col\"><span class=\"date tooltipster\" title=\"7 Available\"><span class=\"number\">21<\/span><\/span><\/div><div data-date=\"2026-05-22\" class=\"bc-col\"><span class=\"date tooltipster\" title=\"7 Available\"><span class=\"number\">22<\/span><\/span><\/div><div data-date=\"2026-05-23\" class=\"bc-col prev-date\"><span class=\"date\"><span class=\"number\">23<\/span><\/span><\/div><div data-date=\"2026-05-24\" class=\"bc-col prev-date\"><span class=\"date\"><span class=\"number\">24<\/span><\/span><\/div><\/div><div class=\"bc-row week\"><div data-date=\"2026-05-25\" class=\"bc-col\"><span class=\"date tooltipster\" title=\"7 Available\"><span class=\"number\">25<\/span><\/span><\/div><div data-date=\"2026-05-26\" class=\"bc-col\"><span class=\"date tooltipster\" title=\"7 Available\"><span class=\"number\">26<\/span><\/span><\/div><div data-date=\"2026-05-27\" class=\"bc-col\"><span class=\"date tooltipster\" title=\"7 Available\"><span class=\"number\">27<\/span><\/span><\/div><div data-date=\"2026-05-28\" class=\"bc-col\"><span class=\"date tooltipster\" title=\"7 Available\"><span class=\"number\">28<\/span><\/span><\/div><div data-date=\"2026-05-29\" class=\"bc-col\"><span class=\"date tooltipster\" title=\"7 Available\"><span class=\"number\">29<\/span><\/span><\/div><div data-date=\"2026-05-30\" class=\"bc-col prev-date\"><span class=\"date\"><span class=\"number\">30<\/span><\/span><\/div><div data-date=\"2026-05-31\" class=\"bc-col prev-date\"><span class=\"date\"><span class=\"number\">31<\/span><\/span><\/div><\/div>\t\t<\/div>\n\t<\/div><\/div><\/div>","protected":false},"excerpt":{"rendered":"<p>Bine a\u021bi venit la Clinica Medicala VIP CONSULT, compania care v\u0103 ofer\u0103 posibilitatea de a participa la seminarii despre MEDICINA BIOLOGICA, o alternativa a vindecarii. Prin participarea la seminariile noastre, ve\u021bi avea oportunitatea de a \u00eenv\u0103\u021ba direct de la exper\u021bi \u00een domeniu despre principiile medicinei biologice \u0219i despre modalit\u0103\u021bile de aplicare a acestora \u00een practica medical\u0103. Modulele acoper\u0103 o gam\u0103 larg\u0103 de subiecte, de la nutri\u021bie \u0219i detoxifiere, la terapii [&hellip;]<\/p>\n","protected":false},"author":1,"featured_media":2348,"parent":0,"menu_order":0,"comment_status":"closed","ping_status":"closed","template":"","meta":[],"_links":{"self":[{"href":"https:\/\/vip-consult.ro\/en\/wp-json\/wp\/v2\/pages\/2829"}],"collection":[{"href":"https:\/\/vip-consult.ro\/en\/wp-json\/wp\/v2\/pages"}],"about":[{"href":"https:\/\/vip-consult.ro\/en\/wp-json\/wp\/v2\/types\/page"}],"author":[{"embeddable":true,"href":"https:\/\/vip-consult.ro\/en\/wp-json\/wp\/v2\/users\/1"}],"replies":[{"embeddable":true,"href":"https:\/\/vip-consult.ro\/en\/wp-json\/wp\/v2\/comments?post=2829"}],"version-history":[{"count":3,"href":"https:\/\/vip-consult.ro\/en\/wp-json\/wp\/v2\/pages\/2829\/revisions"}],"predecessor-version":[{"id":3046,"href":"https:\/\/vip-consult.ro\/en\/wp-json\/wp\/v2\/pages\/2829\/revisions\/3046"}],"wp:featuredmedia":[{"embeddable":true,"href":"https:\/\/vip-consult.ro\/en\/wp-json\/wp\/v2\/media\/2348"}],"wp:attachment":[{"href":"https:\/\/vip-consult.ro\/en\/wp-json\/wp\/v2\/media?parent=2829"}],"curies":[{"name":"wp","href":"https:\/\/api.w.org\/{rel}","templated":true}]}}