{"id":2799,"date":"2024-05-17T10:58:39","date_gmt":"2024-05-17T07:58:39","guid":{"rendered":"https:\/\/vip-consult.ro\/?page_id=2799"},"modified":"2024-05-17T11:23:44","modified_gmt":"2024-05-17T08:23:44","slug":"program-pentru-tratarea-obezitatii","status":"publish","type":"page","link":"https:\/\/vip-consult.ro\/en\/programe-tratament\/program-pentru-tratarea-obezitatii\/","title":{"rendered":"Program pentru tratarea obezit\u0103\u021bii"},"content":{"rendered":"<div class=\"wpb-content-wrapper\"><section id=\"2397\" class=\"container-fluid vntd-section-default section-default-width\"><div class=\"vc_row wpb_row\"><div class=\"inner\"><div class=\"wpb_column vc_column_container vc_col-sm-12\"><div class=\"vc_column-inner\"><div class=\"wpb_wrapper\"><div class=\"ult-new-ib ult-ib-effect-style1  ult-ib-resp\" data-min-width=\"768\" data-max-width=\"900\" style=\"\" data-opacity=\"1\" data-hover-opacity=\"1\" ><img class=\"ult-new-ib-img\" style=\"opacity:1;\" alt=\"null\" src=\"https:\/\/vip-consult.ro\/wp-content\/uploads\/2024\/05\/vip-obe-banner3-1.jpg\"   \/><div id=\"interactive-banner-wrap-8389\" class=\"ult-new-ib-desc\" style=\"\"><h2 class=\"ult-new-ib-title ult-responsive\"  data-ultimate-target='#interactive-banner-wrap-8389 .ult-new-ib-title'  data-responsive-json-new='{\"font-size\":\"\",\"line-height\":\"\"}'  style=\"font-weight:normal;\"><\/h2><\/div><\/div><script type=\"text\/javascript\">\r\n\t\t\t(function($){\r\n\t\t\t\t$(document).ready(function(){\r\n\t\t\t\t\t$(\".ult-new-ib\").css(\"opacity\",\"1\");\r\n\t\t\t\t});\r\n\t\t\t})(jQuery);\r\n\t\t\t<\/script><\/div><\/div><\/div><\/div><\/div><\/section><section id=\"3520\" class=\"container-fluid vntd-section-default section-default-width\"><div class=\"vc_row wpb_row  vc_custom_1706000667389\"><div class=\"inner\"><div class=\"wpb_column vc_column_container vc_col-sm-3\"><div class=\"vc_column-inner\"><div class=\"wpb_wrapper\">\n\t<div class=\"wpb_single_image wpb_content_element vc_align_left  wpb_animate_when_almost_visible wpb_fadeIn fadeIn\">\n\t\t<div class=\"wpb_wrapper\">\n\t\t\t\n\t\t\t<div class=\"vc_single_image-wrapper vc_box_shadow_border  vc_box_border_grey\"><img width=\"1024\" height=\"742\" src=\"https:\/\/vip-consult.ro\/wp-content\/uploads\/2024\/05\/vip-obezity-01-1024x742.jpg\" class=\"vc_single_image-img attachment-large\" alt=\"\" decoding=\"async\" loading=\"lazy\" title=\"vip-obezity-01\" srcset=\"https:\/\/vip-consult.ro\/wp-content\/uploads\/2024\/05\/vip-obezity-01-1024x742.jpg 1024w, https:\/\/vip-consult.ro\/wp-content\/uploads\/2024\/05\/vip-obezity-01-300x217.jpg 300w, https:\/\/vip-consult.ro\/wp-content\/uploads\/2024\/05\/vip-obezity-01-768x557.jpg 768w, https:\/\/vip-consult.ro\/wp-content\/uploads\/2024\/05\/vip-obezity-01-1536x1114.jpg 1536w, https:\/\/vip-consult.ro\/wp-content\/uploads\/2024\/05\/vip-obezity-01-2048x1485.jpg 2048w, https:\/\/vip-consult.ro\/wp-content\/uploads\/2024\/05\/vip-obezity-01-1670x1211.jpg 1670w, https:\/\/vip-consult.ro\/wp-content\/uploads\/2024\/05\/vip-obezity-01-880x638.jpg 880w, https:\/\/vip-consult.ro\/wp-content\/uploads\/2024\/05\/vip-obezity-01-450x326.jpg 450w\" sizes=\"(max-width: 1024px) 100vw, 1024px\" \/><\/div>\n\t\t<\/div>\n\t<\/div>\n<\/div><\/div><\/div><div class=\"wpb_column vc_column_container vc_col-sm-9\"><div class=\"vc_column-inner\"><div class=\"wpb_wrapper\"><div id=\"ultimate-heading-8969f3fbe2134fc\" class=\"uvc-heading ult-adjust-bottom-margin ultimate-heading-8969f3fbe2134fc uvc-2744\" data-hspacer=\"line_only\"  data-halign=\"left\" style=\"text-align:left\"><div class=\"uvc-main-heading ult-responsive\"  data-ultimate-target='.uvc-heading.ultimate-heading-8969f3fbe2134fc h2'  data-responsive-json-new='{\"font-size\":\"\",\"line-height\":\"\"}' ><h2 style=\"font-weight:normal;\">Program pentru tratarea obezit\u0103\u021bii<\/h2><\/div><div class=\"uvc-heading-spacer line_only\" style=\"margin-bottom:20px;height:1px;\"><span class=\"uvc-headings-line\" style=\"border-style:solid;border-bottom-width:1px;border-color:#ccc;width:autopx;\"><\/span><\/div><\/div>\n\t<div class=\"wpb_text_column wpb_content_element  wpb_animate_when_almost_visible wpb_fadeInRight fadeInRight\" >\n\t\t<div class=\"wpb_wrapper\">\n\t\t\t<h3>CLINICA VIP CONSULT VINE \u00ceN \u00ceNT\u00c2MPINAREA DUMNEAVOASTR\u0102, \u00ceNCEP\u00c2ND CU 01.07.2024, CU UN PROGRAM PERSONALIZAT DE GESTIONARE A OBEZIT\u0102\u021aII.<\/h3>\n<p><strong>Obiective Generale<\/strong><\/p>\n<ul>\n<li>Dezvoltarea unui plan personalizat \u0219i adaptabil pentru gestionarea obezit\u0103\u021bii, care s\u0103 includ\u0103 aspecte legate de kinetoterapie, nutri\u021bie, analize medicale, tratament integrativ \u0219i psihoterapie.<\/li>\n<li>Promovarea unui angajament pe termen lung fa\u021b\u0103 de un stil de via\u021b\u0103 s\u0103n\u0103tos \u0219i de schimbare continu\u0103.<\/li>\n<\/ul>\n\n\t\t<\/div>\n\t<\/div>\n<\/div><\/div><\/div><\/div><\/div><\/section><section id=\"3771\" class=\"container-fluid vntd-section-default section-default-width\"><div class=\"vc_row wpb_row\"><div class=\"inner\"><div class=\"wpb_column vc_column_container vc_col-sm-6\"><div class=\"vc_column-inner\"><div class=\"wpb_wrapper\">\n\t<div class=\"wpb_text_column wpb_content_element  wpb_animate_when_almost_visible wpb_fadeInLeft fadeInLeft\" >\n\t\t<div class=\"wpb_wrapper\">\n\t\t\t<div>\n<div>\n<div>\n<div><strong>Etapa 1: Evaluare Ini\u021bial\u0103 \u0219i Planificare Individualizat\u0103<\/strong><\/div>\n<ul>\n<li>Sesiune ini\u021bial\u0103 de evaluare multidisciplinar\u0103 (kinetoterapie, nutri\u021bie, analize medicale \u0219i psihologie) pentru stabilirea unui plan personalizat.<\/li>\n<li>Stabilirea obiectivelor \u0219i a planului de ac\u021biune pe termen lung, \u00een colaborare cu pacientul.<\/li>\n<\/ul>\n<\/div>\n<\/div>\n<\/div>\n\n\t\t<\/div>\n\t<\/div>\n<\/div><\/div><\/div><div class=\"wpb_column vc_column_container vc_col-sm-6\"><div class=\"vc_column-inner\"><div class=\"wpb_wrapper\">\n\t<div class=\"wpb_text_column wpb_content_element  wpb_animate_when_almost_visible wpb_fadeInRight fadeInRight\" >\n\t\t<div class=\"wpb_wrapper\">\n\t\t\t<div>\n<div>\n<div>\n<div><strong>Etapa 2: Implementarea Planului Personalizat<\/strong><\/div>\n<ul>\n<li>Sesiuni regulate de kinetoterapie (3 ori\/s\u0103pt\u0103m\u00e2n\u0103), adaptate nevoilor \u0219i capacit\u0103\u021bilor individuale ale pacientului.<\/li>\n<li>Sesiuni regulate de consiliere nutri\u021bional\u0103 \u0219i de evaluare medical\u0103 (o dat\u0103 la 2 s\u0103pt\u0103m\u00e2ni) pentru monitorizarea progresului, ajustarea terapiei \u0219i a planului alimentar.<\/li>\n<li>Terapie injectabil\u0103 x2-s\u0103pt\u0103m\u00e2n\u0103 cu monitorizare prin analize de s\u00e2nge o dat\u0103 cu evaluarea medical\u0103.<\/li>\n<li>Sesiuni regulate de psihoterapie (1-2 ori\/lun\u0103 sau la nevoie) pentru sprijin emo\u021bional \u0219i gestionarea factorilor psihologici lega\u021bi de obezitate \u0219i cauzele apari\u021biei acesteia.<\/li>\n<\/ul>\n<\/div>\n<\/div>\n<\/div>\n\n\t\t<\/div>\n\t<\/div>\n<\/div><\/div><\/div><\/div><\/div><\/section><section id=\"3176\" class=\"container-fluid vntd-section-default section-default-width\"><div class=\"vc_row wpb_row\"><div class=\"inner\"><div class=\"wpb_column vc_column_container vc_col-sm-6\"><div class=\"vc_column-inner\"><div class=\"wpb_wrapper\">\n\t<div class=\"wpb_text_column wpb_content_element  wpb_animate_when_almost_visible wpb_fadeInLeft fadeInLeft\" >\n\t\t<div class=\"wpb_wrapper\">\n\t\t\t<div>\n<div>\n<div>\n<div><strong>Etapa 3: Monitorizarea \u0219i Ajustarea Continu\u0103<\/strong><\/div>\n<ul>\n<li>Evalu\u0103ri regulate ale progresului fizic \u0219i emo\u021bional \u0219i ajustarea planului de tratament \u00een func\u021bie de rezultatele ob\u021binute.<\/li>\n<li>Monitorizarea permanent\u0103 a intensit\u0103\u021bii efortului \u00een timpul sesiunilor de kinetoterapie \u0219i ajustarea continu\u0103 a acestuia \u00een func\u021bie de nevoile \u0219i capacitatea pacientului.<\/li>\n<li>Sesizarea \u0219i abordarea prompt\u0103 a oric\u0103ror dificult\u0103\u021bi sau obstacole \u00eent\u00e2mpinate de pacient \u00een timpul procesului de gestionare a obezit\u0103\u021bii.<\/li>\n<\/ul>\n<\/div>\n<\/div>\n<\/div>\n\n\t\t<\/div>\n\t<\/div>\n<\/div><\/div><\/div><div class=\"wpb_column vc_column_container vc_col-sm-6\"><div class=\"vc_column-inner\"><div class=\"wpb_wrapper\">\n\t<div class=\"wpb_text_column wpb_content_element  wpb_animate_when_almost_visible wpb_fadeInRight fadeInRight\" >\n\t\t<div class=\"wpb_wrapper\">\n\t\t\t<div>\n<div>\n<div>\n<div><strong>Etapa 4: Consolidarea \u0219i Continuarea \u00cengrijirii<\/strong><\/div>\n<ul>\n<li>\u00cencurajarea pacientului s\u0103 \u00ee\u0219i continue angajamentul fa\u021b\u0103 de un stil de via\u021b\u0103 s\u0103n\u0103tos \u0219i de schimbare continu\u0103, chiar \u0219i dup\u0103 \u00eencheierea programului formal de terapie.<\/li>\n<li>Oferirea de resurse \u0219i recomand\u0103ri pentru men\u021binerea progresului \u0219i sprijinirea continu\u0103 a pacientului \u00een gestionarea obezit\u0103\u021bii pe termen lung.<\/li>\n<\/ul>\n<\/div>\n<\/div>\n<\/div>\n\n\t\t<\/div>\n\t<\/div>\n<\/div><\/div><\/div><\/div><\/div><\/section><section id=\"5745\" class=\"container-fluid vntd-section-default section-default-width\"><div class=\"vc_row wpb_row  wpb_animate_when_almost_visible wpb_fadeIn fadeIn\"><div class=\"inner\"><div class=\"wpb_column vc_column_container vc_col-sm-3\"><div class=\"vc_column-inner\"><div class=\"wpb_wrapper\">\n\t<div class=\"wpb_single_image wpb_content_element vc_align_left\">\n\t\t<div class=\"wpb_wrapper\">\n\t\t\t\n\t\t\t<div class=\"vc_single_image-wrapper   vc_box_border_grey\"><img width=\"300\" height=\"200\" src=\"https:\/\/vip-consult.ro\/wp-content\/uploads\/2024\/05\/vip-obezity-02-300x200.jpg\" class=\"vc_single_image-img attachment-medium\" alt=\"\" decoding=\"async\" loading=\"lazy\" title=\"tratament obezitate 01\" srcset=\"https:\/\/vip-consult.ro\/wp-content\/uploads\/2024\/05\/vip-obezity-02-300x200.jpg 300w, https:\/\/vip-consult.ro\/wp-content\/uploads\/2024\/05\/vip-obezity-02-1024x683.jpg 1024w, https:\/\/vip-consult.ro\/wp-content\/uploads\/2024\/05\/vip-obezity-02-768x512.jpg 768w, https:\/\/vip-consult.ro\/wp-content\/uploads\/2024\/05\/vip-obezity-02-1536x1024.jpg 1536w, https:\/\/vip-consult.ro\/wp-content\/uploads\/2024\/05\/vip-obezity-02-2048x1365.jpg 2048w, https:\/\/vip-consult.ro\/wp-content\/uploads\/2024\/05\/vip-obezity-02-1670x1113.jpg 1670w, https:\/\/vip-consult.ro\/wp-content\/uploads\/2024\/05\/vip-obezity-02-880x587.jpg 880w, https:\/\/vip-consult.ro\/wp-content\/uploads\/2024\/05\/vip-obezity-02-450x300.jpg 450w\" sizes=\"(max-width: 300px) 100vw, 300px\" \/><\/div>\n\t\t<\/div>\n\t<\/div>\n<\/div><\/div><\/div><div class=\"wpb_column vc_column_container vc_col-sm-3\"><div class=\"vc_column-inner\"><div class=\"wpb_wrapper\">\n\t<div class=\"wpb_single_image wpb_content_element vc_align_left\">\n\t\t<div class=\"wpb_wrapper\">\n\t\t\t\n\t\t\t<div class=\"vc_single_image-wrapper   vc_box_border_grey\"><img width=\"300\" height=\"200\" src=\"https:\/\/vip-consult.ro\/wp-content\/uploads\/2024\/05\/vip-obezity-05-300x200.jpg\" class=\"vc_single_image-img attachment-medium\" alt=\"\" decoding=\"async\" loading=\"lazy\" title=\"tratament obezitate 04\" srcset=\"https:\/\/vip-consult.ro\/wp-content\/uploads\/2024\/05\/vip-obezity-05-300x200.jpg 300w, https:\/\/vip-consult.ro\/wp-content\/uploads\/2024\/05\/vip-obezity-05-1024x683.jpg 1024w, https:\/\/vip-consult.ro\/wp-content\/uploads\/2024\/05\/vip-obezity-05-768x512.jpg 768w, https:\/\/vip-consult.ro\/wp-content\/uploads\/2024\/05\/vip-obezity-05-1536x1024.jpg 1536w, https:\/\/vip-consult.ro\/wp-content\/uploads\/2024\/05\/vip-obezity-05-2048x1365.jpg 2048w, https:\/\/vip-consult.ro\/wp-content\/uploads\/2024\/05\/vip-obezity-05-1670x1113.jpg 1670w, https:\/\/vip-consult.ro\/wp-content\/uploads\/2024\/05\/vip-obezity-05-880x587.jpg 880w, https:\/\/vip-consult.ro\/wp-content\/uploads\/2024\/05\/vip-obezity-05-450x300.jpg 450w\" sizes=\"(max-width: 300px) 100vw, 300px\" \/><\/div>\n\t\t<\/div>\n\t<\/div>\n<\/div><\/div><\/div><div class=\"wpb_column vc_column_container vc_col-sm-3\"><div class=\"vc_column-inner\"><div class=\"wpb_wrapper\">\n\t<div class=\"wpb_single_image wpb_content_element vc_align_left\">\n\t\t<div class=\"wpb_wrapper\">\n\t\t\t\n\t\t\t<div class=\"vc_single_image-wrapper   vc_box_border_grey\"><img width=\"300\" height=\"200\" src=\"https:\/\/vip-consult.ro\/wp-content\/uploads\/2024\/05\/vip-obezity-04-300x200.jpg\" class=\"vc_single_image-img attachment-medium\" alt=\"\" decoding=\"async\" loading=\"lazy\" title=\"tratament obezitate 03\" srcset=\"https:\/\/vip-consult.ro\/wp-content\/uploads\/2024\/05\/vip-obezity-04-300x200.jpg 300w, https:\/\/vip-consult.ro\/wp-content\/uploads\/2024\/05\/vip-obezity-04-1024x683.jpg 1024w, https:\/\/vip-consult.ro\/wp-content\/uploads\/2024\/05\/vip-obezity-04-768x512.jpg 768w, https:\/\/vip-consult.ro\/wp-content\/uploads\/2024\/05\/vip-obezity-04-1536x1024.jpg 1536w, https:\/\/vip-consult.ro\/wp-content\/uploads\/2024\/05\/vip-obezity-04-2048x1365.jpg 2048w, https:\/\/vip-consult.ro\/wp-content\/uploads\/2024\/05\/vip-obezity-04-1670x1113.jpg 1670w, https:\/\/vip-consult.ro\/wp-content\/uploads\/2024\/05\/vip-obezity-04-880x587.jpg 880w, https:\/\/vip-consult.ro\/wp-content\/uploads\/2024\/05\/vip-obezity-04-450x300.jpg 450w\" sizes=\"(max-width: 300px) 100vw, 300px\" \/><\/div>\n\t\t<\/div>\n\t<\/div>\n<\/div><\/div><\/div><div class=\"wpb_column vc_column_container vc_col-sm-3\"><div class=\"vc_column-inner\"><div class=\"wpb_wrapper\">\n\t<div class=\"wpb_single_image wpb_content_element vc_align_left\">\n\t\t<div class=\"wpb_wrapper\">\n\t\t\t\n\t\t\t<div class=\"vc_single_image-wrapper   vc_box_border_grey\"><img width=\"300\" height=\"200\" src=\"https:\/\/vip-consult.ro\/wp-content\/uploads\/2024\/05\/vip-obezity-03-300x200.jpg\" class=\"vc_single_image-img attachment-medium\" alt=\"\" decoding=\"async\" loading=\"lazy\" title=\"tratament obezitate 02\" srcset=\"https:\/\/vip-consult.ro\/wp-content\/uploads\/2024\/05\/vip-obezity-03-300x200.jpg 300w, https:\/\/vip-consult.ro\/wp-content\/uploads\/2024\/05\/vip-obezity-03-1024x683.jpg 1024w, https:\/\/vip-consult.ro\/wp-content\/uploads\/2024\/05\/vip-obezity-03-768x512.jpg 768w, https:\/\/vip-consult.ro\/wp-content\/uploads\/2024\/05\/vip-obezity-03-1536x1024.jpg 1536w, https:\/\/vip-consult.ro\/wp-content\/uploads\/2024\/05\/vip-obezity-03-2048x1365.jpg 2048w, https:\/\/vip-consult.ro\/wp-content\/uploads\/2024\/05\/vip-obezity-03-1670x1113.jpg 1670w, https:\/\/vip-consult.ro\/wp-content\/uploads\/2024\/05\/vip-obezity-03-880x587.jpg 880w, https:\/\/vip-consult.ro\/wp-content\/uploads\/2024\/05\/vip-obezity-03-450x300.jpg 450w\" sizes=\"(max-width: 300px) 100vw, 300px\" \/><\/div>\n\t\t<\/div>\n\t<\/div>\n<\/div><\/div><\/div><\/div><\/div><\/section><section id=\"4538\" class=\"container-fluid vntd-section-default section-default-width\"><div class=\"vc_row wpb_row  wpb_animate_when_almost_visible wpb_fadeIn fadeIn\"><div class=\"inner\"><div class=\"wpb_column vc_column_container vc_col-sm-4\"><div class=\"vc_column-inner\"><div class=\"wpb_wrapper\"><\/div><\/div><\/div><div class=\"wpb_column vc_column_container vc_col-sm-4\"><div class=\"vc_column-inner\"><div class=\"wpb_wrapper\"><div class=\"vc_empty_space\"   style=\"height: 32px\"><span class=\"vc_empty_space_inner\"><\/span><\/div><div class=\"vc_message_box vc_message_box-solid-icon vc_message_box-rounded vc_color-green\" ><div class=\"vc_message_box-icon\"><i class=\"fas fa-clinic-medical\"><\/i><\/div><p align=\"justify\"><span style=\"font-family: Times New Roman, serif;\"><span style=\"font-size: medium;\">La <\/span><\/span><span style=\"font-family: Times New Roman, serif;\"><span style=\"font-size: medium;\"><b>Clinica Medical\u0103 VIP-Consult<\/b><\/span><\/span><\/p>\n<\/div><\/div><\/div><\/div><div class=\"wpb_column vc_column_container vc_col-sm-4\"><div class=\"vc_column-inner\"><div class=\"wpb_wrapper\"><\/div><\/div><\/div><\/div><\/div><\/section><section id=\"4441\" class=\"container-fluid vntd-section-default section-default-width\"><div class=\"vc_row wpb_row  wpb_animate_when_almost_visible wpb_fadeInUp fadeInUp\"><div class=\"inner\"><div class=\"wpb_column vc_column_container vc_col-sm-12\"><div class=\"vc_column-inner\"><div class=\"wpb_wrapper\"><div class=\"vc_empty_space\"   style=\"height: 32px\"><span class=\"vc_empty_space_inner\"><\/span><\/div>\n\t<div class=\"wpb_text_column wpb_content_element\" >\n\t\t<div class=\"wpb_wrapper\">\n\t\t\t<div style=\"text-align: justify;\">\n<h3 style=\"text-transform: none;\"><span style=\"color: #008000;\">Indiferent dac\u0103 sunte\u021bi un adult interesat de men\u021binerea s\u0103n\u0103t\u0103\u021bii, un sportiv de performan\u021b\u0103, sau un p\u0103rinte preocupat de s\u0103n\u0103tatea \u0219i dezvoltarea copiilor dumneavoastr\u0103, la Clinica Medical\u0103 VIP-Consult, suntem aici pentru a v\u0103 oferi suportul \u0219i \u00eendrumarea necesare pentru a v\u0103 men\u021bine s\u0103n\u0103tatea \u0219i a v\u0103 bucura de o via\u021b\u0103 activ\u0103 \u0219i lipsit\u0103 de probleme de s\u0103n\u0103tate.<\/span><\/h3>\n<\/div>\n\n\t\t<\/div>\n\t<\/div>\n<\/div><\/div><\/div><\/div><\/div><\/section>\n<\/div>","protected":false},"excerpt":{"rendered":"Program pentru tratarea obezit\u0103\u021bii CLINICA VIP CONSULT VINE \u00ceN \u00ceNT\u00c2MPINAREA DUMNEAVOASTR\u0102, \u00ceNCEP\u00c2ND CU 01.07.2024, CU UN PROGRAM PERSONALIZAT DE GESTIONARE A OBEZIT\u0102\u021aII. Obiective Generale Dezvoltarea unui plan personalizat \u0219i adaptabil pentru gestionarea obezit\u0103\u021bii, care s\u0103 includ\u0103 aspecte legate de kinetoterapie, nutri\u021bie, analize medicale, tratament integrativ \u0219i psihoterapie. Promovarea unui angajament pe termen lung fa\u021b\u0103 de un stil de via\u021b\u0103 s\u0103n\u0103tos \u0219i de schimbare continu\u0103. Etapa 1: Evaluare Ini\u021bial\u0103 \u0219i Planificare [...]","protected":false},"author":1,"featured_media":0,"parent":2814,"menu_order":0,"comment_status":"closed","ping_status":"closed","template":"","meta":[],"_links":{"self":[{"href":"https:\/\/vip-consult.ro\/en\/wp-json\/wp\/v2\/pages\/2799"}],"collection":[{"href":"https:\/\/vip-consult.ro\/en\/wp-json\/wp\/v2\/pages"}],"about":[{"href":"https:\/\/vip-consult.ro\/en\/wp-json\/wp\/v2\/types\/page"}],"author":[{"embeddable":true,"href":"https:\/\/vip-consult.ro\/en\/wp-json\/wp\/v2\/users\/1"}],"replies":[{"embeddable":true,"href":"https:\/\/vip-consult.ro\/en\/wp-json\/wp\/v2\/comments?post=2799"}],"version-history":[{"count":7,"href":"https:\/\/vip-consult.ro\/en\/wp-json\/wp\/v2\/pages\/2799\/revisions"}],"predecessor-version":[{"id":2813,"href":"https:\/\/vip-consult.ro\/en\/wp-json\/wp\/v2\/pages\/2799\/revisions\/2813"}],"up":[{"embeddable":true,"href":"https:\/\/vip-consult.ro\/en\/wp-json\/wp\/v2\/pages\/2814"}],"wp:attachment":[{"href":"https:\/\/vip-consult.ro\/en\/wp-json\/wp\/v2\/media?parent=2799"}],"curies":[{"name":"wp","href":"https:\/\/api.w.org\/{rel}","templated":true}]}}