{"id":2586,"date":"2024-02-09T00:30:15","date_gmt":"2024-02-08T22:30:15","guid":{"rendered":"https:\/\/vip-consult.ro\/?page_id=2586"},"modified":"2024-11-22T08:59:11","modified_gmt":"2024-11-22T06:59:11","slug":"apiterapie-2","status":"publish","type":"page","link":"https:\/\/vip-consult.ro\/en\/servicii\/apiterapie-2\/","title":{"rendered":"Apiterapie"},"content":{"rendered":"<div class=\"wpb-content-wrapper\"><section id=\"4420\" class=\"container-fluid vntd-section-default section-fullwidth\"><div class=\"vc_row wpb_row\"><div class=\"inner fullwidth\"><div class=\"wpb_column vc_column_container vc_col-sm-12\"><div class=\"vc_column-inner\"><div class=\"wpb_wrapper\">\n\t<div class=\"wpb_single_image wpb_content_element vc_align_center\">\n\t\t<div class=\"wpb_wrapper\">\n\t\t\t\n\t\t\t<div class=\"vc_single_image-wrapper   vc_box_border_grey\"><img width=\"554\" height=\"369\" src=\"https:\/\/vip-consult.ro\/wp-content\/uploads\/2024\/02\/apiterapia.jpg\" class=\"vc_single_image-img attachment-full\" alt=\"\" decoding=\"async\" loading=\"lazy\" title=\"apiterapia\" srcset=\"https:\/\/vip-consult.ro\/wp-content\/uploads\/2024\/02\/apiterapia.jpg 554w, https:\/\/vip-consult.ro\/wp-content\/uploads\/2024\/02\/apiterapia-300x200.jpg 300w, https:\/\/vip-consult.ro\/wp-content\/uploads\/2024\/02\/apiterapia-450x300.jpg 450w\" sizes=\"(max-width: 554px) 100vw, 554px\" \/><\/div>\n\t\t<\/div>\n\t<\/div>\n<\/div><\/div><\/div><\/div><\/div><\/section><section id=\"6999\" class=\"container-fluid vntd-section-default section-default-width\"><div class=\"vc_row wpb_row  vc_custom_1706000667389\"><div class=\"inner\"><div class=\"wpb_column vc_column_container vc_col-sm-3\"><div class=\"vc_column-inner\"><div class=\"wpb_wrapper\">\n\t<div class=\"wpb_single_image wpb_content_element vc_align_left  wpb_animate_when_almost_visible wpb_fadeIn fadeIn\">\n\t\t<div class=\"wpb_wrapper\">\n\t\t\t\n\t\t\t<div class=\"vc_single_image-wrapper vc_box_shadow_border  vc_box_border_grey\"><img width=\"600\" height=\"399\" src=\"https:\/\/vip-consult.ro\/wp-content\/uploads\/2024\/02\/Albina.webp\" class=\"vc_single_image-img attachment-large\" alt=\"\" decoding=\"async\" loading=\"lazy\" title=\"Albina\" srcset=\"https:\/\/vip-consult.ro\/wp-content\/uploads\/2024\/02\/Albina.webp 600w, https:\/\/vip-consult.ro\/wp-content\/uploads\/2024\/02\/Albina-300x200.webp 300w, https:\/\/vip-consult.ro\/wp-content\/uploads\/2024\/02\/Albina-450x299.webp 450w\" sizes=\"(max-width: 600px) 100vw, 600px\" \/><\/div>\n\t\t<\/div>\n\t<\/div>\n<\/div><\/div><\/div><div class=\"wpb_column vc_column_container vc_col-sm-9\"><div class=\"vc_column-inner\"><div class=\"wpb_wrapper\"><div id=\"ultimate-heading-507369f5deac91dc7\" class=\"uvc-heading ult-adjust-bottom-margin ultimate-heading-507369f5deac91dc7 uvc-9164\" data-hspacer=\"line_only\"  data-halign=\"left\" style=\"text-align:left\"><div class=\"uvc-main-heading ult-responsive\"  data-ultimate-target='.uvc-heading.ultimate-heading-507369f5deac91dc7 h2'  data-responsive-json-new='{\"font-size\":\"\",\"line-height\":\"\"}' ><h2 style=\"font-weight:normal;\">Apiterapie<\/h2><\/div><div class=\"uvc-heading-spacer line_only\" style=\"margin-bottom:20px;height:1px;\"><span class=\"uvc-headings-line\" style=\"border-style:solid;border-bottom-width:1px;border-color:#ccc;width:autopx;\"><\/span><\/div><\/div>\n\t<div class=\"wpb_text_column wpb_content_element  wpb_animate_when_almost_visible wpb_fadeInRight fadeInRight\" >\n\t\t<div class=\"wpb_wrapper\">\n\t\t\t<p><strong>Apiterapia sau terapia cu produse apicole utilizeaza produse ale stupului: miere, pastura, ceara, polen, laptisor de matca, propolis, venin de albine, larvele de matc\u0103, apilarninul \u0219i chiar aerul de stup \u0219i zumzetul albinelor.<\/strong><\/p>\n<p>In traditia populara, mierea i produele stupului sunt folosite de ute de ani pentru proprietatile lor calmante, curative, antiseptice si de preventie.<\/p>\n<p>Clinica VIP CONSULT va ofera cele mai bune solutii in a alege\u00a0<strong>produse\u00a0 apicole<\/strong> potrivite pentru fiecare afectiune, tinand cont de calitatile lor specifice:<\/p>\n<p>propolisul este un puternic agent antibacterian<\/p>\n<p>polenul, folosit \u00een loc de supliment cu multivitamine \u0219i minerale<\/p>\n<p>p\u0103stura poate face minuni \u00een caz de hepatit\u0103, afec\u021biuni digestive, afec\u021biuni cardiovasculare sau neurologice prin continutul in lactobacili<\/p>\n<p>veninul de albine,\u00a0 folosit \u00een mod tradi\u021bional pentru a trata boli inflamatorii (reumatismul),\u00a0 ca adjuvant \u00een tratamentul tulbur\u0103rilor neurologice, astmului \u0219i bolilor infec\u021bioase (malaria), avand, conform unor cercet\u0103ri recente, ac\u021biune antitumoral\u0103 prin continutul de melitina \u0219i fosfolipaza A2<\/p>\n<p>mierea, cel mai bun indulcitor natural, are \u0219i efecte puternic calmante, antiseptice, coagulante \u0219i antioxidante<\/p>\n<p>ceara de albine, pentru \u00eengrijirea pielii, \u00een special \u00een caz de afec\u021biuni dermatologice, irita\u021bii, eczeme, erup\u021bii cutanate, dermatit\u0103 \u0219i psoriazis<\/p>\n<p>l\u0103pti\u0219orul de matc\u0103, cu efecte antibacteriene, antitumorale, antialergice, antiinflamatorii \u0219i imunomodulatoare<\/p>\n<p>larvele de matc\u0103 con\u021bin \u00een pielea provizorie multiple substan\u021be cu rol antiviral<\/p>\n<p>zumzetul albinelor \u00een stup este echilibrat ca nivel al decibelilor, av\u00e2nd astfel un efect calmant, de inducere a somnolen\u021bei, de reducere a anxiet\u0103\u021bii \u0219i agita\u021biei<\/p>\n<p>&nbsp;<\/p>\n<p>&nbsp;<\/p>\n\n\t\t<\/div>\n\t<\/div>\n<\/div><\/div><\/div><\/div><\/div><\/section><section id=\"168\" class=\"container-fluid vntd-section-default section-default-width\"><div class=\"vc_row wpb_row\"><div class=\"inner\"><div class=\"wpb_column vc_column_container vc_col-sm-12\"><div class=\"vc_column-inner\"><div class=\"wpb_wrapper\"><section class=\"vc_cta3-container\"><div class=\"vc_general vc_cta3 vc_cta3-style-classic vc_cta3-shape-rounded vc_cta3-align-left vc_cta3-color-classic vc_cta3-icon-size-md vc_cta3-actions-right  wpb_animate_when_almost_visible wpb_bounceIn bounceIn\"><div class=\"vc_cta3_content-container\"><div class=\"vc_cta3-content\"><header class=\"vc_cta3-content-header\"><h2>Solicit\u0103 o programare<\/h2><h4>Primul pas spre men\u021binerea ideal\u0103 a s\u0103n\u0103t\u0103\u021bii este o vizit\u0103 la speciali\u0219ti. V\u0103 invit\u0103m!<\/h4><\/header><p>Prin intermediul platformei de program\u0103ri VIP-Consult pute\u021bi solicita o programare.<\/p>\n<p><strong>Alege\u021bi data \u0219i intervalul orar dorit,<\/strong> men\u021biona\u021bi c\u00e2teva detalii despre ce va intereseaz\u0103 \u0219i imediat un consultant VIP-Consult v\u0103 va contacta pentru a confirma disponibilitatea intervalului solicitat.<\/p>\n<\/div><div class=\"vc_cta3-actions\"><div class=\"vc_btn3-container vc_btn3-inline\" ><a class=\"vc_general vc_btn3 vc_btn3-size-md vc_btn3-shape-rounded vc_btn3-style-modern vc_btn3-icon-left vc_btn3-color-purple\" href=\"https:\/\/vip-consult.ro\/en\/programari\/\" title=\"Programari\"><i class=\"vc_btn3-icon fas fa-clinic-medical\"><\/i> Programare<\/a><\/div><\/div><\/div><\/div><\/section><\/div><\/div><\/div><\/div><\/div><\/section>\n<\/div>","protected":false},"excerpt":{"rendered":"Apiterapie Apiterapia sau terapia cu produse apicole utilizeaza produse ale stupului: miere, pastura, ceara, polen, laptisor de matca, propolis, venin de albine, larvele de matc\u0103, apilarninul \u0219i chiar aerul de stup \u0219i zumzetul albinelor. In traditia populara, mierea i produele stupului sunt folosite de ute de ani pentru proprietatile lor calmante, curative, antiseptice si de preventie. Clinica VIP CONSULT va ofera cele mai bune solutii in a alege\u00a0produse\u00a0 apicole potrivite [...]","protected":false},"author":1,"featured_media":0,"parent":2077,"menu_order":0,"comment_status":"closed","ping_status":"closed","template":"","meta":[],"_links":{"self":[{"href":"https:\/\/vip-consult.ro\/en\/wp-json\/wp\/v2\/pages\/2586"}],"collection":[{"href":"https:\/\/vip-consult.ro\/en\/wp-json\/wp\/v2\/pages"}],"about":[{"href":"https:\/\/vip-consult.ro\/en\/wp-json\/wp\/v2\/types\/page"}],"author":[{"embeddable":true,"href":"https:\/\/vip-consult.ro\/en\/wp-json\/wp\/v2\/users\/1"}],"replies":[{"embeddable":true,"href":"https:\/\/vip-consult.ro\/en\/wp-json\/wp\/v2\/comments?post=2586"}],"version-history":[{"count":2,"href":"https:\/\/vip-consult.ro\/en\/wp-json\/wp\/v2\/pages\/2586\/revisions"}],"predecessor-version":[{"id":2923,"href":"https:\/\/vip-consult.ro\/en\/wp-json\/wp\/v2\/pages\/2586\/revisions\/2923"}],"up":[{"embeddable":true,"href":"https:\/\/vip-consult.ro\/en\/wp-json\/wp\/v2\/pages\/2077"}],"wp:attachment":[{"href":"https:\/\/vip-consult.ro\/en\/wp-json\/wp\/v2\/media?parent=2586"}],"curies":[{"name":"wp","href":"https:\/\/api.w.org\/{rel}","templated":true}]}}