{"id":2585,"date":"2024-02-09T01:16:38","date_gmt":"2024-02-08T23:16:38","guid":{"rendered":"https:\/\/vip-consult.ro\/?page_id=2585"},"modified":"2024-11-22T09:02:31","modified_gmt":"2024-11-22T07:02:31","slug":"homeopatia-2","status":"publish","type":"page","link":"https:\/\/vip-consult.ro\/en\/servicii\/homeopatia-2\/","title":{"rendered":"Homeopatia"},"content":{"rendered":"<div class=\"wpb-content-wrapper\"><section id=\"22\" class=\"container-fluid vntd-section-default section-fullwidth\"><div class=\"vc_row wpb_row\"><div class=\"inner fullwidth\"><div class=\"wpb_column vc_column_container vc_col-sm-12\"><div class=\"vc_column-inner\"><div class=\"wpb_wrapper\">\n\t<div class=\"wpb_single_image wpb_content_element vc_align_center\">\n\t\t<div class=\"wpb_wrapper\">\n\t\t\t\n\t\t\t<div class=\"vc_single_image-wrapper   vc_box_border_grey\"><img width=\"1000\" height=\"667\" src=\"https:\/\/vip-consult.ro\/wp-content\/uploads\/2024\/01\/homeopatia.jpg\" class=\"vc_single_image-img attachment-full\" alt=\"\" decoding=\"async\" loading=\"lazy\" title=\"homeopatia\" srcset=\"https:\/\/vip-consult.ro\/wp-content\/uploads\/2024\/01\/homeopatia.jpg 1000w, https:\/\/vip-consult.ro\/wp-content\/uploads\/2024\/01\/homeopatia-300x200.jpg 300w, https:\/\/vip-consult.ro\/wp-content\/uploads\/2024\/01\/homeopatia-768x512.jpg 768w, https:\/\/vip-consult.ro\/wp-content\/uploads\/2024\/01\/homeopatia-880x587.jpg 880w, https:\/\/vip-consult.ro\/wp-content\/uploads\/2024\/01\/homeopatia-450x300.jpg 450w\" sizes=\"(max-width: 1000px) 100vw, 1000px\" \/><\/div>\n\t\t<\/div>\n\t<\/div>\n<\/div><\/div><\/div><\/div><\/div><\/section><section id=\"7012\" class=\"container-fluid vntd-section-default section-default-width\"><div class=\"vc_row wpb_row  vc_custom_1706000667389\"><div class=\"inner\"><div class=\"wpb_column vc_column_container vc_col-sm-6\"><div class=\"vc_column-inner\"><div class=\"wpb_wrapper\">\n\t<div class=\"wpb_single_image wpb_content_element vc_align_left  wpb_animate_when_almost_visible wpb_fadeIn fadeIn\">\n\t\t<div class=\"wpb_wrapper\">\n\t\t\t\n\t\t\t<div class=\"vc_single_image-wrapper vc_box_shadow_border  vc_box_border_grey\"><img width=\"275\" height=\"183\" src=\"https:\/\/vip-consult.ro\/wp-content\/uploads\/2024\/01\/homeop.jpg\" class=\"vc_single_image-img attachment-large\" alt=\"\" decoding=\"async\" loading=\"lazy\" title=\"homeop\" \/><\/div>\n\t\t<\/div>\n\t<\/div>\n<\/div><\/div><\/div><div class=\"wpb_column vc_column_container vc_col-sm-6\"><div class=\"vc_column-inner\"><div class=\"wpb_wrapper\"><div id=\"ultimate-heading-168469f2f89af061e\" class=\"uvc-heading ult-adjust-bottom-margin ultimate-heading-168469f2f89af061e uvc-9359\" data-hspacer=\"line_only\"  data-halign=\"left\" style=\"text-align:left\"><div class=\"uvc-main-heading ult-responsive\"  data-ultimate-target='.uvc-heading.ultimate-heading-168469f2f89af061e h2'  data-responsive-json-new='{\"font-size\":\"\",\"line-height\":\"\"}' ><h2 style=\"font-weight:normal;\">Homeopatia<\/h2><\/div><div class=\"uvc-heading-spacer line_only\" style=\"margin-bottom:20px;height:1px;\"><span class=\"uvc-headings-line\" style=\"border-style:solid;border-bottom-width:1px;border-color:#ccc;width:autopx;\"><\/span><\/div><\/div>\n\t<div class=\"wpb_text_column wpb_content_element  wpb_animate_when_almost_visible wpb_fadeInRight fadeInRight\" >\n\t\t<div class=\"wpb_wrapper\">\n\t\t\t<h4>Homeopatia este o metoda terapeutica care consta in administrarea de remedii in doze mici sau infinitezimale cu scopul de a stimula capacitatea de autovindecare a organismului.<\/h4>\n<p>Avand o abordare diferita in ceea ce priveste\u00a0 \u00een\u021belegerea fenomenelor de s\u0103n\u0103tate \u0219i boal\u0103, mecanismele prin care fiin\u021bele umane se \u00eemboln\u0103vesc, obiceiurile de via\u021b\u0103 \u0219i modul de a g\u00e2ndi, sim\u021bi \u0219i tr\u0103i al fiec\u0103ruia, homeopatia ne ofera o metoda alternativa de prevenire si tratare atat a afectiunilor acute cat si cronice, ca de exemplu:\u00a0tumori si recidive tumorale, noduli, chisturi \u2013cu diverse localizari, fibroame, ciroze hepatice, hepatite cornice si virale (B,C,D), afectiuni dermatologice (tratament acnee, tratament alergie, tratament vitiligo, tratament psoriazis, etc &#8230;), imunologice ( tratament sclerodermie, tratament spondilita, tratament tiroidita autoimuna, tratament boli autoimune, tratament boli imunologice, etc&#8230;), metabolicee ( tratament diabet, etc &#8230; ), osoase, urinare, genitale, abdominale, endocrinologice, circulatorii (tratament varice, tratament hemoroizi, etc &#8230;), neurologice (tratament scleroza multipla, tratament borelioza, etc &#8230; ), autism, etc, utilizand principiul individualizarii.<\/p>\n\n\t\t<\/div>\n\t<\/div>\n<\/div><\/div><\/div><\/div><\/div><\/section><section id=\"8260\" class=\"container-fluid vntd-section-default section-default-width\"><div class=\"vc_row wpb_row\"><div class=\"inner\"><div class=\"wpb_column vc_column_container vc_col-sm-12\"><div class=\"vc_column-inner\"><div class=\"wpb_wrapper\">\n\t<div class=\"wpb_text_column wpb_content_element\" >\n\t\t<div class=\"wpb_wrapper\">\n\t\t\t<p>La VIP Consult, specialistii nostrii, pe l\u00e2ng\u0103 istoricul medical conven\u021bional care trebuie efectuat mereu de catre medici, obtin \u0219i alte informa\u021bii care\u00a0 ajut\u0103 la g\u0103sirea remediului homeopat potrivit pentru fiecare caz.<\/p>\n\n\t\t<\/div>\n\t<\/div>\n<\/div><\/div><\/div><\/div><\/div><\/section><section id=\"2549\" class=\"container-fluid vntd-section-default section-default-width\"><div class=\"vc_row wpb_row\"><div class=\"inner\"><div class=\"wpb_column vc_column_container vc_col-sm-12\"><div class=\"vc_column-inner\"><div class=\"wpb_wrapper\"><section class=\"vc_cta3-container\"><div class=\"vc_general vc_cta3 vc_cta3-style-classic vc_cta3-shape-rounded vc_cta3-align-left vc_cta3-color-classic vc_cta3-icon-size-md vc_cta3-actions-right  wpb_animate_when_almost_visible wpb_bounceIn bounceIn\"><div class=\"vc_cta3_content-container\"><div class=\"vc_cta3-content\"><header class=\"vc_cta3-content-header\"><h2>Solicit\u0103 o programare<\/h2><h4>Primul pas spre men\u021binerea ideal\u0103 a s\u0103n\u0103t\u0103\u021bii este o vizit\u0103 la speciali\u0219ti. V\u0103 invit\u0103m!<\/h4><\/header><p>Prin intermediul platformei de program\u0103ri VIP-Consult pute\u021bi solicita o programare.<\/p>\n<p><strong>Alege\u021bi data \u0219i intervalul orar dorit,<\/strong> men\u021biona\u021bi c\u00e2teva detalii despre ce va intereseaz\u0103 \u0219i imediat un consultant VIP-Consult v\u0103 va contacta pentru a confirma disponibilitatea intervalului solicitat.<\/p>\n<\/div><div class=\"vc_cta3-actions\"><div class=\"vc_btn3-container vc_btn3-inline\" ><a class=\"vc_general vc_btn3 vc_btn3-size-md vc_btn3-shape-rounded vc_btn3-style-modern vc_btn3-icon-left vc_btn3-color-purple\" href=\"https:\/\/vip-consult.ro\/en\/programari\/\" title=\"Programari\"><i class=\"vc_btn3-icon fas fa-clinic-medical\"><\/i> Programare<\/a><\/div><\/div><\/div><\/div><\/section><\/div><\/div><\/div><\/div><\/div><\/section>\n<\/div>","protected":false},"excerpt":{"rendered":"Homeopatia Homeopatia este o metoda terapeutica care consta in administrarea de remedii in doze mici sau infinitezimale cu scopul de a stimula capacitatea de autovindecare a organismului. Avand o abordare diferita in ceea ce priveste\u00a0 \u00een\u021belegerea fenomenelor de s\u0103n\u0103tate \u0219i boal\u0103, mecanismele prin care fiin\u021bele umane se \u00eemboln\u0103vesc, obiceiurile de via\u021b\u0103 \u0219i modul de a g\u00e2ndi, sim\u021bi \u0219i tr\u0103i al fiec\u0103ruia, homeopatia ne ofera o metoda alternativa de prevenire si [...]","protected":false},"author":1,"featured_media":0,"parent":2077,"menu_order":0,"comment_status":"closed","ping_status":"closed","template":"","meta":[],"_links":{"self":[{"href":"https:\/\/vip-consult.ro\/en\/wp-json\/wp\/v2\/pages\/2585"}],"collection":[{"href":"https:\/\/vip-consult.ro\/en\/wp-json\/wp\/v2\/pages"}],"about":[{"href":"https:\/\/vip-consult.ro\/en\/wp-json\/wp\/v2\/types\/page"}],"author":[{"embeddable":true,"href":"https:\/\/vip-consult.ro\/en\/wp-json\/wp\/v2\/users\/1"}],"replies":[{"embeddable":true,"href":"https:\/\/vip-consult.ro\/en\/wp-json\/wp\/v2\/comments?post=2585"}],"version-history":[{"count":3,"href":"https:\/\/vip-consult.ro\/en\/wp-json\/wp\/v2\/pages\/2585\/revisions"}],"predecessor-version":[{"id":2934,"href":"https:\/\/vip-consult.ro\/en\/wp-json\/wp\/v2\/pages\/2585\/revisions\/2934"}],"up":[{"embeddable":true,"href":"https:\/\/vip-consult.ro\/en\/wp-json\/wp\/v2\/pages\/2077"}],"wp:attachment":[{"href":"https:\/\/vip-consult.ro\/en\/wp-json\/wp\/v2\/media?parent=2585"}],"curies":[{"name":"wp","href":"https:\/\/api.w.org\/{rel}","templated":true}]}}