{"id":2575,"date":"2024-02-08T23:00:45","date_gmt":"2024-02-08T21:00:45","guid":{"rendered":"https:\/\/vip-consult.ro\/?page_id=2575"},"modified":"2024-11-22T09:05:35","modified_gmt":"2024-11-22T07:05:35","slug":"medicina-biologica-2","status":"publish","type":"page","link":"https:\/\/vip-consult.ro\/en\/servicii\/medicina-biologica-2\/","title":{"rendered":"Medicina Biologica"},"content":{"rendered":"<div class=\"wpb-content-wrapper\"><section id=\"9107\" class=\"container-fluid vntd-section-default section-default-width\"><div class=\"vc_row wpb_row\"><div class=\"inner\"><div class=\"wpb_column vc_column_container vc_col-sm-12\"><div class=\"vc_column-inner\"><div class=\"wpb_wrapper\"><div class=\"ult-new-ib ult-ib-effect-style1  ult-ib-resp\" data-min-width=\"768\" data-max-width=\"900\" style=\"\" data-opacity=\"1\" data-hover-opacity=\"1\" ><img class=\"ult-new-ib-img\" style=\"opacity:1;\" alt=\"null\" src=\"https:\/\/vip-consult.ro\/wp-content\/uploads\/2024\/03\/super-vip-2.jpg\"   \/><div id=\"interactive-banner-wrap-5890\" class=\"ult-new-ib-desc\" style=\"\"><h2 class=\"ult-new-ib-title ult-responsive\"  data-ultimate-target='#interactive-banner-wrap-5890 .ult-new-ib-title'  data-responsive-json-new='{\"font-size\":\"\",\"line-height\":\"\"}'  style=\"font-weight:normal;\"><\/h2><\/div><\/div><script type=\"text\/javascript\">\r\n\t\t\t(function($){\r\n\t\t\t\t$(document).ready(function(){\r\n\t\t\t\t\t$(\".ult-new-ib\").css(\"opacity\",\"1\");\r\n\t\t\t\t});\r\n\t\t\t})(jQuery);\r\n\t\t\t<\/script><\/div><\/div><\/div><\/div><\/div><\/section><section id=\"323\" class=\"container-fluid vntd-section-default section-default-width\"><div class=\"vc_row wpb_row  vc_custom_1706000667389\"><div class=\"inner\"><div class=\"wpb_column vc_column_container vc_col-sm-3\"><div class=\"vc_column-inner\"><div class=\"wpb_wrapper\">\n\t<div class=\"wpb_single_image wpb_content_element vc_align_left  wpb_animate_when_almost_visible wpb_fadeIn fadeIn\">\n\t\t<div class=\"wpb_wrapper\">\n\t\t\t\n\t\t\t<div class=\"vc_single_image-wrapper vc_box_shadow_border  vc_box_border_grey\"><img width=\"318\" height=\"159\" src=\"https:\/\/vip-consult.ro\/wp-content\/uploads\/2024\/01\/suflet.jpg\" class=\"vc_single_image-img attachment-large\" alt=\"\" decoding=\"async\" loading=\"lazy\" title=\"suflet\" srcset=\"https:\/\/vip-consult.ro\/wp-content\/uploads\/2024\/01\/suflet.jpg 318w, https:\/\/vip-consult.ro\/wp-content\/uploads\/2024\/01\/suflet-300x150.jpg 300w\" sizes=\"(max-width: 318px) 100vw, 318px\" \/><\/div>\n\t\t<\/div>\n\t<\/div>\n<\/div><\/div><\/div><div class=\"wpb_column vc_column_container vc_col-sm-9\"><div class=\"vc_column-inner\"><div class=\"wpb_wrapper\"><div id=\"ultimate-heading-33569f3f9f438fcb\" class=\"uvc-heading ult-adjust-bottom-margin ultimate-heading-33569f3f9f438fcb uvc-9672\" data-hspacer=\"line_only\"  data-halign=\"left\" style=\"text-align:left\"><div class=\"uvc-main-heading ult-responsive\"  data-ultimate-target='.uvc-heading.ultimate-heading-33569f3f9f438fcb h2'  data-responsive-json-new='{\"font-size\":\"\",\"line-height\":\"\"}' ><h2 style=\"font-weight:normal;\">Medicina Biologica<\/h2><\/div><div class=\"uvc-heading-spacer line_only\" style=\"margin-bottom:20px;height:1px;\"><span class=\"uvc-headings-line\" style=\"border-style:solid;border-bottom-width:1px;border-color:#ccc;width:autopx;\"><\/span><\/div><\/div>\n\t<div class=\"wpb_text_column wpb_content_element  wpb_animate_when_almost_visible wpb_fadeInRight fadeInRight\" >\n\t\t<div class=\"wpb_wrapper\">\n\t\t\t<p><strong>Medicina biologic\u0103 nu se refer\u0103 la tratarea bolilor, ci a bolnavilor, \u00een reac\u021biile lor particulare, \u00een func\u021bie de diferitele lor tipuri constitu\u021bionale.<\/strong><\/p>\n<p>Medicina biologic\u0103 este o metod\u0103 integrativ\u0103 care combin\u0103 cele mai moderne metode de diagnostic cu metodele tradi\u021bionale de vindecare naturala. De asemenea integreaz\u0103 \u0219i stomatologia datorit\u0103 rela\u021biei extrem de str\u00e2nse \u00eentre din\u021bi \u0219i starea de s\u0103n\u0103tate.<\/p>\n<p>Medicina biologic\u0103 integreaz\u0103 cuno\u0219tin\u021bele din diferite sisteme de vindecare natural\u0103 \u0219i \u00eenv\u0103\u021b\u0103turi filosofice \u00eentr-o form\u0103 de tratament medical care abordeaz\u0103 pacientul \u00een ansamblu, \u021bin\u00e2nd cont de procesele dinamice ale acestuia. Nu este pur \u0219i simplu o form\u0103 de tratament cu remedii naturale \u00een loc de medicamente chimice, ci o aducere din urma a pacientului \u00eentr-o leg\u0103tur\u0103 dinamic\u0103 cu procesele de reglementare \u0219i deci cu ritmurile Naturii \u0219i P\u0103m\u00e2ntului.<\/p>\n<p>Mediul intern sau terenul, ideea central\u0103 a MB, trebuie s\u0103 fie echilibrat, astfel \u00eenc\u00e2t formele endobiontice s\u0103 nu poat\u0103 evolua catre forme de valente inalte, patogene care s\u0103 duc\u0103 la apari\u021bia diferitelor afec\u021biuni. (Enderlein)<\/p>\n\n\t\t<\/div>\n\t<\/div>\n\n\t<div class=\"wpb_text_column wpb_content_element\" >\n\t\t<div class=\"wpb_wrapper\">\n\t\t\t<p>In medicina biologic\u0103 vindecarea este definit\u0103 ca o capacitate de reglare \u0219i restaurare a organismului<\/p>\n<p>Aceasta se ob\u021bine prin \u00eenl\u0103turarea blocajelor emo\u021bionale \u0219i fizice, prin metodele de detoxifiere, de activare a sistemului imun, de stimulare a capacit\u0103\u021bii de vindecare proprii la toate nivelele (fizic, emotional, mental, spiritual), ducand astfel la regenerarea si vindecarea nu doar a corpului fizic ci si a mintii si spiritului.<\/p>\n\n\t\t<\/div>\n\t<\/div>\n<\/div><\/div><\/div><\/div><\/div><\/section><section id=\"5436\" class=\"container-fluid vntd-section-default section-default-width\"><div class=\"vc_row wpb_row\"><div class=\"inner\"><div class=\"wpb_column vc_column_container vc_col-sm-12\"><div class=\"vc_column-inner\"><div class=\"wpb_wrapper\"><section class=\"vc_cta3-container\"><div class=\"vc_general vc_cta3 vc_cta3-style-classic vc_cta3-shape-rounded vc_cta3-align-left vc_cta3-color-classic vc_cta3-icon-size-md vc_cta3-actions-right  wpb_animate_when_almost_visible wpb_bounceIn bounceIn\"><div class=\"vc_cta3_content-container\"><div class=\"vc_cta3-content\"><header class=\"vc_cta3-content-header\"><h2>Solicit\u0103 o programare<\/h2><h4>Primul pas spre men\u021binerea ideal\u0103 a s\u0103n\u0103t\u0103\u021bii este o vizit\u0103 la speciali\u0219ti. V\u0103 invit\u0103m!<\/h4><\/header><p>Prin intermediul platformei de program\u0103ri VIP-Consult pute\u021bi solicita o programare.<\/p>\n<p><strong>Alege\u021bi data \u0219i intervalul orar dorit,<\/strong> men\u021biona\u021bi c\u00e2teva detalii despre ce va intereseaz\u0103 \u0219i imediat un consultant VIP-Consult v\u0103 va contacta pentru a confirma disponibilitatea intervalului solicitat.<\/p>\n<\/div><div class=\"vc_cta3-actions\"><div class=\"vc_btn3-container vc_btn3-inline\" ><a class=\"vc_general vc_btn3 vc_btn3-size-md vc_btn3-shape-rounded vc_btn3-style-modern vc_btn3-icon-left vc_btn3-color-purple\" href=\"https:\/\/vip-consult.ro\/en\/programari\/\" title=\"Programari\"><i class=\"vc_btn3-icon fas fa-clinic-medical\"><\/i> Programare<\/a><\/div><\/div><\/div><\/div><\/section><\/div><\/div><\/div><\/div><\/div><\/section>\n<\/div>","protected":false},"excerpt":{"rendered":"Medicina Biologica Medicina biologic\u0103 nu se refer\u0103 la tratarea bolilor, ci a bolnavilor, \u00een reac\u021biile lor particulare, \u00een func\u021bie de diferitele lor tipuri constitu\u021bionale. Medicina biologic\u0103 este o metod\u0103 integrativ\u0103 care combin\u0103 cele mai moderne metode de diagnostic cu metodele tradi\u021bionale de vindecare naturala. De asemenea integreaz\u0103 \u0219i stomatologia datorit\u0103 rela\u021biei extrem de str\u00e2nse \u00eentre din\u021bi \u0219i starea de s\u0103n\u0103tate. Medicina biologic\u0103 integreaz\u0103 cuno\u0219tin\u021bele din diferite sisteme de vindecare natural\u0103 [...]","protected":false},"author":1,"featured_media":0,"parent":2077,"menu_order":0,"comment_status":"closed","ping_status":"closed","template":"","meta":[],"_links":{"self":[{"href":"https:\/\/vip-consult.ro\/en\/wp-json\/wp\/v2\/pages\/2575"}],"collection":[{"href":"https:\/\/vip-consult.ro\/en\/wp-json\/wp\/v2\/pages"}],"about":[{"href":"https:\/\/vip-consult.ro\/en\/wp-json\/wp\/v2\/types\/page"}],"author":[{"embeddable":true,"href":"https:\/\/vip-consult.ro\/en\/wp-json\/wp\/v2\/users\/1"}],"replies":[{"embeddable":true,"href":"https:\/\/vip-consult.ro\/en\/wp-json\/wp\/v2\/comments?post=2575"}],"version-history":[{"count":4,"href":"https:\/\/vip-consult.ro\/en\/wp-json\/wp\/v2\/pages\/2575\/revisions"}],"predecessor-version":[{"id":2941,"href":"https:\/\/vip-consult.ro\/en\/wp-json\/wp\/v2\/pages\/2575\/revisions\/2941"}],"up":[{"embeddable":true,"href":"https:\/\/vip-consult.ro\/en\/wp-json\/wp\/v2\/pages\/2077"}],"wp:attachment":[{"href":"https:\/\/vip-consult.ro\/en\/wp-json\/wp\/v2\/media?parent=2575"}],"curies":[{"name":"wp","href":"https:\/\/api.w.org\/{rel}","templated":true}]}}