{"id":2484,"date":"2024-01-29T12:42:53","date_gmt":"2024-01-29T12:42:53","guid":{"rendered":"https:\/\/vip-consult.ro\/?page_id=2484"},"modified":"2024-11-22T09:00:37","modified_gmt":"2024-11-22T07:00:37","slug":"ecografie","status":"publish","type":"page","link":"https:\/\/vip-consult.ro\/en\/servicii\/ecografie\/","title":{"rendered":"Ecografie"},"content":{"rendered":"<div class=\"wpb-content-wrapper\"><section id=\"2724\" class=\"container-fluid vntd-section-default section-default-width\"><div class=\"vc_row wpb_row\"><div class=\"inner\"><div class=\"wpb_column vc_column_container vc_col-sm-12\"><div class=\"vc_column-inner\"><div class=\"wpb_wrapper\"><div class=\"ult-new-ib ult-ib-effect-style1  ult-ib-resp\" data-min-width=\"768\" data-max-width=\"900\" style=\"\" data-opacity=\"1\" data-hover-opacity=\"1\" ><img class=\"ult-new-ib-img\" style=\"opacity:1;\" alt=\"null\" src=\"https:\/\/vip-consult.ro\/wp-content\/uploads\/2024\/03\/super-vip-2.jpg\"   \/><div id=\"interactive-banner-wrap-2439\" class=\"ult-new-ib-desc\" style=\"\"><h2 class=\"ult-new-ib-title ult-responsive\"  data-ultimate-target='#interactive-banner-wrap-2439 .ult-new-ib-title'  data-responsive-json-new='{\"font-size\":\"\",\"line-height\":\"\"}'  style=\"font-weight:normal;\"><\/h2><\/div><\/div><script type=\"text\/javascript\">\r\n\t\t\t(function($){\r\n\t\t\t\t$(document).ready(function(){\r\n\t\t\t\t\t$(\".ult-new-ib\").css(\"opacity\",\"1\");\r\n\t\t\t\t});\r\n\t\t\t})(jQuery);\r\n\t\t\t<\/script><\/div><\/div><\/div><\/div><\/div><\/section><section id=\"5279\" class=\"container-fluid vntd-section-default section-default-width\"><div class=\"vc_row wpb_row  vc_custom_1706000667389\"><div class=\"inner\"><div class=\"wpb_column vc_column_container vc_col-sm-3\"><div class=\"vc_column-inner\"><div class=\"wpb_wrapper\">\n\t<div class=\"wpb_single_image wpb_content_element vc_align_left  wpb_animate_when_almost_visible wpb_fadeIn fadeIn\">\n\t\t<div class=\"wpb_wrapper\">\n\t\t\t\n\t\t\t<div class=\"vc_single_image-wrapper vc_box_shadow_border  vc_box_border_grey\"><img width=\"1024\" height=\"683\" src=\"https:\/\/vip-consult.ro\/wp-content\/uploads\/2024\/03\/men-examining-his-thyroid-with-ultrasound-2023-11-27-04-50-53-utc-1024x683.jpg\" class=\"vc_single_image-img attachment-large\" alt=\"\" decoding=\"async\" loading=\"lazy\" title=\"Men examining his thyroid with ultrasound\" srcset=\"https:\/\/vip-consult.ro\/wp-content\/uploads\/2024\/03\/men-examining-his-thyroid-with-ultrasound-2023-11-27-04-50-53-utc-1024x683.jpg 1024w, https:\/\/vip-consult.ro\/wp-content\/uploads\/2024\/03\/men-examining-his-thyroid-with-ultrasound-2023-11-27-04-50-53-utc-300x200.jpg 300w, https:\/\/vip-consult.ro\/wp-content\/uploads\/2024\/03\/men-examining-his-thyroid-with-ultrasound-2023-11-27-04-50-53-utc-768x513.jpg 768w, https:\/\/vip-consult.ro\/wp-content\/uploads\/2024\/03\/men-examining-his-thyroid-with-ultrasound-2023-11-27-04-50-53-utc-1536x1025.jpg 1536w, https:\/\/vip-consult.ro\/wp-content\/uploads\/2024\/03\/men-examining-his-thyroid-with-ultrasound-2023-11-27-04-50-53-utc-2048x1367.jpg 2048w, https:\/\/vip-consult.ro\/wp-content\/uploads\/2024\/03\/men-examining-his-thyroid-with-ultrasound-2023-11-27-04-50-53-utc-1670x1115.jpg 1670w, https:\/\/vip-consult.ro\/wp-content\/uploads\/2024\/03\/men-examining-his-thyroid-with-ultrasound-2023-11-27-04-50-53-utc-880x587.jpg 880w, https:\/\/vip-consult.ro\/wp-content\/uploads\/2024\/03\/men-examining-his-thyroid-with-ultrasound-2023-11-27-04-50-53-utc-450x300.jpg 450w\" sizes=\"(max-width: 1024px) 100vw, 1024px\" \/><\/div>\n\t\t<\/div>\n\t<\/div>\n<\/div><\/div><\/div><div class=\"wpb_column vc_column_container vc_col-sm-9\"><div class=\"vc_column-inner\"><div class=\"wpb_wrapper\"><div id=\"ultimate-heading-460169f3f8c9adbc6\" class=\"uvc-heading ult-adjust-bottom-margin ultimate-heading-460169f3f8c9adbc6 uvc-2269\" data-hspacer=\"line_only\"  data-halign=\"left\" style=\"text-align:left\"><div class=\"uvc-main-heading ult-responsive\"  data-ultimate-target='.uvc-heading.ultimate-heading-460169f3f8c9adbc6 h2'  data-responsive-json-new='{\"font-size\":\"\",\"line-height\":\"\"}' ><h2 style=\"font-weight:normal;\">Ecografie<\/h2><\/div><div class=\"uvc-heading-spacer line_only\" style=\"margin-bottom:20px;height:1px;\"><span class=\"uvc-headings-line\" style=\"border-style:solid;border-bottom-width:1px;border-color:#ccc;width:autopx;\"><\/span><\/div><\/div>\n\t<div class=\"wpb_text_column wpb_content_element  wpb_animate_when_almost_visible wpb_fadeInRight fadeInRight\" >\n\t\t<div class=\"wpb_wrapper\">\n\t\t\t<p>Cu ajutorul explorarii ecografice pot fi depistate diferite modificari in structura organelor (ficat, vezica biliara, pancreas, splina, rinichi, vezica urinara, apparat genital, san, tiroida, etc) cum ar fi diferitele formatiuni tumorale sau suferintele organelor in cadrul unor tulburari metabolice, spre exemplu dislipidemiile, diabetul zaharat sau bolile inflamatorii.<\/p>\n<p>In afara modificarilor structurale, ecografia poate depista si modificari in functionalitatea unor organe, prin vizualizarea in timp real a acestora, fiind foarte utila in studiul tubului digestiv, al inimii, al activitatii musculare, etc.<\/p>\n<h4>Cum trebuie s\u0103 te preg\u0103te\u015fti \u00eenaintea unui consult ecografic?<\/h4>\n<p>Preg\u0103tirea se face \u00een func\u0163ie de tipul ecografiei:<\/p>\n<ul>\n<li><strong>ecografie abdominal\u0103<\/strong> &#8211; pacientul nu trebuie s\u0103 consume alimente, b\u0103uturi acidulate sau cafea cu cel pu\u0163in 6 ore \u00eenainte de investiga\u0163ie, deoarece con\u0163inutul gazos intestinal trebuie s\u0103 fie redus astfel \u00eenc\u00e2t s\u0103 permit\u0103 vizualizare adecvat\u0103 a structurilor interne. \u00cen schimb, este recomandat consumul a 1 &#8211; 1,5 litri de ap\u0103 sau ceai \u00eenainte de examinare, iar cina din ziua precedent\u0103 nu trebuie servit\u0103 mai t\u00e2rziu de ora 18:00 sau 19:00. De asemenea, nu trebuie consumate dulciuri cu 24 de ore \u00eenainte de consulta\u0163ie, sau alimente care fermenteaz\u0103 (iaurt, pr\u0103jeli, fasole, prune)<\/li>\n<li><strong>ecografie pelvin\u0103<\/strong> &#8211; pentru aceasta investiga\u0163ie este indicat ca pacientul s\u0103 consume 1 litru de ap\u0103 cu o or\u0103 \u00eenainte de investiga\u0163ie, astfel \u00eenc\u00e2t vezica urinar\u0103 s\u0103 fie plin\u0103 \u015fi s\u0103 permit\u0103 vizualizarea c\u00e2t mai precis\u0103 a organelor interne. Pentru ecografia mamar\u0103 \u015fi cea din timpul sarcinii nu exist\u0103 recomand\u0103ri speciale \u00eenainte de investiga\u0163ie.<\/li>\n<\/ul>\n\n\t\t<\/div>\n\t<\/div>\n<\/div><\/div><\/div><\/div><\/div><\/section><section id=\"1157\" class=\"container-fluid vntd-section-default section-default-width\"><div class=\"vc_row wpb_row\"><div class=\"inner\"><div class=\"wpb_column vc_column_container vc_col-sm-12\"><div class=\"vc_column-inner\"><div class=\"wpb_wrapper\"><section class=\"vc_cta3-container\"><div class=\"vc_general vc_cta3 vc_cta3-style-classic vc_cta3-shape-rounded vc_cta3-align-left vc_cta3-color-classic vc_cta3-icon-size-md vc_cta3-actions-right  wpb_animate_when_almost_visible wpb_bounceIn bounceIn\"><div class=\"vc_cta3_content-container\"><div class=\"vc_cta3-content\"><header class=\"vc_cta3-content-header\"><h2>Solicit\u0103 o programare<\/h2><h4>Primul pas spre men\u021binerea ideal\u0103 a s\u0103n\u0103t\u0103\u021bii este o vizit\u0103 la speciali\u0219ti. V\u0103 invit\u0103m!<\/h4><\/header><p>Prin intermediul platformei de program\u0103ri VIP-Consult pute\u021bi solicita o programare.<\/p>\n<p><strong>Alege\u021bi data \u0219i intervalul orar dorit,<\/strong> men\u021biona\u021bi c\u00e2teva detalii despre ce va intereseaz\u0103 \u0219i imediat un consultant VIP-Consult v\u0103 va contacta pentru a confirma disponibilitatea intervalului solicitat.<\/p>\n<\/div><div class=\"vc_cta3-actions\"><div class=\"vc_btn3-container vc_btn3-inline\" ><a class=\"vc_general vc_btn3 vc_btn3-size-md vc_btn3-shape-rounded vc_btn3-style-modern vc_btn3-icon-left vc_btn3-color-purple\" href=\"https:\/\/vip-consult.ro\/en\/programari\/\" title=\"Programari\"><i class=\"vc_btn3-icon fas fa-clinic-medical\"><\/i> Programare<\/a><\/div><\/div><\/div><\/div><\/section><\/div><\/div><\/div><\/div><\/div><\/section>\n<\/div>","protected":false},"excerpt":{"rendered":"Ecografie Cu ajutorul explorarii ecografice pot fi depistate diferite modificari in structura organelor (ficat, vezica biliara, pancreas, splina, rinichi, vezica urinara, apparat genital, san, tiroida, etc) cum ar fi diferitele formatiuni tumorale sau suferintele organelor in cadrul unor tulburari metabolice, spre exemplu dislipidemiile, diabetul zaharat sau bolile inflamatorii. In afara modificarilor structurale, ecografia poate depista si modificari in functionalitatea unor organe, prin vizualizarea in timp real a acestora, fiind foarte [...]","protected":false},"author":1,"featured_media":0,"parent":2077,"menu_order":0,"comment_status":"closed","ping_status":"closed","template":"","meta":[],"_links":{"self":[{"href":"https:\/\/vip-consult.ro\/en\/wp-json\/wp\/v2\/pages\/2484"}],"collection":[{"href":"https:\/\/vip-consult.ro\/en\/wp-json\/wp\/v2\/pages"}],"about":[{"href":"https:\/\/vip-consult.ro\/en\/wp-json\/wp\/v2\/types\/page"}],"author":[{"embeddable":true,"href":"https:\/\/vip-consult.ro\/en\/wp-json\/wp\/v2\/users\/1"}],"replies":[{"embeddable":true,"href":"https:\/\/vip-consult.ro\/en\/wp-json\/wp\/v2\/comments?post=2484"}],"version-history":[{"count":7,"href":"https:\/\/vip-consult.ro\/en\/wp-json\/wp\/v2\/pages\/2484\/revisions"}],"predecessor-version":[{"id":2928,"href":"https:\/\/vip-consult.ro\/en\/wp-json\/wp\/v2\/pages\/2484\/revisions\/2928"}],"up":[{"embeddable":true,"href":"https:\/\/vip-consult.ro\/en\/wp-json\/wp\/v2\/pages\/2077"}],"wp:attachment":[{"href":"https:\/\/vip-consult.ro\/en\/wp-json\/wp\/v2\/media?parent=2484"}],"curies":[{"name":"wp","href":"https:\/\/api.w.org\/{rel}","templated":true}]}}