{"id":2481,"date":"2024-01-29T12:42:13","date_gmt":"2024-01-29T12:42:13","guid":{"rendered":"https:\/\/vip-consult.ro\/?page_id=2481"},"modified":"2024-11-22T09:08:41","modified_gmt":"2024-11-22T07:08:41","slug":"psihoterapia","status":"publish","type":"page","link":"https:\/\/vip-consult.ro\/en\/servicii\/psihoterapia\/","title":{"rendered":"Psihoterapia"},"content":{"rendered":"<div class=\"wpb-content-wrapper\"><section id=\"7223\" class=\"container-fluid vntd-section-default section-default-width\"><div class=\"vc_row wpb_row\"><div class=\"inner\"><div class=\"wpb_column vc_column_container vc_col-sm-12\"><div class=\"vc_column-inner\"><div class=\"wpb_wrapper\"><div class=\"ult-new-ib ult-ib-effect-style1  ult-ib-resp\" data-min-width=\"768\" data-max-width=\"900\" style=\"\" data-opacity=\"1\" data-hover-opacity=\"1\" ><img class=\"ult-new-ib-img\" style=\"opacity:1;\" alt=\"null\" src=\"https:\/\/vip-consult.ro\/wp-content\/uploads\/2024\/03\/super-vip-2.jpg\"   \/><div id=\"interactive-banner-wrap-6031\" class=\"ult-new-ib-desc\" style=\"\"><h2 class=\"ult-new-ib-title ult-responsive\"  data-ultimate-target='#interactive-banner-wrap-6031 .ult-new-ib-title'  data-responsive-json-new='{\"font-size\":\"\",\"line-height\":\"\"}'  style=\"font-weight:normal;\"><\/h2><\/div><\/div><script type=\"text\/javascript\">\r\n\t\t\t(function($){\r\n\t\t\t\t$(document).ready(function(){\r\n\t\t\t\t\t$(\".ult-new-ib\").css(\"opacity\",\"1\");\r\n\t\t\t\t});\r\n\t\t\t})(jQuery);\r\n\t\t\t<\/script><\/div><\/div><\/div><\/div><\/div><\/section><section id=\"9474\" class=\"container-fluid vntd-section-default section-default-width\"><div class=\"vc_row wpb_row  vc_custom_1706000667389\"><div class=\"inner\"><div class=\"wpb_column vc_column_container vc_col-sm-3\"><div class=\"vc_column-inner\"><div class=\"wpb_wrapper\">\n\t<div class=\"wpb_single_image wpb_content_element vc_align_left  wpb_animate_when_almost_visible wpb_fadeIn fadeIn\">\n\t\t<div class=\"wpb_wrapper\">\n\t\t\t\n\t\t\t<div class=\"vc_single_image-wrapper vc_box_shadow_border  vc_box_border_grey\"><img width=\"800\" height=\"533\" src=\"https:\/\/vip-consult.ro\/wp-content\/uploads\/2024\/04\/psihoterapie-medium.jpg\" class=\"vc_single_image-img attachment-large\" alt=\"\" decoding=\"async\" loading=\"lazy\" title=\"psihoterapie-medium\" srcset=\"https:\/\/vip-consult.ro\/wp-content\/uploads\/2024\/04\/psihoterapie-medium.jpg 800w, https:\/\/vip-consult.ro\/wp-content\/uploads\/2024\/04\/psihoterapie-medium-300x200.jpg 300w, https:\/\/vip-consult.ro\/wp-content\/uploads\/2024\/04\/psihoterapie-medium-768x512.jpg 768w, https:\/\/vip-consult.ro\/wp-content\/uploads\/2024\/04\/psihoterapie-medium-450x300.jpg 450w\" sizes=\"(max-width: 800px) 100vw, 800px\" \/><\/div>\n\t\t<\/div>\n\t<\/div>\n\n\t<div class=\"wpb_text_column wpb_content_element  wpb_animate_when_almost_visible wpb_fadeInLeft fadeInLeft\" >\n\t\t<div class=\"wpb_wrapper\">\n\t\t\t<p>Clinica VIP-Consult v\u0103 ofer\u0103 servicii psihologice specializate:<\/p>\n<ul>\n<li>psihologie clinic\u0103<\/li>\n<li>psihoterapie individual\u0103 (adul\u021bi, copii) \u0219i de grup<\/li>\n<li>psihologia muncii<\/li>\n<li>consiliere individual\u0103 \u0219i de cuplu<\/li>\n<li>hipnoz\u0103 clinic\u0103<\/li>\n<li>psihanaliz\u0103<\/li>\n<li>psihologia transporturilor<\/li>\n<li>psihodiagnostic<\/li>\n<li>asisten\u021b\u0103 psihologic\u0103 infantil\u0103<\/li>\n<li>psihologie aplicat\u0103 \u00een domeniul securit\u0103\u021bii na\u021bionale<\/li>\n<\/ul>\n\n\t\t<\/div>\n\t<\/div>\n<\/div><\/div><\/div><div class=\"wpb_column vc_column_container vc_col-sm-9\"><div class=\"vc_column-inner\"><div class=\"wpb_wrapper\"><div id=\"ultimate-heading-45469e039ab07aab\" class=\"uvc-heading ult-adjust-bottom-margin ultimate-heading-45469e039ab07aab uvc-9311\" data-hspacer=\"line_only\"  data-halign=\"left\" style=\"text-align:left\"><div class=\"uvc-main-heading ult-responsive\"  data-ultimate-target='.uvc-heading.ultimate-heading-45469e039ab07aab h2'  data-responsive-json-new='{\"font-size\":\"\",\"line-height\":\"\"}' ><h2 style=\"font-weight:normal;\">Psihoterapia<\/h2><\/div><div class=\"uvc-heading-spacer line_only\" style=\"margin-bottom:20px;height:1px;\"><span class=\"uvc-headings-line\" style=\"border-style:solid;border-bottom-width:1px;border-color:#ccc;width:autopx;\"><\/span><\/div><\/div>\n\t<div class=\"wpb_text_column wpb_content_element  wpb_animate_when_almost_visible wpb_fadeInRight fadeInRight\" >\n\t\t<div class=\"wpb_wrapper\">\n\t\t\t<p>Speciali\u0219tii no\u0219tri ofer\u0103 solu\u021bii unei variate game de tulbur\u0103ri: anxioase, psihosomatice, de somn, de dinamic\u0103 sexual\u0103, obsesivo-fobice, de limbaj, sindrom depresiv, astenii, dependen\u021be (de alcool, de tutun, de droguri, de sex\u2026), autism, diferite tipuri de conflicte emo\u021bionale etc.<\/p>\n<p>Conflictul emo\u021bional nu este direct declan\u0219at de eveniment ci de impactul psihologic resim\u021bit de persoan\u0103. Cu c\u00e2t tr\u0103irea interioar\u0103 este mai puternic\u0103, cu at\u00e2t apare conflictul emo\u021bional \u0219i efectele lui, iar intensitatea efectelor lui se reflect\u0103 prin localizarea asupra diverselor organe. Exist\u0103 o leg\u0103tur\u0103 direct\u0103 \u00eentre organe \u0219i conflictele emo\u021bionale.<\/p>\n<p>Clinica noastr\u0103 asigur\u0103 at\u00e2t persoanelor fizice c\u00e2t \u0219i firmelor \u0219i angaja\u021bilor acestora:<\/p>\n<p>training \u0219i grupuri de suport pentru mame, viitoare mame \u0219i p\u0103rin\u021bi<br \/>\ngrupuri de suport pentru familiile \u00een care exist\u0103 persoane cu diverse dizabilit\u0103\u021bi \u0219i tulbur\u0103ri cronice<br \/>\ntraining pentru cre\u0219terea rezisten\u021bei la stres, rezolvarea conflictelor \u0219i optimizarea performan\u021bei umane \u00een condi\u021bii deosebite de munc\u0103<br \/>\ndezvoltare personal\u0103 \u0219i a capacit\u0103\u021bilor profesionale<br \/>\nprogram de dezvoltare a poten\u021bialului creativ pentru adul\u021bi \u0219i copii<br \/>\nconsultan\u021b\u0103 psihologic\u0103 pentru companii<br \/>\neliberare avize psihologice pentru diferite meserii \u0219i pentru port-arm\u0103<br \/>\nevalu\u0103ri \u0219i profile de personalitate, etc<\/p>\n\n\t\t<\/div>\n\t<\/div>\n<div class=\"smile_icon_list_wrap ult_info_list_container ult-adjust-bottom-margin\"><ul class=\"smile_icon_list left square with_bg\"><li class=\"icon_list_item\" style=\" font-size:72px;\"><div class=\"icon_list_icon\" data-animation=\"\" data-animation-delay=\"03\" style=\"font-size:24px;border-width:1px;border-style:none;background:#ffffff;color:#a31418;border-color:#333333;\"><i class=\"Defaults-check\" ><\/i><\/div><div class=\"icon_description\" id=\"Info-list-wrap-6987\" style=\"font-size:24px;\"><h3 class=\"ult-responsive info-list-heading\"  data-ultimate-target='#Info-list-wrap-6987 h3'  data-responsive-json-new='{\"font-size\":\"desktop:16px;\",\"line-height\":\"desktop:24px;\"}'  style=\"\">training \u0219i grupuri de suport pentru mame, viitoare mame \u0219i p\u0103rin\u021bi<\/h3><div class=\"icon_description_text ult-responsive\"  data-ultimate-target='#Info-list-wrap-6987 .icon_description_text'  data-responsive-json-new='{\"font-size\":\"desktop:13px;\",\"line-height\":\"desktop:18px;\"}'  style=\"\"><p>training \u0219i grupuri de suport pentru mame, viitoare mame \u0219i p\u0103rin\u021bi<\/p>\n<\/div><\/div><div class=\"icon_list_connector\"  style=\"border-right-width: 1px;border-right-style: dashed;border-color: #333333;\"><\/div><\/li><\/ul><\/div><\/div><\/div><\/div><\/div><\/div><\/section><section id=\"80\" class=\"container-fluid vntd-section-default section-default-width\"><div class=\"vc_row wpb_row\"><div class=\"inner\"><div class=\"wpb_column vc_column_container vc_col-sm-12\"><div class=\"vc_column-inner\"><div class=\"wpb_wrapper\"><section class=\"vc_cta3-container\"><div class=\"vc_general vc_cta3 vc_cta3-style-classic vc_cta3-shape-rounded vc_cta3-align-left vc_cta3-color-classic vc_cta3-icon-size-md vc_cta3-actions-right  wpb_animate_when_almost_visible wpb_bounceIn bounceIn\"><div class=\"vc_cta3_content-container\"><div class=\"vc_cta3-content\"><header class=\"vc_cta3-content-header\"><h2>Solicit\u0103 o programare<\/h2><h4>Primul pas spre men\u021binerea ideal\u0103 a s\u0103n\u0103t\u0103\u021bii este o vizit\u0103 la speciali\u0219ti. V\u0103 invit\u0103m!<\/h4><\/header><p>Prin intermediul platformei de program\u0103ri VIP-Consult pute\u021bi solicita o programare.<\/p>\n<p><strong>Alege\u021bi data \u0219i intervalul orar dorit,<\/strong> men\u021biona\u021bi c\u00e2teva detalii despre ce va intereseaz\u0103 \u0219i imediat un consultant VIP-Consult v\u0103 va contacta pentru a confirma disponibilitatea intervalului solicitat.<\/p>\n<\/div><div class=\"vc_cta3-actions\"><div class=\"vc_btn3-container vc_btn3-inline\" ><a class=\"vc_general vc_btn3 vc_btn3-size-md vc_btn3-shape-rounded vc_btn3-style-modern vc_btn3-icon-left vc_btn3-color-purple\" href=\"https:\/\/vip-consult.ro\/en\/programari\/\" title=\"Programari\"><i class=\"vc_btn3-icon fas fa-clinic-medical\"><\/i> Programare<\/a><\/div><\/div><\/div><\/div><\/section><\/div><\/div><\/div><\/div><\/div><\/section>\n<\/div>","protected":false},"excerpt":{"rendered":"Clinica VIP-Consult v\u0103 ofer\u0103 servicii psihologice specializate: psihologie clinic\u0103 psihoterapie individual\u0103 (adul\u021bi, copii) \u0219i de grup psihologia muncii consiliere individual\u0103 \u0219i de cuplu hipnoz\u0103 clinic\u0103 psihanaliz\u0103 psihologia transporturilor psihodiagnostic asisten\u021b\u0103 psihologic\u0103 infantil\u0103 psihologie aplicat\u0103 \u00een domeniul securit\u0103\u021bii na\u021bionale Psihoterapia Speciali\u0219tii no\u0219tri ofer\u0103 solu\u021bii unei variate game de tulbur\u0103ri: anxioase, psihosomatice, de somn, de dinamic\u0103 sexual\u0103, obsesivo-fobice, de limbaj, sindrom depresiv, astenii, dependen\u021be (de alcool, de tutun, de droguri, de sex\u2026), [...]","protected":false},"author":1,"featured_media":0,"parent":2077,"menu_order":0,"comment_status":"closed","ping_status":"closed","template":"","meta":[],"_links":{"self":[{"href":"https:\/\/vip-consult.ro\/en\/wp-json\/wp\/v2\/pages\/2481"}],"collection":[{"href":"https:\/\/vip-consult.ro\/en\/wp-json\/wp\/v2\/pages"}],"about":[{"href":"https:\/\/vip-consult.ro\/en\/wp-json\/wp\/v2\/types\/page"}],"author":[{"embeddable":true,"href":"https:\/\/vip-consult.ro\/en\/wp-json\/wp\/v2\/users\/1"}],"replies":[{"embeddable":true,"href":"https:\/\/vip-consult.ro\/en\/wp-json\/wp\/v2\/comments?post=2481"}],"version-history":[{"count":6,"href":"https:\/\/vip-consult.ro\/en\/wp-json\/wp\/v2\/pages\/2481\/revisions"}],"predecessor-version":[{"id":2950,"href":"https:\/\/vip-consult.ro\/en\/wp-json\/wp\/v2\/pages\/2481\/revisions\/2950"}],"up":[{"embeddable":true,"href":"https:\/\/vip-consult.ro\/en\/wp-json\/wp\/v2\/pages\/2077"}],"wp:attachment":[{"href":"https:\/\/vip-consult.ro\/en\/wp-json\/wp\/v2\/media?parent=2481"}],"curies":[{"name":"wp","href":"https:\/\/api.w.org\/{rel}","templated":true}]}}