{"id":2473,"date":"2024-01-29T12:40:30","date_gmt":"2024-01-29T12:40:30","guid":{"rendered":"https:\/\/vip-consult.ro\/?page_id=2473"},"modified":"2024-11-22T09:12:54","modified_gmt":"2024-11-22T07:12:54","slug":"terapii-complementare","status":"publish","type":"page","link":"https:\/\/vip-consult.ro\/en\/servicii\/terapii-complementare\/","title":{"rendered":"Terapii complementare"},"content":{"rendered":"<div class=\"wpb-content-wrapper\"><section id=\"7849\" class=\"container-fluid vntd-section-default section-default-width\"><div class=\"vc_row wpb_row\"><div class=\"inner\"><div class=\"wpb_column vc_column_container vc_col-sm-12\"><div class=\"vc_column-inner\"><div class=\"wpb_wrapper\"><div class=\"vc_empty_space\"   style=\"height: 32px\"><span class=\"vc_empty_space_inner\"><\/span><\/div><div class=\"vntd-special-heading\"style=\"margin-bottom:65px;\"><h1 class=\"header  animated vntd-animated\" data-animation=\"fadeIn\" data-animation-delay=\"100\">Terapii complementare<\/h1><div class=\"header-strips-one  animated vntd-animated\" data-animation=\"fadeIn\" data-animation-delay=\"100\"><\/div><h2 class=\"description normal  animated vntd-animated\" data-animation=\"fadeIn\" data-animation-delay=\"100\">\u00cen completarea serviciilor noastre de kinetoterapie, oferim o gam\u0103 variat\u0103 de TERAPII COMPLEMENTARE, concepute pentru a completa \u0219i \u00eembun\u0103t\u0103\u021bi rezultatele tratamentului \u0219i pentru a sprijini recuperarea optim\u0103 a pacien\u021bilor no\u0219tri<\/h2><\/div><div class=\"vc_empty_space\"   style=\"height: 32px\"><span class=\"vc_empty_space_inner\"><\/span><\/div><\/div><\/div><\/div><\/div><\/div><\/section><section id=\"4170\" class=\"container-fluid vntd-section-white section-default-width\"><div class=\"vc_row wpb_row  vc_custom_1707475486384 soft-bg parallax\"><div class=\"inner\"><div class=\"wpb_column vc_column_container vc_col-sm-12\"><div class=\"vc_column-inner\"><div class=\"wpb_wrapper\"><div class=\"vc_row wpb_row vc_inner vc_row-fluid\"><div class=\"wpb_column vc_column_container vc_col-sm-12\"><div class=\"vc_column-inner\"><div class=\"wpb_wrapper\"><div class=\"vntd-cta vntd-cta-style-default\"><div class=\"content-left white\"><h2 class=\"vntd-cta-heading content-head\">La Clinica Medical\u0103 VIP-Consult<\/h2><p class=\"subtitle-text\">Ne angaj\u0103m s\u0103 v\u0103 oferim cele mai eficiente \u0219i personalizate terapii complementare, adaptate nevoilor \u0219i obiectivelor dumneavoastr\u0103 individuale de s\u0103n\u0103tate \u0219i bun\u0103stare. Echipa noastr\u0103 de kinetoterapeu\u021biterapeu\u021bi specializa\u021bi v\u0103 va ghida \u00een alegerea celor mai potrivite terapii pentru nevoile dumneavoastr\u0103 specifice.<\/p><\/div><\/div><\/div><\/div><\/div><\/div><div class=\"vc_empty_space\"   style=\"height: 32px\"><span class=\"vc_empty_space_inner\"><\/span><\/div><div class=\"vc_row wpb_row vc_inner vc_row-fluid\"><div class=\"wpb_column vc_column_container vc_col-sm-6\"><div class=\"vc_column-inner\"><div class=\"wpb_wrapper\">\n\t<div class=\"wpb_text_column wpb_content_element  wpb_animate_when_almost_visible wpb_left-to-right left-to-right\" >\n\t\t<div class=\"wpb_wrapper\">\n\t\t\t<h1 align=\"\">1. Terapia manual\u0103<\/h1>\n<h3 style=\"text-transform: none;\" align=\"justify\">Terapia manual\u0103 este o tehnic\u0103 terapeutic\u0103 eficient\u0103 care implic\u0103 utilizarea mi\u0219c\u0103rilor \u0219i tehnicilor manuale pentru a ameliora durerea, a \u00eembun\u0103t\u0103\u021bi mobilitatea \u0219i a restabili func\u021bionalitatea articula\u021biilor \u0219i \u021besuturilor moi.<\/h3>\n\n\t\t<\/div>\n\t<\/div>\n<\/div><\/div><\/div><div class=\"wpb_column vc_column_container vc_col-sm-6\"><div class=\"vc_column-inner\"><div class=\"wpb_wrapper\">\n\t<div class=\"wpb_text_column wpb_content_element  wpb_animate_when_almost_visible wpb_right-to-left right-to-left\" >\n\t\t<div class=\"wpb_wrapper\">\n\t\t\t<h1 align=\"\">2. Masaj terapeutic<\/h1>\n<h3 style=\"text-transform: none;\">Masajul terapeutic este o form\u0103 de terapie manual\u0103 care utilizeaz\u0103 presiunea \u0219i mi\u0219c\u0103rile de masaj pentru a relaxa mu\u0219chii tensiona\u021bi, a \u00eembun\u0103t\u0103\u021bi circula\u021bia s\u00e2ngelui \u0219i a reduce durerea \u0219i stresul.<\/h3>\n\n\t\t<\/div>\n\t<\/div>\n<\/div><\/div><\/div><\/div><div class=\"vc_empty_space\"   style=\"height: 32px\"><span class=\"vc_empty_space_inner\"><\/span><\/div><div class=\"vc_row wpb_row vc_inner vc_row-fluid\"><div class=\"wpb_column vc_column_container vc_col-sm-12\"><div class=\"vc_column-inner\"><div class=\"wpb_wrapper\">\n\t<div class=\"wpb_text_column wpb_content_element  wpb_animate_when_almost_visible wpb_top-to-bottom top-to-bottom\" >\n\t\t<div class=\"wpb_wrapper\">\n\t\t\t<h1 align=\"\">3. Reflexterapie<\/h1>\n<h3 style=\"text-transform: none;\" align=\"justify\">Reflexoterapia este o terapie care se bazeaz\u0103 pe principiul c\u0103 stimularea anumitor puncte pe suprafa\u021ba corpului produc reac\u021bii reflexogene la nivelul anumitor p\u0103r\u021bi ale corpului. Stimularea acestor puncte poate ajuta la \u00eembun\u0103t\u0103\u021birea st\u0103rii generale de s\u0103n\u0103tate \u0219i la reducerea durerii.<\/h3>\n\n\t\t<\/div>\n\t<\/div>\n<div class=\"vc_empty_space\"   style=\"height: 32px\"><span class=\"vc_empty_space_inner\"><\/span><\/div><\/div><\/div><\/div><\/div><div class=\"vc_row wpb_row vc_inner vc_row-fluid\"><div class=\"wpb_column vc_column_container vc_col-sm-6\"><div class=\"vc_column-inner\"><div class=\"wpb_wrapper\">\n\t<div class=\"wpb_text_column wpb_content_element  wpb_animate_when_almost_visible wpb_right-to-left right-to-left\" >\n\t\t<div class=\"wpb_wrapper\">\n\t\t\t<h1 align=\"\">4. Cupping therapy<\/h1>\n<h3 style=\"text-transform: none;\" align=\"justify\">Terapia cu ventuze, cunoscut\u0103 \u0219i sub numele de cupping therapy, implic\u0103 aplicarea unor ventuze pe piele pentru a crea o suc\u021bionare localizat\u0103. Aceast\u0103 tehnic\u0103 poate ajuta la \u00eembun\u0103t\u0103\u021birea circula\u021biei s\u00e2ngelui, a flexibilit\u0103\u021bii \u0219i la reducerea durerii musculare \u0219i a inflama\u021biei.<\/h3>\n\n\t\t<\/div>\n\t<\/div>\n<\/div><\/div><\/div><div class=\"wpb_column vc_column_container vc_col-sm-6\"><div class=\"vc_column-inner\"><div class=\"wpb_wrapper\">\n\t<div class=\"wpb_text_column wpb_content_element  wpb_animate_when_almost_visible wpb_left-to-right left-to-right\" >\n\t\t<div class=\"wpb_wrapper\">\n\t\t\t<h1>5. Flossing therapy<\/h1>\n<h3 style=\"text-transform: none;\" align=\"justify\">Aceasta este o tehnic\u0103 \u00een care se utilizeaz\u0103 benzi elastice pentru a comprima \u0219i a elibera zonele afectate, ajut\u00e2nd la \u00eembun\u0103t\u0103\u021birea mobilit\u0103\u021bii articulare \u0219i la reducerea durerii.<\/h3>\n\n\t\t<\/div>\n\t<\/div>\n<\/div><\/div><\/div><\/div><\/div><\/div><\/div><\/div><\/div><\/section><section id=\"8326\" class=\"container-fluid vntd-section-default section-default-width\"><div class=\"vc_row wpb_row\"><div class=\"inner\"><div class=\"wpb_column vc_column_container vc_col-sm-12\"><div class=\"vc_column-inner\"><div class=\"wpb_wrapper\"><div class=\"vc_empty_space\"   style=\"height: 32px\"><span class=\"vc_empty_space_inner\"><\/span><\/div>\n\t<div class=\"wpb_text_column wpb_content_element  wpb_animate_when_almost_visible wpb_bottom-to-top bottom-to-top\" >\n\t\t<div class=\"wpb_wrapper\">\n\t\t\t<h1 align=\"\">6. Kinesiotaping<\/h1>\n<h3 style=\"text-transform: none;\" align=\"justify\">Aceasta este o metod\u0103 care utilizeaz\u0103 benzi elastice speciale pentru a sus\u021bine \u0219i a proteja mu\u0219chii \u0219i articula\u021biile, \u00eembun\u0103t\u0103\u021bind astfel mobilitatea \u0219i func\u021bionalitatea.<\/h3>\n\n\t\t<\/div>\n\t<\/div>\n<div class=\"vc_empty_space\"   style=\"height: 32px\"><span class=\"vc_empty_space_inner\"><\/span><\/div><div class=\"vc_row wpb_row vc_inner vc_row-fluid\"><div class=\"wpb_column vc_column_container vc_col-sm-6\"><div class=\"vc_column-inner\"><div class=\"wpb_wrapper\">\n\t<div class=\"wpb_text_column wpb_content_element  wpb_animate_when_almost_visible wpb_left-to-right left-to-right\" >\n\t\t<div class=\"wpb_wrapper\">\n\t\t\t<h1>7. Terapia fascial\u0103<\/h1>\n<h3 style=\"text-transform: none;\">Terapia fascial\u0103 se concentreaz\u0103 pe tratarea fasciei, un \u021besut conjunctiv care \u00eenconjoar\u0103 mu\u0219chii \u0219i organele. Aceast\u0103 tehnic\u0103 poate ajuta la \u00eembun\u0103t\u0103\u021birea flexibilit\u0103\u021bii, mobilit\u0103\u021bii \u0219i circula\u021biei s\u00e2ngelui.<\/h3>\n\n\t\t<\/div>\n\t<\/div>\n<\/div><\/div><\/div><div class=\"wpb_column vc_column_container vc_col-sm-6\"><div class=\"vc_column-inner\"><div class=\"wpb_wrapper\">\n\t<div class=\"wpb_text_column wpb_content_element  wpb_animate_when_almost_visible wpb_right-to-left right-to-left\" >\n\t\t<div class=\"wpb_wrapper\">\n\t\t\t<h1>8. Deep tissue therapy<\/h1>\n<h3 style=\"text-transform: none;\">Terapia deep tissue se concentreaz\u0103 pe tratarea straturilor ad\u00e2nci ale \u021besutului muscular, contribuind la eliberarea tensiunii \u0219i a aderen\u021belor, \u0219i la reducerea durerii \u0219i inflama\u021biei.<\/h3>\n\n\t\t<\/div>\n\t<\/div>\n<\/div><\/div><\/div><\/div><div class=\"vc_empty_space\"   style=\"height: 32px\"><span class=\"vc_empty_space_inner\"><\/span><\/div><\/div><\/div><\/div><\/div><\/div><\/section><section id=\"what-we-do\" class=\"container-fluid vntd-section-white section-default-width\"><div class=\"vc_row wpb_row  vc_custom_1405099060231 soft-bg parallax\"><div class=\"inner\"><div class=\"wpb_column vc_column_container vc_col-sm-12\"><div class=\"vc_column-inner\"><div class=\"wpb_wrapper\"><div class=\"vc_empty_space\"   style=\"height: 32px\"><span class=\"vc_empty_space_inner\"><\/span><\/div><div class=\"vc_row wpb_row vc_inner vc_row-fluid\"><div class=\"wpb_column vc_column_container vc_col-sm-12\"><div class=\"vc_column-inner\"><div class=\"wpb_wrapper\">\n\t<div class=\"wpb_text_column wpb_content_element  wpb_animate_when_almost_visible wpb_bottom-to-top bottom-to-top\" >\n\t\t<div class=\"wpb_wrapper\">\n\t\t\t<h1 align=\"\">9. Trigger point therapy<\/h1>\n<h3 style=\"text-transform: none;\" align=\"justify\">Terapia trigger point implic\u0103 identificarea \u0219i tratarea punctelor trigger, care sunt zone hipersensibile ale mu\u0219chilor care pot provoca durere \u0219i disconfort. Tratamentul acestor puncte poate ajuta la reducerea durerii \u0219i a tensiunii musculare.<\/h3>\n\n\t\t<\/div>\n\t<\/div>\n<div class=\"vc_empty_space\"   style=\"height: 32px\"><span class=\"vc_empty_space_inner\"><\/span><\/div><\/div><\/div><\/div><\/div><div class=\"vc_row wpb_row vc_inner vc_row-fluid\"><div class=\"wpb_column vc_column_container vc_col-sm-6\"><div class=\"vc_column-inner\"><div class=\"wpb_wrapper\">\n\t<div class=\"wpb_text_column wpb_content_element  wpb_animate_when_almost_visible wpb_left-to-right left-to-right\" >\n\t\t<div class=\"wpb_wrapper\">\n\t\t\t<h1>10. Presopunctur\u0103<\/h1>\n<h3 style=\"text-transform: none;\">Presopunctura este o terapie care se bazeaz\u0103 pe stimularea anumitor puncte de presiune de pe corp pentru a \u00eembun\u0103t\u0103\u021bi starea general\u0103 de s\u0103n\u0103tate \u0219i a reduce disconfortul.<\/h3>\n\n\t\t<\/div>\n\t<\/div>\n<\/div><\/div><\/div><div class=\"wpb_column vc_column_container vc_col-sm-6\"><div class=\"vc_column-inner\"><div class=\"wpb_wrapper\">\n\t<div class=\"wpb_text_column wpb_content_element  wpb_animate_when_almost_visible wpb_right-to-left right-to-left\" >\n\t\t<div class=\"wpb_wrapper\">\n\t\t\t<h1>11. Cromoterapie<\/h1>\n<h3 style=\"text-transform: none;\">Cromoterapia utilizeaz\u0103 culorile pentru a influen\u021ba starea de s\u0103n\u0103tate \u0219i bun\u0103starea. Aceast\u0103 terapie poate fi folosit\u0103 pentru a calma sistemul nervos, a \u00eembun\u0103t\u0103\u021bi circula\u021bia \u0219i a promova vindecarea.<\/h3>\n\n\t\t<\/div>\n\t<\/div>\n<\/div><\/div><\/div><\/div><div class=\"vc_row wpb_row vc_inner vc_row-fluid\"><div class=\"wpb_column vc_column_container vc_col-sm-12\"><div class=\"vc_column-inner\"><div class=\"wpb_wrapper\"><div class=\"vc_empty_space\"   style=\"height: 32px\"><span class=\"vc_empty_space_inner\"><\/span><\/div>\n\t<div class=\"wpb_text_column wpb_content_element  wpb_animate_when_almost_visible wpb_bottom-to-top bottom-to-top\" >\n\t\t<div class=\"wpb_wrapper\">\n\t\t\t<h1 align=\"\">12. Tehnica de relaxare Schultz<\/h1>\n<h3 style=\"text-transform: none;\" align=\"justify\">Aceasta este o metod\u0103 de relaxare profund\u0103 care se concentreaz\u0103 pe con\u0219tientizarea \u0219i eliberarea tensiunii din diferite p\u0103r\u021bi ale corpului, ajut\u00e2nd at\u00e2t la relaxarea musculaturii contracturate sau spastice, c\u00e2t \u0219i la reducerea stresului \u0219i a anxiet\u0103\u021bii.<\/h3>\n\n\t\t<\/div>\n\t<\/div>\n<\/div><\/div><\/div><\/div><\/div><\/div><\/div><\/div><\/div><\/section><section id=\"3190\" class=\"container-fluid vntd-section-default section-default-width\"><div class=\"vc_row wpb_row\"><div class=\"inner\"><div class=\"wpb_column vc_column_container vc_col-sm-4\"><div class=\"vc_column-inner\"><div class=\"wpb_wrapper\"><\/div><\/div><\/div><div class=\"wpb_column vc_column_container vc_col-sm-4\"><div class=\"vc_column-inner\"><div class=\"wpb_wrapper\"><div class=\"vc_empty_space\"   style=\"height: 32px\"><span class=\"vc_empty_space_inner\"><\/span><\/div><div class=\"vc_message_box vc_message_box-solid-icon vc_message_box-rounded vc_color-green\" ><div class=\"vc_message_box-icon\"><i class=\"fas fa-clinic-medical\"><\/i><\/div><p align=\"justify\"><span style=\"font-family: Times New Roman, serif;\"><span style=\"font-size: medium;\">La <\/span><\/span><span style=\"font-family: Times New Roman, serif;\"><span style=\"font-size: medium;\"><b>Clinica Medical\u0103 VIP-Consult<\/b><\/span><\/span><\/p>\n<\/div><\/div><\/div><\/div><div class=\"wpb_column vc_column_container vc_col-sm-4\"><div class=\"vc_column-inner\"><div class=\"wpb_wrapper\"><\/div><\/div><\/div><\/div><\/div><\/section><section id=\"678\" class=\"container-fluid vntd-section-default section-default-width\"><div class=\"vc_row wpb_row\"><div class=\"inner\"><div class=\"wpb_column vc_column_container vc_col-sm-12\"><div class=\"vc_column-inner\"><div class=\"wpb_wrapper\"><div class=\"vc_empty_space\"   style=\"height: 32px\"><span class=\"vc_empty_space_inner\"><\/span><\/div>\n\t<div class=\"wpb_text_column wpb_content_element\" >\n\t\t<div class=\"wpb_wrapper\">\n\t\t\t<div style=\"text-align: justify;\">\n<h3 style=\"text-transform: none;\"><span style=\"color: #008000;\">Indiferent de afec\u021biunea sau problema de s\u0103n\u0103tate cu care v\u0103 confrunta\u021bi, echipa noastr\u0103 de terapeu\u021bi v\u0103 va oferi solu\u021bii terapeutice complementare personalizate pentru a v\u0103 ajuta s\u0103 v\u0103 atinge\u021bi obiectivele de s\u0103n\u0103tate \u0219i s\u0103 v\u0103 bucura\u021bi de o via\u021b\u0103 activ\u0103 \u0219i lipsit\u0103 de durere. <\/span><\/h3>\n<\/div>\n\n\t\t<\/div>\n\t<\/div>\n<\/div><\/div><\/div><\/div><\/div><\/section><section id=\"7619\" class=\"container-fluid vntd-section-default section-default-width\"><div class=\"vc_row wpb_row\"><div class=\"inner\"><div class=\"wpb_column vc_column_container vc_col-sm-12\"><div class=\"vc_column-inner\"><div class=\"wpb_wrapper\"><section class=\"vc_cta3-container\"><div class=\"vc_general vc_cta3 vc_cta3-style-classic vc_cta3-shape-rounded vc_cta3-align-left vc_cta3-color-classic vc_cta3-icon-size-md vc_cta3-actions-right  wpb_animate_when_almost_visible wpb_bounceIn bounceIn\"><div class=\"vc_cta3_content-container\"><div class=\"vc_cta3-content\"><header class=\"vc_cta3-content-header\"><h2>Solicit\u0103 o programare<\/h2><h4>Primul pas spre men\u021binerea ideal\u0103 a s\u0103n\u0103t\u0103\u021bii este o vizit\u0103 la speciali\u0219ti. V\u0103 invit\u0103m!<\/h4><\/header><p>Prin intermediul platformei de program\u0103ri VIP-Consult pute\u021bi solicita o programare.<\/p>\n<p><strong>Alege\u021bi data \u0219i intervalul orar dorit,<\/strong> men\u021biona\u021bi c\u00e2teva detalii despre ce va intereseaz\u0103 \u0219i imediat un consultant VIP-Consult v\u0103 va contacta pentru a confirma disponibilitatea intervalului solicitat.<\/p>\n<\/div><div class=\"vc_cta3-actions\"><div class=\"vc_btn3-container vc_btn3-inline\" ><a class=\"vc_general vc_btn3 vc_btn3-size-md vc_btn3-shape-rounded vc_btn3-style-modern vc_btn3-icon-left vc_btn3-color-purple\" href=\"https:\/\/vip-consult.ro\/en\/programari\/\" title=\"Programari\"><i class=\"vc_btn3-icon fas fa-clinic-medical\"><\/i> Programare<\/a><\/div><\/div><\/div><\/div><\/section><\/div><\/div><\/div><\/div><\/div><\/section>\n<\/div>","protected":false},"excerpt":{"rendered":"Terapii complementare\u00cen completarea serviciilor noastre de kinetoterapie, oferim o gam\u0103 variat\u0103 de TERAPII COMPLEMENTARE, concepute pentru a completa \u0219i \u00eembun\u0103t\u0103\u021bi rezultatele tratamentului \u0219i pentru a sprijini recuperarea optim\u0103 a pacien\u021bilor no\u0219triLa Clinica Medical\u0103 VIP-ConsultNe angaj\u0103m s\u0103 v\u0103 oferim cele mai eficiente \u0219i personalizate terapii complementare, adaptate nevoilor \u0219i obiectivelor dumneavoastr\u0103 individuale de s\u0103n\u0103tate \u0219i bun\u0103stare. Echipa noastr\u0103 de kinetoterapeu\u021biterapeu\u021bi specializa\u021bi v\u0103 va ghida \u00een alegerea celor mai potrivite terapii pentru [...]","protected":false},"author":1,"featured_media":0,"parent":2077,"menu_order":0,"comment_status":"closed","ping_status":"closed","template":"","meta":[],"_links":{"self":[{"href":"https:\/\/vip-consult.ro\/en\/wp-json\/wp\/v2\/pages\/2473"}],"collection":[{"href":"https:\/\/vip-consult.ro\/en\/wp-json\/wp\/v2\/pages"}],"about":[{"href":"https:\/\/vip-consult.ro\/en\/wp-json\/wp\/v2\/types\/page"}],"author":[{"embeddable":true,"href":"https:\/\/vip-consult.ro\/en\/wp-json\/wp\/v2\/users\/1"}],"replies":[{"embeddable":true,"href":"https:\/\/vip-consult.ro\/en\/wp-json\/wp\/v2\/comments?post=2473"}],"version-history":[{"count":15,"href":"https:\/\/vip-consult.ro\/en\/wp-json\/wp\/v2\/pages\/2473\/revisions"}],"predecessor-version":[{"id":2959,"href":"https:\/\/vip-consult.ro\/en\/wp-json\/wp\/v2\/pages\/2473\/revisions\/2959"}],"up":[{"embeddable":true,"href":"https:\/\/vip-consult.ro\/en\/wp-json\/wp\/v2\/pages\/2077"}],"wp:attachment":[{"href":"https:\/\/vip-consult.ro\/en\/wp-json\/wp\/v2\/media?parent=2473"}],"curies":[{"name":"wp","href":"https:\/\/api.w.org\/{rel}","templated":true}]}}