{"id":2469,"date":"2024-01-29T12:39:41","date_gmt":"2024-01-29T12:39:41","guid":{"rendered":"https:\/\/vip-consult.ro\/?page_id=2469"},"modified":"2024-11-22T09:03:25","modified_gmt":"2024-11-22T07:03:25","slug":"kinetoprofilaxie","status":"publish","type":"page","link":"https:\/\/vip-consult.ro\/en\/servicii\/kinetoprofilaxie\/","title":{"rendered":"Kinetoprofilaxie"},"content":{"rendered":"<div class=\"wpb-content-wrapper\"><section id=\"6138\" class=\"container-fluid vntd-section-default section-default-width\"><div class=\"vc_row wpb_row\"><div class=\"inner\"><div class=\"wpb_column vc_column_container vc_col-sm-12\"><div class=\"vc_column-inner\"><div class=\"wpb_wrapper\"><div class=\"ult-new-ib ult-ib-effect-style1  ult-ib-resp\" data-min-width=\"768\" data-max-width=\"900\" style=\"\" data-opacity=\"1\" data-hover-opacity=\"1\" ><img class=\"ult-new-ib-img\" style=\"opacity:1;\" alt=\"null\" src=\"https:\/\/vip-consult.ro\/wp-content\/uploads\/2024\/03\/super-vip-2.jpg\"   \/><div id=\"interactive-banner-wrap-8092\" class=\"ult-new-ib-desc\" style=\"\"><h2 class=\"ult-new-ib-title ult-responsive\"  data-ultimate-target='#interactive-banner-wrap-8092 .ult-new-ib-title'  data-responsive-json-new='{\"font-size\":\"\",\"line-height\":\"\"}'  style=\"font-weight:normal;\"><\/h2><\/div><\/div><script type=\"text\/javascript\">\r\n\t\t\t(function($){\r\n\t\t\t\t$(document).ready(function(){\r\n\t\t\t\t\t$(\".ult-new-ib\").css(\"opacity\",\"1\");\r\n\t\t\t\t});\r\n\t\t\t})(jQuery);\r\n\t\t\t<\/script><\/div><\/div><\/div><\/div><\/div><\/section><section id=\"2220\" class=\"container-fluid vntd-section-default section-default-width\"><div class=\"vc_row wpb_row  vc_custom_1706000667389\"><div class=\"inner\"><div class=\"wpb_column vc_column_container vc_col-sm-3\"><div class=\"vc_column-inner\"><div class=\"wpb_wrapper\">\n\t<div class=\"wpb_single_image wpb_content_element vc_align_left  wpb_animate_when_almost_visible wpb_fadeIn fadeIn\">\n\t\t<div class=\"wpb_wrapper\">\n\t\t\t\n\t\t\t<div class=\"vc_single_image-wrapper vc_box_shadow_border  vc_box_border_grey\"><img width=\"1024\" height=\"683\" src=\"https:\/\/vip-consult.ro\/wp-content\/uploads\/2024\/03\/k-laxie-hd-1024x683.jpg\" class=\"vc_single_image-img attachment-large\" alt=\"\" decoding=\"async\" loading=\"lazy\" title=\"Young female therapist explaining boy with artificial spine\" srcset=\"https:\/\/vip-consult.ro\/wp-content\/uploads\/2024\/03\/k-laxie-hd-1024x683.jpg 1024w, https:\/\/vip-consult.ro\/wp-content\/uploads\/2024\/03\/k-laxie-hd-300x200.jpg 300w, https:\/\/vip-consult.ro\/wp-content\/uploads\/2024\/03\/k-laxie-hd-768x512.jpg 768w, https:\/\/vip-consult.ro\/wp-content\/uploads\/2024\/03\/k-laxie-hd-1536x1024.jpg 1536w, https:\/\/vip-consult.ro\/wp-content\/uploads\/2024\/03\/k-laxie-hd-880x587.jpg 880w, https:\/\/vip-consult.ro\/wp-content\/uploads\/2024\/03\/k-laxie-hd-450x300.jpg 450w, https:\/\/vip-consult.ro\/wp-content\/uploads\/2024\/03\/k-laxie-hd.jpg 1620w\" sizes=\"(max-width: 1024px) 100vw, 1024px\" \/><\/div>\n\t\t<\/div>\n\t<\/div>\n<\/div><\/div><\/div><div class=\"wpb_column vc_column_container vc_col-sm-9\"><div class=\"vc_column-inner\"><div class=\"wpb_wrapper\"><div id=\"ultimate-heading-118869f2e11390361\" class=\"uvc-heading ult-adjust-bottom-margin ultimate-heading-118869f2e11390361 uvc-8472\" data-hspacer=\"line_only\"  data-halign=\"left\" style=\"text-align:left\"><div class=\"uvc-main-heading ult-responsive\"  data-ultimate-target='.uvc-heading.ultimate-heading-118869f2e11390361 h2'  data-responsive-json-new='{\"font-size\":\"\",\"line-height\":\"\"}' ><h2 style=\"font-weight:normal;\">Kinetoprofilaxie<\/h2><\/div><div class=\"uvc-heading-spacer line_only\" style=\"margin-bottom:20px;height:1px;\"><span class=\"uvc-headings-line\" style=\"border-style:solid;border-bottom-width:1px;border-color:#ccc;width:autopx;\"><\/span><\/div><\/div>\n\t<div class=\"wpb_text_column wpb_content_element  wpb_animate_when_almost_visible wpb_fadeInRight fadeInRight\" >\n\t\t<div class=\"wpb_wrapper\">\n\t\t\t<p>Reprezint\u0103 o abordare preventiv\u0103 \u0219i proactiv\u0103 \u00een \u00eengrijirea s\u0103n\u0103t\u0103\u021bii, concentr\u00e2ndu-se pe prevenirea apari\u021biei afec\u021biunilor \u0219i \u00eembun\u0103t\u0103\u021birea st\u0103rii generale de s\u0103n\u0103tate \u0219i bun\u0103stare<\/p>\n\n\t\t<\/div>\n\t<\/div>\n<\/div><\/div><\/div><\/div><\/div><\/section><section id=\"707\" class=\"container-fluid vntd-section-default section-default-width\"><div class=\"vc_row wpb_row\"><div class=\"inner\"><div class=\"wpb_column vc_column_container vc_col-sm-6\"><div class=\"vc_column-inner\"><div class=\"wpb_wrapper\">\n\t<div class=\"wpb_text_column wpb_content_element  wpb_animate_when_almost_visible wpb_fadeInLeft fadeInLeft\" >\n\t\t<div class=\"wpb_wrapper\">\n\t\t\t<div>\n<div>\n<div>\n<div>\n<h4>1. \u00cembun\u0103t\u0103\u021birea posturii \u0219i alinierii corporale<\/h4>\n<p>Exerci\u021biile \u0219i tehnicile corective, v\u0103 ajut\u0103m s\u0103 v\u0103 \u00eembun\u0103t\u0103\u021bi\u021bi postura \u0219i alinierea corpului, reduc\u00e2nd riscul de dureri musculo-scheletice \u0219i leziuni.<\/p>\n<\/div>\n<\/div>\n<\/div>\n<\/div>\n\n\t\t<\/div>\n\t<\/div>\n<\/div><\/div><\/div><div class=\"wpb_column vc_column_container vc_col-sm-6\"><div class=\"vc_column-inner\"><div class=\"wpb_wrapper\">\n\t<div class=\"wpb_text_column wpb_content_element  wpb_animate_when_almost_visible wpb_fadeInRight fadeInRight\" >\n\t\t<div class=\"wpb_wrapper\">\n\t\t\t<div>\n<div>\n<div>\n<div>\n<h4>2. \u00cent\u0103rirea \u0219i flexibilizarea musculaturii<\/h4>\n<p>Prin intermediul unui program de exerci\u021bii terapeutice \u0219i de strateching, v\u0103 ajut\u0103m s\u0103 v\u0103 \u00eent\u0103ri\u021bi mu\u0219chii \u0219i s\u0103 v\u0103 \u00eembun\u0103t\u0103\u021bi\u021bi flexibilitatea, promov\u00e2nd astfel o mi\u0219care mai eficient\u0103 \u0219i mai lipsit\u0103 de durere.<\/p>\n<\/div>\n<\/div>\n<\/div>\n<\/div>\n\n\t\t<\/div>\n\t<\/div>\n<\/div><\/div><\/div><\/div><\/div><\/section><section id=\"2506\" class=\"container-fluid vntd-section-default section-default-width\"><div class=\"vc_row wpb_row\"><div class=\"inner\"><div class=\"wpb_column vc_column_container vc_col-sm-12\"><div class=\"vc_column-inner\"><div class=\"wpb_wrapper\">\n\t<div class=\"wpb_text_column wpb_content_element  wpb_animate_when_almost_visible wpb_fadeInUp fadeInUp\" >\n\t\t<div class=\"wpb_wrapper\">\n\t\t\t<div>\n<div>\n<div>\n<div>\n<h4>3. Prevenirea durerilor de spate \u0219i ale g\u00e2tului<\/h4>\n<p>Exerci\u021biile de \u00eent\u0103rire a musculaturii centrale \u0219i de \u00eembun\u0103t\u0103\u021bire a posturii, pot reduce riscul de dureri de spate \u0219i de g\u00e2t asociate cu stilul de via\u021b\u0103 sedentar \u0219i pozi\u021biile incorecte de lucru.<\/p>\n<\/div>\n<\/div>\n<\/div>\n<\/div>\n\n\t\t<\/div>\n\t<\/div>\n<\/div><\/div><\/div><\/div><\/div><\/section><section id=\"1110\" class=\"container-fluid vntd-section-default section-default-width\"><div class=\"vc_row wpb_row\"><div class=\"inner\"><div class=\"wpb_column vc_column_container vc_col-sm-6\"><div class=\"vc_column-inner\"><div class=\"wpb_wrapper\">\n\t<div class=\"wpb_text_column wpb_content_element  wpb_animate_when_almost_visible wpb_fadeInLeft fadeInLeft\" >\n\t\t<div class=\"wpb_wrapper\">\n\t\t\t<div>\n<div>\n<div>\n<div>\n<h4>4. Promovarea unei vie\u021bi active \u0219i s\u0103n\u0103toase<\/h4>\n<p>Kinetoprofilaxia v\u0103 \u00eencurajeaz\u0103 s\u0103 adopta\u021bi un stil de via\u021b\u0103 activ \u0219i s\u0103n\u0103tos, promov\u00e2nd mi\u0219carea regulat\u0103 \u0219i exerci\u021biile fizice ca parte integrant\u0103 a rutinei dumneavoastr\u0103 zilnice.<\/p>\n<\/div>\n<\/div>\n<\/div>\n<\/div>\n\n\t\t<\/div>\n\t<\/div>\n<\/div><\/div><\/div><div class=\"wpb_column vc_column_container vc_col-sm-6\"><div class=\"vc_column-inner\"><div class=\"wpb_wrapper\">\n\t<div class=\"wpb_text_column wpb_content_element  wpb_animate_when_almost_visible wpb_fadeInRight fadeInRight\" >\n\t\t<div class=\"wpb_wrapper\">\n\t\t\t<div>\n<div>\n<div>\n<div>\n<h4>5. Prevenirea obezit\u0103\u021bii \u0219i a bolilor asociate<\/h4>\n<p>Prin intermediul unui program de exerci\u021bii fizice regulate \u0219i a consilierii interdisciplinare, kinetoprofilaxia poate contribui la men\u021binerea unei greut\u0103\u021bi corporale s\u0103n\u0103toase \u0219i la prevenirea apari\u021biei obezit\u0103\u021bii \u0219i a bolilor metabolice asociate, cum ar fi diabetul de tip 2.<\/p>\n<\/div>\n<\/div>\n<\/div>\n<\/div>\n\n\t\t<\/div>\n\t<\/div>\n<\/div><\/div><\/div><\/div><\/div><\/section><section id=\"6170\" class=\"container-fluid vntd-section-default section-default-width\"><div class=\"vc_row wpb_row\"><div class=\"inner\"><div class=\"wpb_column vc_column_container vc_col-sm-12\"><div class=\"vc_column-inner\"><div class=\"wpb_wrapper\">\n\t<div class=\"wpb_text_column wpb_content_element  wpb_animate_when_almost_visible wpb_fadeInUp fadeInUp\" >\n\t\t<div class=\"wpb_wrapper\">\n\t\t\t<div>\n<div>\n<div>\n<div>\n<h4>6. Prevenirea bolilor cardiovasculare<\/h4>\n<p>Exerci\u021biile fizice regulate \u0219i activitatea fizic\u0103 sunt esen\u021biale pentru men\u021binerea s\u0103n\u0103t\u0103\u021bii inimii \u0219i a sistemului cardiovascular. Kinetoprofilaxia poate ajuta la reducerea riscului de boli cardiovasculare, cum ar fi hipertensiunea arterial\u0103 \u0219i boala coronarian\u0103, prin intermediul unui stil de via\u021b\u0103 activ \u0219i s\u0103n\u0103tos.<\/p>\n<\/div>\n<\/div>\n<\/div>\n<\/div>\n\n\t\t<\/div>\n\t<\/div>\n<\/div><\/div><\/div><\/div><\/div><\/section><section id=\"4026\" class=\"container-fluid vntd-section-default section-default-width\"><div class=\"vc_row wpb_row\"><div class=\"inner\"><div class=\"wpb_column vc_column_container vc_col-sm-6\"><div class=\"vc_column-inner\"><div class=\"wpb_wrapper\">\n\t<div class=\"wpb_text_column wpb_content_element  wpb_animate_when_almost_visible wpb_fadeInLeft fadeInLeft\" >\n\t\t<div class=\"wpb_wrapper\">\n\t\t\t<div>\n<div>\n<div>\n<div>\n<h4>7. Prevenirea bolilor respiratorii<\/h4>\n<p>Exerci\u021biile de respira\u021bie \u0219i activit\u0103\u021bile fizice regulate pot \u00eembun\u0103t\u0103\u021bi func\u021bia pulmonar\u0103 \u0219i rezisten\u021ba la efort, ajut\u00e2nd la prevenirea bolilor respiratorii \u0219i a afec\u021biunilor precum astmul \u0219i bron\u0219ita.<\/p>\n<\/div>\n<\/div>\n<\/div>\n<\/div>\n\n\t\t<\/div>\n\t<\/div>\n<\/div><\/div><\/div><div class=\"wpb_column vc_column_container vc_col-sm-6\"><div class=\"vc_column-inner\"><div class=\"wpb_wrapper\">\n\t<div class=\"wpb_text_column wpb_content_element  wpb_animate_when_almost_visible wpb_fadeInRight fadeInRight\" >\n\t\t<div class=\"wpb_wrapper\">\n\t\t\t<div>\n<div>\n<div>\n<div>\n<h4>8. Prevenirea bolilor metabolice<\/h4>\n<p>Kinetoprofilaxia poate contribui la men\u021binerea unui metabolism s\u0103n\u0103tos \u0219i la prevenirea bolilor metabolice, cum ar fi sindromul metabolic \u0219i dislipidemiile, prin intermediul exerci\u021biilor fizice regulate \u0219i a unui regim alimentar adecvat.<\/p>\n<\/div>\n<\/div>\n<\/div>\n<\/div>\n\n\t\t<\/div>\n\t<\/div>\n<\/div><\/div><\/div><\/div><\/div><\/section><section id=\"7593\" class=\"container-fluid vntd-section-default section-default-width\"><div class=\"vc_row wpb_row\"><div class=\"inner\"><div class=\"wpb_column vc_column_container vc_col-sm-12\"><div class=\"vc_column-inner\"><div class=\"wpb_wrapper\">\n\t<div class=\"wpb_text_column wpb_content_element  wpb_animate_when_almost_visible wpb_fadeInUp fadeInUp\" >\n\t\t<div class=\"wpb_wrapper\">\n\t\t\t<div>\n<div>\n<div>\n<div>\n<h4>9. Dezvoltarea armonioas\u0103 a copiilor<\/h4>\n<p>Pentru copii \u0219i adolescen\u021bi, kinetoprofilaxia joac\u0103 un rol crucial \u00een promovarea unei cre\u0219teri \u0219i dezvolt\u0103ri armonioase. Prin intermediul unor activit\u0103\u021bi fizice variate \u0219i distractive, kinetoprofilaxia poate contribui la dezvoltarea abilit\u0103\u021bilor motorii, a for\u021bei \u0219i a rezisten\u021bei, promov\u00e2nd astfel un stil de via\u021b\u0103 activ \u0219i s\u0103n\u0103tos \u00eenc\u0103 de la o v\u00e2rst\u0103 fraged\u0103.<\/p>\n<\/div>\n<\/div>\n<\/div>\n<\/div>\n\n\t\t<\/div>\n\t<\/div>\n<\/div><\/div><\/div><\/div><\/div><\/section><section id=\"8460\" class=\"container-fluid vntd-section-default section-default-width\"><div class=\"vc_row wpb_row\"><div class=\"inner\"><div class=\"wpb_column vc_column_container vc_col-sm-6\"><div class=\"vc_column-inner\"><div class=\"wpb_wrapper\">\n\t<div class=\"wpb_text_column wpb_content_element  wpb_animate_when_almost_visible wpb_fadeInLeft fadeInLeft\" >\n\t\t<div class=\"wpb_wrapper\">\n\t\t\t<div>\n<div>\n<div>\n<div>\n<h4>10. Prevenirea afec\u021biunilor geriatrice<\/h4>\n<p>Pentru persoanele \u00een v\u00e2rst\u0103, kinetoprofilaxia poate juca un rol esen\u021bial \u00een prevenirea afec\u021biunilor geriatrice, cum ar fi osteoporoza, sarcopenia \u0219i riscul de c\u0103deri. Prin intermediul unui program adaptat \u0219i echilibrat de exerci\u021bii fizice \u0219i terapie, kinetoprofilaxia poate men\u021bine func\u021bionalitatea \u0219i mobilitatea, contribuind la o \u00eemb\u0103tr\u00e2nire s\u0103n\u0103toas\u0103 \u0219i activ\u0103.<\/p>\n<\/div>\n<\/div>\n<\/div>\n<\/div>\n\n\t\t<\/div>\n\t<\/div>\n<\/div><\/div><\/div><div class=\"wpb_column vc_column_container vc_col-sm-6\"><div class=\"vc_column-inner\"><div class=\"wpb_wrapper\">\n\t<div class=\"wpb_text_column wpb_content_element  wpb_animate_when_almost_visible wpb_fadeInRight fadeInRight\" >\n\t\t<div class=\"wpb_wrapper\">\n\t\t\t<div>\n<div>\n<div>\n<div>\n<h4>11. Prevenirea leziunilor sportive<\/h4>\n<p>Pentru sportivi \u0219i persoane active, kinetoprofilaxia poate juca un rol crucial \u00een prevenirea leziunilor prin intermediul unor programe de antrenament adaptate \u0219i tehnici de corectare a mi\u0219c\u0103rilor.<\/p>\n<\/div>\n<\/div>\n<\/div>\n<\/div>\n\n\t\t<\/div>\n\t<\/div>\n<\/div><\/div><\/div><\/div><\/div><\/section><section id=\"874\" class=\"container-fluid vntd-section-default section-default-width\"><div class=\"vc_row wpb_row\"><div class=\"inner\"><div class=\"wpb_column vc_column_container vc_col-sm-12\"><div class=\"vc_column-inner\"><div class=\"wpb_wrapper\">\n\t<div class=\"wpb_text_column wpb_content_element  wpb_animate_when_almost_visible wpb_fadeInUp fadeInUp\" >\n\t\t<div class=\"wpb_wrapper\">\n\t\t\t<div>\n<div>\n<div>\n<div>\n<h4>12. \u00cembun\u0103t\u0103\u021birea performan\u021bei sportive<\/h4>\n<p>Pentru sportivi \u0219i atle\u021bi, kinetoprofilaxia poate contribui la \u00eembun\u0103t\u0103\u021birea performan\u021bei \u0219i la reducerea riscului de accidentare prin intermediul unui antrenament specific \u0219i optimizat biomecanic.<\/p>\n<\/div>\n<\/div>\n<\/div>\n<\/div>\n\n\t\t<\/div>\n\t<\/div>\n<\/div><\/div><\/div><\/div><\/div><\/section><section id=\"5984\" class=\"container-fluid vntd-section-default section-default-width\"><div class=\"vc_row wpb_row  wpb_animate_when_almost_visible wpb_fadeIn fadeIn\"><div class=\"inner\"><div class=\"wpb_column vc_column_container vc_col-sm-4\"><div class=\"vc_column-inner\"><div class=\"wpb_wrapper\"><\/div><\/div><\/div><div class=\"wpb_column vc_column_container vc_col-sm-4\"><div class=\"vc_column-inner\"><div class=\"wpb_wrapper\"><div class=\"vc_empty_space\"   style=\"height: 32px\"><span class=\"vc_empty_space_inner\"><\/span><\/div><div class=\"vc_message_box vc_message_box-solid-icon vc_message_box-rounded vc_color-green\" ><div class=\"vc_message_box-icon\"><i class=\"fas fa-clinic-medical\"><\/i><\/div><p align=\"justify\"><span style=\"font-family: Times New Roman, serif;\"><span style=\"font-size: medium;\">La <\/span><\/span><span style=\"font-family: Times New Roman, serif;\"><span style=\"font-size: medium;\"><b>Clinica Medical\u0103 VIP-Consult<\/b><\/span><\/span><\/p>\n<\/div><\/div><\/div><\/div><div class=\"wpb_column vc_column_container vc_col-sm-4\"><div class=\"vc_column-inner\"><div class=\"wpb_wrapper\"><\/div><\/div><\/div><\/div><\/div><\/section><section id=\"8318\" class=\"container-fluid vntd-section-default section-default-width\"><div class=\"vc_row wpb_row  wpb_animate_when_almost_visible wpb_fadeInUp fadeInUp\"><div class=\"inner\"><div class=\"wpb_column vc_column_container vc_col-sm-12\"><div class=\"vc_column-inner\"><div class=\"wpb_wrapper\"><div class=\"vc_empty_space\"   style=\"height: 32px\"><span class=\"vc_empty_space_inner\"><\/span><\/div>\n\t<div class=\"wpb_text_column wpb_content_element\" >\n\t\t<div class=\"wpb_wrapper\">\n\t\t\t<div style=\"text-align: justify;\">\n<h3 style=\"text-transform: none;\"><span style=\"color: #008000;\">Indiferent dac\u0103 sunte\u021bi un adult interesat de men\u021binerea s\u0103n\u0103t\u0103\u021bii, un sportiv de performan\u021b\u0103, sau un p\u0103rinte preocupat de s\u0103n\u0103tatea \u0219i dezvoltarea copiilor dumneavoastr\u0103, kinetoprofilaxia poate fi un instrument valoros \u00een \u00eengrijirea s\u0103n\u0103t\u0103\u021bii \u0219i prevenirea problemelor de s\u0103n\u0103tate. La Clinica Medical\u0103 VIP-Consult, suntem aici pentru a v\u0103 oferi suportul \u0219i \u00eendrumarea necesare pentru a v\u0103 men\u021bine s\u0103n\u0103tatea \u0219i a v\u0103 bucura de o via\u021b\u0103 activ\u0103 \u0219i lipsit\u0103 de probleme de s\u0103n\u0103tate.<\/span><\/h3>\n<\/div>\n\n\t\t<\/div>\n\t<\/div>\n<\/div><\/div><\/div><\/div><\/div><\/section><section id=\"4800\" class=\"container-fluid vntd-section-default section-default-width\"><div class=\"vc_row wpb_row\"><div class=\"inner\"><div class=\"wpb_column vc_column_container vc_col-sm-12\"><div class=\"vc_column-inner\"><div class=\"wpb_wrapper\"><section class=\"vc_cta3-container\"><div class=\"vc_general vc_cta3 vc_cta3-style-classic vc_cta3-shape-rounded vc_cta3-align-left vc_cta3-color-classic vc_cta3-icon-size-md vc_cta3-actions-right  wpb_animate_when_almost_visible wpb_bounceIn bounceIn\"><div class=\"vc_cta3_content-container\"><div class=\"vc_cta3-content\"><header class=\"vc_cta3-content-header\"><h2>Solicit\u0103 o programare<\/h2><h4>Primul pas spre men\u021binerea ideal\u0103 a s\u0103n\u0103t\u0103\u021bii este o vizit\u0103 la speciali\u0219ti. V\u0103 invit\u0103m!<\/h4><\/header><p>Prin intermediul platformei de program\u0103ri VIP-Consult pute\u021bi solicita o programare.<\/p>\n<p><strong>Alege\u021bi data \u0219i intervalul orar dorit,<\/strong> men\u021biona\u021bi c\u00e2teva detalii despre ce va intereseaz\u0103 \u0219i imediat un consultant VIP-Consult v\u0103 va contacta pentru a confirma disponibilitatea intervalului solicitat.<\/p>\n<\/div><div class=\"vc_cta3-actions\"><div class=\"vc_btn3-container vc_btn3-inline\" ><a class=\"vc_general vc_btn3 vc_btn3-size-md vc_btn3-shape-rounded vc_btn3-style-modern vc_btn3-icon-left vc_btn3-color-purple\" href=\"https:\/\/vip-consult.ro\/en\/programari\/\" title=\"Programari\"><i class=\"vc_btn3-icon fas fa-clinic-medical\"><\/i> Programare<\/a><\/div><\/div><\/div><\/div><\/section><\/div><\/div><\/div><\/div><\/div><\/section>\n<\/div>","protected":false},"excerpt":{"rendered":"Kinetoprofilaxie Reprezint\u0103 o abordare preventiv\u0103 \u0219i proactiv\u0103 \u00een \u00eengrijirea s\u0103n\u0103t\u0103\u021bii, concentr\u00e2ndu-se pe prevenirea apari\u021biei afec\u021biunilor \u0219i \u00eembun\u0103t\u0103\u021birea st\u0103rii generale de s\u0103n\u0103tate \u0219i bun\u0103stare 1. \u00cembun\u0103t\u0103\u021birea posturii \u0219i alinierii corporale Exerci\u021biile \u0219i tehnicile corective, v\u0103 ajut\u0103m s\u0103 v\u0103 \u00eembun\u0103t\u0103\u021bi\u021bi postura \u0219i alinierea corpului, reduc\u00e2nd riscul de dureri musculo-scheletice \u0219i leziuni. 2. \u00cent\u0103rirea \u0219i flexibilizarea musculaturii Prin intermediul unui program de exerci\u021bii terapeutice \u0219i de strateching, v\u0103 ajut\u0103m s\u0103 v\u0103 \u00eent\u0103ri\u021bi mu\u0219chii [...]","protected":false},"author":1,"featured_media":0,"parent":2077,"menu_order":0,"comment_status":"closed","ping_status":"closed","template":"","meta":[],"_links":{"self":[{"href":"https:\/\/vip-consult.ro\/en\/wp-json\/wp\/v2\/pages\/2469"}],"collection":[{"href":"https:\/\/vip-consult.ro\/en\/wp-json\/wp\/v2\/pages"}],"about":[{"href":"https:\/\/vip-consult.ro\/en\/wp-json\/wp\/v2\/types\/page"}],"author":[{"embeddable":true,"href":"https:\/\/vip-consult.ro\/en\/wp-json\/wp\/v2\/users\/1"}],"replies":[{"embeddable":true,"href":"https:\/\/vip-consult.ro\/en\/wp-json\/wp\/v2\/comments?post=2469"}],"version-history":[{"count":14,"href":"https:\/\/vip-consult.ro\/en\/wp-json\/wp\/v2\/pages\/2469\/revisions"}],"predecessor-version":[{"id":2937,"href":"https:\/\/vip-consult.ro\/en\/wp-json\/wp\/v2\/pages\/2469\/revisions\/2937"}],"up":[{"embeddable":true,"href":"https:\/\/vip-consult.ro\/en\/wp-json\/wp\/v2\/pages\/2077"}],"wp:attachment":[{"href":"https:\/\/vip-consult.ro\/en\/wp-json\/wp\/v2\/media?parent=2469"}],"curies":[{"name":"wp","href":"https:\/\/api.w.org\/{rel}","templated":true}]}}