{"id":2465,"date":"2024-01-29T12:38:48","date_gmt":"2024-01-29T12:38:48","guid":{"rendered":"https:\/\/vip-consult.ro\/?page_id=2465"},"modified":"2024-11-22T09:01:44","modified_gmt":"2024-11-22T07:01:44","slug":"fizioterapia","status":"publish","type":"page","link":"https:\/\/vip-consult.ro\/en\/servicii\/fizioterapia\/","title":{"rendered":"Fizioterapia"},"content":{"rendered":"<div class=\"wpb-content-wrapper\"><section id=\"3361\" class=\"container-fluid vntd-section-default section-fullwidth\"><div class=\"vc_row wpb_row\"><div class=\"inner fullwidth\"><div class=\"wpb_column vc_column_container vc_col-sm-12\"><div class=\"vc_column-inner\"><div class=\"wpb_wrapper\">\n\t<div class=\"wpb_single_image wpb_content_element vc_align_center\">\n\t\t<div class=\"wpb_wrapper\">\n\t\t\t\n\t\t\t<div class=\"vc_single_image-wrapper   vc_box_border_grey\"><img width=\"2560\" height=\"806\" src=\"https:\/\/vip-consult.ro\/wp-content\/uploads\/2024\/02\/resistance-band-rehab-physio-aiding-patient-2023-11-27-05-22-23-utc-scaled-e1707479215184.jpg\" class=\"vc_single_image-img attachment-full\" alt=\"\" decoding=\"async\" loading=\"lazy\" title=\"Fizioterapie2\" srcset=\"https:\/\/vip-consult.ro\/wp-content\/uploads\/2024\/02\/resistance-band-rehab-physio-aiding-patient-2023-11-27-05-22-23-utc-scaled-e1707479215184.jpg 2560w, https:\/\/vip-consult.ro\/wp-content\/uploads\/2024\/02\/resistance-band-rehab-physio-aiding-patient-2023-11-27-05-22-23-utc-scaled-e1707479215184-300x94.jpg 300w, https:\/\/vip-consult.ro\/wp-content\/uploads\/2024\/02\/resistance-band-rehab-physio-aiding-patient-2023-11-27-05-22-23-utc-scaled-e1707479215184-1024x322.jpg 1024w, https:\/\/vip-consult.ro\/wp-content\/uploads\/2024\/02\/resistance-band-rehab-physio-aiding-patient-2023-11-27-05-22-23-utc-scaled-e1707479215184-768x242.jpg 768w, https:\/\/vip-consult.ro\/wp-content\/uploads\/2024\/02\/resistance-band-rehab-physio-aiding-patient-2023-11-27-05-22-23-utc-scaled-e1707479215184-1536x484.jpg 1536w, https:\/\/vip-consult.ro\/wp-content\/uploads\/2024\/02\/resistance-band-rehab-physio-aiding-patient-2023-11-27-05-22-23-utc-scaled-e1707479215184-2048x645.jpg 2048w, https:\/\/vip-consult.ro\/wp-content\/uploads\/2024\/02\/resistance-band-rehab-physio-aiding-patient-2023-11-27-05-22-23-utc-scaled-e1707479215184-1670x526.jpg 1670w, https:\/\/vip-consult.ro\/wp-content\/uploads\/2024\/02\/resistance-band-rehab-physio-aiding-patient-2023-11-27-05-22-23-utc-scaled-e1707479215184-880x277.jpg 880w, https:\/\/vip-consult.ro\/wp-content\/uploads\/2024\/02\/resistance-band-rehab-physio-aiding-patient-2023-11-27-05-22-23-utc-scaled-e1707479215184-450x142.jpg 450w\" sizes=\"(max-width: 2560px) 100vw, 2560px\" \/><\/div>\n\t\t<\/div>\n\t<\/div>\n<\/div><\/div><\/div><\/div><\/div><\/section><section id=\"5161\" class=\"container-fluid vntd-section-default section-default-width\"><div class=\"vc_row wpb_row  vc_custom_1706000667389\"><div class=\"inner\"><div class=\"wpb_column vc_column_container vc_col-sm-6\"><div class=\"vc_column-inner\"><div class=\"wpb_wrapper\">\n\t<div class=\"wpb_single_image wpb_content_element vc_align_left  wpb_animate_when_almost_visible wpb_fadeIn fadeIn\">\n\t\t<div class=\"wpb_wrapper\">\n\t\t\t\n\t\t\t<div class=\"vc_single_image-wrapper vc_box_shadow_border  vc_box_border_grey\"><img width=\"624\" height=\"429\" src=\"https:\/\/vip-consult.ro\/wp-content\/uploads\/2024\/02\/fizioterapie.jpeg\" class=\"vc_single_image-img attachment-large\" alt=\"\" decoding=\"async\" loading=\"lazy\" title=\"fizioterapie\" srcset=\"https:\/\/vip-consult.ro\/wp-content\/uploads\/2024\/02\/fizioterapie.jpeg 624w, https:\/\/vip-consult.ro\/wp-content\/uploads\/2024\/02\/fizioterapie-300x206.jpeg 300w, https:\/\/vip-consult.ro\/wp-content\/uploads\/2024\/02\/fizioterapie-450x309.jpeg 450w\" sizes=\"(max-width: 624px) 100vw, 624px\" \/><\/div>\n\t\t<\/div>\n\t<\/div>\n\n\t<div class=\"wpb_text_column wpb_content_element  wpb_animate_when_almost_visible wpb_fadeInLeft fadeInLeft\" >\n\t\t<div class=\"wpb_wrapper\">\n\t\t\t<div class=\"flex flex-grow flex-col max-w-full\" style=\"text-align: justify;\">\n<div class=\"min-h-&#091;20px&#093; text-message flex flex-col items-start gap-3 whitespace-pre-wrap break-words &#091;.text-message+&amp;&#093;:mt-5 overflow-x-auto\" data-message-author-role=\"assistant\" data-message-id=\"8ad1bd93-6190-4521-911d-13e3d9129c6d\">\n<div class=\"markdown prose w-full break-words dark:prose-invert dark\">\n<div class=\"flex flex-grow flex-col max-w-full\">\n<div class=\"min-h-&#091;20px&#093; text-message flex flex-col items-start gap-3 whitespace-pre-wrap break-words &#091;.text-message+&amp;&#093;:mt-5 overflow-x-auto\" data-message-author-role=\"assistant\" data-message-id=\"3202e76f-b1ce-43a4-a70f-5e13e084d0c7\">\n<div class=\"markdown prose w-full break-words dark:prose-invert dark\">\n<p>Transferul electric capacitiv \u0219i rezistiv este o tehnic\u0103 de terapie fizic\u0103 care utilizeaz\u0103 transferul de energie electric\u0103 pentru a stimula \u021besuturile \u0219i pentru a promova <strong>regenerarea celular\u0103 \u0219i recuperarea dup\u0103 leziuni musculo-scheletice.<\/strong> Prin aplicarea electrozilor \u00een zona de tratat se genereaz\u0103 curen\u021bi de \u00eenalt\u0103 frecven\u021b\u0103 care p\u0103trund \u00een \u021besuturile profunde \u0219i produc efecte terapeutice.<\/p>\n<p>Terapia se bazeaz\u0103 pe principiul diatermiei, care const\u0103 \u00een <strong>\u00eenc\u0103lzirea \u021besuturilor prin aplicarea curen\u021bilor electrici.<\/strong> Cu toate acestea, spre deosebire de alte tehnici de diatermie, dispozitivul nostru v\u0103 permite s\u0103 controla\u021bi ad\u00e2ncimea de penetrare \u0219i distribu\u021bia energiei, f\u0103c\u00e2ndu-l mai sigur \u0219i mai eficient.<\/p>\n<p>Printre beneficiile acestei terapii se num\u0103r\u0103 <strong>reducerea durerii, \u00eembun\u0103t\u0103\u021birea circula\u021biei s\u00e2ngelui, cre\u0219terea elasticit\u0103\u021bii \u021besuturilor, sc\u0103derea inflama\u021biei \u0219i procesul de recuperare accelerat.<\/strong> Aceast\u0103 tehnic\u0103 este utilizat\u0103 \u00een tratamentul leziunilor sportive, durerilor musculare \u0219i articulare, tendinitelor, contracturilor, edemelor \u0219i altor afec\u021biuni musculo-scheletice.<\/p>\n<\/div>\n<\/div>\n<\/div>\n<\/div>\n<\/div>\n<\/div>\n\n\t\t<\/div>\n\t<\/div>\n<\/div><\/div><\/div><div class=\"wpb_column vc_column_container vc_col-sm-6\"><div class=\"vc_column-inner\"><div class=\"wpb_wrapper\"><div id=\"ultimate-heading-206269f15b339c530\" class=\"uvc-heading ult-adjust-bottom-margin ultimate-heading-206269f15b339c530 uvc-7038\" data-hspacer=\"line_only\"  data-halign=\"left\" style=\"text-align:left\"><div class=\"uvc-main-heading ult-responsive\"  data-ultimate-target='.uvc-heading.ultimate-heading-206269f15b339c530 h2'  data-responsive-json-new='{\"font-size\":\"\",\"line-height\":\"\"}' ><h2 style=\"font-weight:normal;\">Fizioterapia<\/h2><\/div><div class=\"uvc-heading-spacer line_only\" style=\"margin-bottom:20px;height:1px;\"><span class=\"uvc-headings-line\" style=\"border-style:solid;border-bottom-width:1px;border-color:#ccc;width:autopx;\"><\/span><\/div><\/div>\n\t<div class=\"wpb_text_column wpb_content_element  wpb_animate_when_almost_visible wpb_fadeInRight fadeInRight\" >\n\t\t<div class=\"wpb_wrapper\">\n\t\t\t<p align=\"justify\"><span style=\"font-family: Times New Roman, serif;\"><span style=\"font-size: medium;\"><b>Fizioterapia <\/b><\/span><\/span><span style=\"font-family: Times New Roman, serif;\"><span style=\"font-size: medium;\">este o component\u0103 esen\u021bial\u0103 a serviciilor noastre de s\u0103n\u0103tate, oferind o gam\u0103 larg\u0103 de tratamente \u0219i tehnici pentru a v\u0103 ajuta s\u0103 v\u0103 recupera\u021bi mobilitatea, s\u0103 reduce\u021bi durerea \u0219i s\u0103 v\u0103 \u00eembun\u0103t\u0103\u021bi\u021bi calitatea vie\u021bii.<\/span><\/span><\/p>\n<p align=\"justify\"><span style=\"font-family: Times New Roman, serif;\"><span style=\"font-size: medium;\">La <\/span><\/span><span style=\"font-family: Times New Roman, serif;\"><span style=\"font-size: medium;\"><b>Clinica Medical\u0103 VIP-Consult<\/b><\/span><\/span><span style=\"font-family: Times New Roman, serif;\"><span style=\"font-size: medium;\">, suntem dedica\u021bi s\u0103 v\u0103 ajut\u0103m s\u0103 v\u0103 rec\u0103p\u0103ta\u021bi func\u021bionalitatea \u0219i s\u0103 v\u0103 atinge\u021bi obiectivele de s\u0103n\u0103tate prin intermediul fizioterapiei. Echipa noastr\u0103 de fizioterapeu\u021bi specializa\u021bi v\u0103 va ghida \u00een fiecare etap\u0103 a procesului de recuperare.<\/span><\/span><\/p>\n<p align=\"justify\"><span style=\"font-family: Times New Roman, serif;\"><span style=\"font-size: medium;\"><b>Protocoalele de fizioterapie <\/b><\/span><\/span><span style=\"font-family: Times New Roman, serif;\"><span style=\"font-size: medium;\">utilizate in cadrul clinicii noastre, sunt complementare programelor de kinetoterapie \u0219i includ tehnici \u0219i echipamente cum ar fi ultrasunetele, electroterapia \u0219i terapia cu laser, utilizate pentru a reduce inflama\u021bia, a stimula vindecarea \u021besuturilor \u0219i pentru ameliorarea durerii. De asemenea, utiliz\u0103m tehnologii avansate de fizioterapie, inclusiv dispozitivele electrice precum aparatul TECAR, magnetoterapia \u0219i cromoterapia. Aceste tehnici moderne pot ajuta la accelerarea procesului de vindecare, reducerea inflama\u021biei \u0219i ameliorarea durerii, contribuind astfel la optimizarea rezultatelor tratamentului fizioterapeutic.<\/span><\/span><\/p>\n<p align=\"justify\"><span style=\"color: #0d0d0d;\"><span style=\"font-family: Times New Roman, serif;\"><span style=\"font-size: medium;\">Indiferent de afec\u021biunea sau problema de s\u0103n\u0103tate cu care v\u0103 confrunta\u021bi, echipa noastr\u0103 de fizioterapeu\u021bi v\u0103 va oferi suportul \u0219i \u00eendrumarea necesare pentru a v\u0103 rec\u0103p\u0103ta func\u021bionalitatea \u0219i a v\u0103 bucura de o via\u021b\u0103 activ\u0103 \u0219i lipsit\u0103 de durere.<\/span><\/span><\/span><\/p>\n\n\t\t<\/div>\n\t<\/div>\n<\/div><\/div><\/div><\/div><\/div><\/section><section id=\"9779\" class=\"container-fluid vntd-section-default section-default-width\"><div class=\"vc_row wpb_row\"><div class=\"inner\"><div class=\"wpb_column vc_column_container vc_col-sm-12\"><div class=\"vc_column-inner\"><div class=\"wpb_wrapper\">\n\t<div class=\"wpb_text_column wpb_content_element\" >\n\t\t<div class=\"wpb_wrapper\">\n\t\t\t\n\t\t<\/div>\n\t<\/div>\n<\/div><\/div><\/div><\/div><\/div><\/section><section id=\"2059\" class=\"container-fluid vntd-section-default section-default-width\"><div class=\"vc_row wpb_row\"><div class=\"inner\"><div class=\"wpb_column vc_column_container vc_col-sm-12\"><div class=\"vc_column-inner\"><div class=\"wpb_wrapper\"><section class=\"vc_cta3-container\"><div class=\"vc_general vc_cta3 vc_cta3-style-classic vc_cta3-shape-rounded vc_cta3-align-left vc_cta3-color-classic vc_cta3-icon-size-md vc_cta3-actions-right  wpb_animate_when_almost_visible wpb_bounceIn bounceIn\"><div class=\"vc_cta3_content-container\"><div class=\"vc_cta3-content\"><header class=\"vc_cta3-content-header\"><h2>Solicit\u0103 o programare<\/h2><h4>Primul pas spre men\u021binerea ideal\u0103 a s\u0103n\u0103t\u0103\u021bii este o vizit\u0103 la speciali\u0219ti. V\u0103 invit\u0103m!<\/h4><\/header><p>Prin intermediul platformei de program\u0103ri VIP-Consult pute\u021bi solicita o programare.<\/p>\n<p><strong>Alege\u021bi data \u0219i intervalul orar dorit,<\/strong> men\u021biona\u021bi c\u00e2teva detalii despre ce va intereseaz\u0103 \u0219i imediat un consultant VIP-Consult v\u0103 va contacta pentru a confirma disponibilitatea intervalului solicitat.<\/p>\n<\/div><div class=\"vc_cta3-actions\"><div class=\"vc_btn3-container vc_btn3-inline\" ><a class=\"vc_general vc_btn3 vc_btn3-size-md vc_btn3-shape-rounded vc_btn3-style-modern vc_btn3-icon-left vc_btn3-color-purple\" href=\"https:\/\/vip-consult.ro\/en\/programari\/\" title=\"Programari\"><i class=\"vc_btn3-icon fas fa-clinic-medical\"><\/i> Programare<\/a><\/div><\/div><\/div><\/div><\/section><\/div><\/div><\/div><\/div><\/div><\/section>\n<\/div>","protected":false},"excerpt":{"rendered":"Transferul electric capacitiv \u0219i rezistiv este o tehnic\u0103 de terapie fizic\u0103 care utilizeaz\u0103 transferul de energie electric\u0103 pentru a stimula \u021besuturile \u0219i pentru a promova regenerarea celular\u0103 \u0219i recuperarea dup\u0103 leziuni musculo-scheletice. Prin aplicarea electrozilor \u00een zona de tratat se genereaz\u0103 curen\u021bi de \u00eenalt\u0103 frecven\u021b\u0103 care p\u0103trund \u00een \u021besuturile profunde \u0219i produc efecte terapeutice. Terapia se bazeaz\u0103 pe principiul diatermiei, care const\u0103 \u00een \u00eenc\u0103lzirea \u021besuturilor prin aplicarea curen\u021bilor electrici. Cu [...]","protected":false},"author":1,"featured_media":0,"parent":2077,"menu_order":0,"comment_status":"closed","ping_status":"closed","template":"","meta":[],"_links":{"self":[{"href":"https:\/\/vip-consult.ro\/en\/wp-json\/wp\/v2\/pages\/2465"}],"collection":[{"href":"https:\/\/vip-consult.ro\/en\/wp-json\/wp\/v2\/pages"}],"about":[{"href":"https:\/\/vip-consult.ro\/en\/wp-json\/wp\/v2\/types\/page"}],"author":[{"embeddable":true,"href":"https:\/\/vip-consult.ro\/en\/wp-json\/wp\/v2\/users\/1"}],"replies":[{"embeddable":true,"href":"https:\/\/vip-consult.ro\/en\/wp-json\/wp\/v2\/comments?post=2465"}],"version-history":[{"count":8,"href":"https:\/\/vip-consult.ro\/en\/wp-json\/wp\/v2\/pages\/2465\/revisions"}],"predecessor-version":[{"id":2931,"href":"https:\/\/vip-consult.ro\/en\/wp-json\/wp\/v2\/pages\/2465\/revisions\/2931"}],"up":[{"embeddable":true,"href":"https:\/\/vip-consult.ro\/en\/wp-json\/wp\/v2\/pages\/2077"}],"wp:attachment":[{"href":"https:\/\/vip-consult.ro\/en\/wp-json\/wp\/v2\/media?parent=2465"}],"curies":[{"name":"wp","href":"https:\/\/api.w.org\/{rel}","templated":true}]}}