{"id":2463,"date":"2024-01-29T12:38:12","date_gmt":"2024-01-29T12:38:12","guid":{"rendered":"https:\/\/vip-consult.ro\/?page_id=2463"},"modified":"2024-11-22T09:00:25","modified_gmt":"2024-11-22T07:00:25","slug":"delta-terapia","status":"publish","type":"page","link":"https:\/\/vip-consult.ro\/en\/servicii\/delta-terapia\/","title":{"rendered":"Delta Terapia"},"content":{"rendered":"<div class=\"wpb-content-wrapper\"><section id=\"5882\" class=\"container-fluid vntd-section-default section-default-width\"><div class=\"vc_row wpb_row\"><div class=\"inner\"><div class=\"wpb_column vc_column_container vc_col-sm-12\"><div class=\"vc_column-inner\"><div class=\"wpb_wrapper\"><div class=\"ult-new-ib ult-ib-effect-style1  ult-ib-resp\" data-min-width=\"768\" data-max-width=\"900\" style=\"\" data-opacity=\"1\" data-hover-opacity=\"1\" ><img class=\"ult-new-ib-img\" style=\"opacity:1;\" alt=\"null\" src=\"https:\/\/vip-consult.ro\/wp-content\/uploads\/2024\/03\/super-vip-2.jpg\"   \/><div id=\"interactive-banner-wrap-7495\" class=\"ult-new-ib-desc\" style=\"\"><h2 class=\"ult-new-ib-title ult-responsive\"  data-ultimate-target='#interactive-banner-wrap-7495 .ult-new-ib-title'  data-responsive-json-new='{\"font-size\":\"\",\"line-height\":\"\"}'  style=\"font-weight:normal;\"><\/h2><\/div><\/div><script type=\"text\/javascript\">\r\n\t\t\t(function($){\r\n\t\t\t\t$(document).ready(function(){\r\n\t\t\t\t\t$(\".ult-new-ib\").css(\"opacity\",\"1\");\r\n\t\t\t\t});\r\n\t\t\t})(jQuery);\r\n\t\t\t<\/script><\/div><\/div><\/div><\/div><\/div><\/section><section id=\"108\" class=\"container-fluid vntd-section-default section-default-width\"><div class=\"vc_row wpb_row  vc_custom_1706000667389\"><div class=\"inner\"><div class=\"wpb_column vc_column_container vc_col-sm-3\"><div class=\"vc_column-inner\"><div class=\"wpb_wrapper\">\n\t<div class=\"wpb_single_image wpb_content_element vc_align_left  wpb_animate_when_almost_visible wpb_fadeIn fadeIn\">\n\t\t<div class=\"wpb_wrapper\">\n\t\t\t\n\t\t\t<div class=\"vc_single_image-wrapper vc_box_shadow_border  vc_box_border_grey\"><img width=\"1024\" height=\"683\" src=\"https:\/\/vip-consult.ro\/wp-content\/uploads\/2024\/03\/super-vip-1024x683.jpg\" class=\"vc_single_image-img attachment-large\" alt=\"\" decoding=\"async\" loading=\"lazy\" title=\"Team of researchers working and shwoing information on monitor display\" srcset=\"https:\/\/vip-consult.ro\/wp-content\/uploads\/2024\/03\/super-vip-1024x683.jpg 1024w, https:\/\/vip-consult.ro\/wp-content\/uploads\/2024\/03\/super-vip-300x200.jpg 300w, https:\/\/vip-consult.ro\/wp-content\/uploads\/2024\/03\/super-vip-768x512.jpg 768w, https:\/\/vip-consult.ro\/wp-content\/uploads\/2024\/03\/super-vip-1536x1024.jpg 1536w, https:\/\/vip-consult.ro\/wp-content\/uploads\/2024\/03\/super-vip-2048x1365.jpg 2048w, https:\/\/vip-consult.ro\/wp-content\/uploads\/2024\/03\/super-vip-1670x1113.jpg 1670w, https:\/\/vip-consult.ro\/wp-content\/uploads\/2024\/03\/super-vip-880x587.jpg 880w, https:\/\/vip-consult.ro\/wp-content\/uploads\/2024\/03\/super-vip-450x300.jpg 450w\" sizes=\"(max-width: 1024px) 100vw, 1024px\" \/><\/div>\n\t\t<\/div>\n\t<\/div>\n<\/div><\/div><\/div><div class=\"wpb_column vc_column_container vc_col-sm-9\"><div class=\"vc_column-inner\"><div class=\"wpb_wrapper\"><div id=\"ultimate-heading-230269f3742074c9b\" class=\"uvc-heading ult-adjust-bottom-margin ultimate-heading-230269f3742074c9b uvc-6632\" data-hspacer=\"line_only\"  data-halign=\"left\" style=\"text-align:left\"><div class=\"uvc-main-heading ult-responsive\"  data-ultimate-target='.uvc-heading.ultimate-heading-230269f3742074c9b h2'  data-responsive-json-new='{\"font-size\":\"\",\"line-height\":\"\"}' ><h2 style=\"font-weight:normal;\">Delta Terapia<\/h2><\/div><div class=\"uvc-heading-spacer line_only\" style=\"margin-bottom:20px;height:1px;\"><span class=\"uvc-headings-line\" style=\"border-style:solid;border-bottom-width:1px;border-color:#ccc;width:autopx;\"><\/span><\/div><\/div>\n\t<div class=\"wpb_text_column wpb_content_element  wpb_animate_when_almost_visible wpb_fadeInRight fadeInRight\" >\n\t\t<div class=\"wpb_wrapper\">\n\t\t\t<p><em><strong>DELTA-TERAPIA, (DELTA-Therapy)<\/strong><\/em> este o metod\u0103 de terapie holistic\u0103 cu frecven\u021bele proprii ale pacientului. Pe l\u00e2ng\u0103 frecven\u021bele s\u0103n\u0103toase, exist\u0103 \u0219i frecven\u021be nes\u0103n\u0103toase, dizarmonice, g\u0103site \u00een corpul unei persoane bolnave.<\/p>\n<p>DELTA-Terapia \u00eent\u0103re\u0219te frecven\u021bele s\u0103n\u0103toase \u0219i le contracareaz\u0103 pe cele dizarmonice (sau cel pu\u021bin le sl\u0103be\u0219te p\u00e2n\u0103 la un punct, \u00een care acestea nu mai sunt o perturbare, depinde de pacient).<\/p>\n<p>Cu DELTA-Terapia pacientul prezint\u0103 o \u00eembun\u0103t\u0103\u021bire radical\u0103, dac\u0103 din orice motiv capacitatea lui de a rezista la boli a fost sl\u0103bit\u0103. DELTA-Terapia este foarte eficient\u0103 \u00een tratarea problemelor acute, actuale dupa o noua scanare, cum ar fi:<br \/>\nalergii, dureri, inflama\u021bie, astm, bron\u0219it\u0103, gastrit\u0103, ulcer, migren\u0103, boli ale inimii \u0219i ale sistemului circulator, chisturi, diabet, intoleran\u021b\u0103 alimentar\u0103, grip\u0103, r\u0103ceal\u0103 \u0219i multe altele.<\/p>\n<p>Aceast\u0103 terapie func\u021bioneaz\u0103 adesea surprinz\u0103tor de rapid \u0219i scurteaz\u0103 \u0219i procesul de vindecare a r\u0103nilor. Puterile de autovindecare ale corpului sunt activate, chiar \u0219i pentru bolile pe care pacientul le-a avut de mult timp.<\/p>\n<h4>Nu se cunosc efecte nocive ale terapiei DELTA.<\/h4>\n\n\t\t<\/div>\n\t<\/div>\n<\/div><\/div><\/div><\/div><\/div><\/section><section id=\"2829\" class=\"container-fluid vntd-section-default section-default-width\"><div class=\"vc_row wpb_row\"><div class=\"inner\"><div class=\"wpb_column vc_column_container vc_col-sm-12\"><div class=\"vc_column-inner\"><div class=\"wpb_wrapper\"><section class=\"vc_cta3-container\"><div class=\"vc_general vc_cta3 vc_cta3-style-classic vc_cta3-shape-rounded vc_cta3-align-left vc_cta3-color-classic vc_cta3-icon-size-md vc_cta3-actions-right  wpb_animate_when_almost_visible wpb_bounceIn bounceIn\"><div class=\"vc_cta3_content-container\"><div class=\"vc_cta3-content\"><header class=\"vc_cta3-content-header\"><h2>Solicit\u0103 o programare<\/h2><h4>Primul pas spre men\u021binerea ideal\u0103 a s\u0103n\u0103t\u0103\u021bii este o vizit\u0103 la speciali\u0219ti. V\u0103 invit\u0103m!<\/h4><\/header><p>Prin intermediul platformei de program\u0103ri VIP-Consult pute\u021bi solicita o programare.<\/p>\n<p><strong>Alege\u021bi data \u0219i intervalul orar dorit,<\/strong> men\u021biona\u021bi c\u00e2teva detalii despre ce va intereseaz\u0103 \u0219i imediat un consultant VIP-Consult v\u0103 va contacta pentru a confirma disponibilitatea intervalului solicitat.<\/p>\n<\/div><div class=\"vc_cta3-actions\"><div class=\"vc_btn3-container vc_btn3-inline\" ><a class=\"vc_general vc_btn3 vc_btn3-size-md vc_btn3-shape-rounded vc_btn3-style-modern vc_btn3-icon-left vc_btn3-color-purple\" href=\"https:\/\/vip-consult.ro\/en\/programari\/\" title=\"Programari\"><i class=\"vc_btn3-icon fas fa-clinic-medical\"><\/i> Programare<\/a><\/div><\/div><\/div><\/div><\/section><\/div><\/div><\/div><\/div><\/div><\/section>\n<\/div>","protected":false},"excerpt":{"rendered":"Delta Terapia DELTA-TERAPIA, (DELTA-Therapy) este o metod\u0103 de terapie holistic\u0103 cu frecven\u021bele proprii ale pacientului. Pe l\u00e2ng\u0103 frecven\u021bele s\u0103n\u0103toase, exist\u0103 \u0219i frecven\u021be nes\u0103n\u0103toase, dizarmonice, g\u0103site \u00een corpul unei persoane bolnave. DELTA-Terapia \u00eent\u0103re\u0219te frecven\u021bele s\u0103n\u0103toase \u0219i le contracareaz\u0103 pe cele dizarmonice (sau cel pu\u021bin le sl\u0103be\u0219te p\u00e2n\u0103 la un punct, \u00een care acestea nu mai sunt o perturbare, depinde de pacient). Cu DELTA-Terapia pacientul prezint\u0103 o \u00eembun\u0103t\u0103\u021bire radical\u0103, dac\u0103 din orice [...]","protected":false},"author":1,"featured_media":0,"parent":2077,"menu_order":0,"comment_status":"closed","ping_status":"closed","template":"","meta":[],"_links":{"self":[{"href":"https:\/\/vip-consult.ro\/en\/wp-json\/wp\/v2\/pages\/2463"}],"collection":[{"href":"https:\/\/vip-consult.ro\/en\/wp-json\/wp\/v2\/pages"}],"about":[{"href":"https:\/\/vip-consult.ro\/en\/wp-json\/wp\/v2\/types\/page"}],"author":[{"embeddable":true,"href":"https:\/\/vip-consult.ro\/en\/wp-json\/wp\/v2\/users\/1"}],"replies":[{"embeddable":true,"href":"https:\/\/vip-consult.ro\/en\/wp-json\/wp\/v2\/comments?post=2463"}],"version-history":[{"count":4,"href":"https:\/\/vip-consult.ro\/en\/wp-json\/wp\/v2\/pages\/2463\/revisions"}],"predecessor-version":[{"id":2927,"href":"https:\/\/vip-consult.ro\/en\/wp-json\/wp\/v2\/pages\/2463\/revisions\/2927"}],"up":[{"embeddable":true,"href":"https:\/\/vip-consult.ro\/en\/wp-json\/wp\/v2\/pages\/2077"}],"wp:attachment":[{"href":"https:\/\/vip-consult.ro\/en\/wp-json\/wp\/v2\/media?parent=2463"}],"curies":[{"name":"wp","href":"https:\/\/api.w.org\/{rel}","templated":true}]}}