{"id":2429,"date":"2024-01-28T21:36:04","date_gmt":"2024-01-28T21:36:04","guid":{"rendered":"https:\/\/vip-consult.ro\/?page_id=2429"},"modified":"2024-11-22T09:08:44","modified_gmt":"2024-11-22T07:08:44","slug":"terapia-sanum","status":"publish","type":"page","link":"https:\/\/vip-consult.ro\/en\/servicii\/terapia-sanum\/","title":{"rendered":"Terapia Sanum"},"content":{"rendered":"<div class=\"wpb-content-wrapper\"><section id=\"1979\" class=\"container-fluid vntd-section-default section-fullwidth\"><div class=\"vc_row wpb_row\"><div class=\"inner fullwidth\"><div class=\"wpb_column vc_column_container vc_col-sm-12\"><div class=\"vc_column-inner\"><div class=\"wpb_wrapper\">\n\t<div class=\"wpb_single_image wpb_content_element vc_align_center\">\n\t\t<div class=\"wpb_wrapper\">\n\t\t\t\n\t\t\t<div class=\"vc_single_image-wrapper   vc_box_border_grey\"><img width=\"1000\" height=\"750\" src=\"https:\/\/vip-consult.ro\/wp-content\/uploads\/2024\/01\/candida.jpg\" class=\"vc_single_image-img attachment-full\" alt=\"\" decoding=\"async\" loading=\"lazy\" title=\"candida\" srcset=\"https:\/\/vip-consult.ro\/wp-content\/uploads\/2024\/01\/candida.jpg 1000w, https:\/\/vip-consult.ro\/wp-content\/uploads\/2024\/01\/candida-300x225.jpg 300w, https:\/\/vip-consult.ro\/wp-content\/uploads\/2024\/01\/candida-768x576.jpg 768w, https:\/\/vip-consult.ro\/wp-content\/uploads\/2024\/01\/candida-880x660.jpg 880w, https:\/\/vip-consult.ro\/wp-content\/uploads\/2024\/01\/candida-450x338.jpg 450w\" sizes=\"(max-width: 1000px) 100vw, 1000px\" \/><\/div>\n\t\t<\/div>\n\t<\/div>\n<\/div><\/div><\/div><\/div><\/div><\/section><section id=\"7599\" class=\"container-fluid vntd-section-default section-default-width\"><div class=\"vc_row wpb_row  vc_custom_1706000667389\"><div class=\"inner\"><div class=\"wpb_column vc_column_container vc_col-sm-6\"><div class=\"vc_column-inner\"><div class=\"wpb_wrapper\">\n\t<div class=\"wpb_single_image wpb_content_element vc_align_left  wpb_animate_when_almost_visible wpb_fadeIn fadeIn\">\n\t\t<div class=\"wpb_wrapper\">\n\t\t\t\n\t\t\t<div class=\"vc_single_image-wrapper vc_box_shadow_border  vc_box_border_grey\"><img width=\"1000\" height=\"790\" src=\"https:\/\/vip-consult.ro\/wp-content\/uploads\/2024\/01\/albicansan_d5_tropfen_10ml_1_c50656d340.jpg\" class=\"vc_single_image-img attachment-large\" alt=\"\" decoding=\"async\" loading=\"lazy\" title=\"albicansan_d5_tropfen_10ml_1_c50656d340\" srcset=\"https:\/\/vip-consult.ro\/wp-content\/uploads\/2024\/01\/albicansan_d5_tropfen_10ml_1_c50656d340.jpg 1000w, https:\/\/vip-consult.ro\/wp-content\/uploads\/2024\/01\/albicansan_d5_tropfen_10ml_1_c50656d340-300x237.jpg 300w, https:\/\/vip-consult.ro\/wp-content\/uploads\/2024\/01\/albicansan_d5_tropfen_10ml_1_c50656d340-768x607.jpg 768w, https:\/\/vip-consult.ro\/wp-content\/uploads\/2024\/01\/albicansan_d5_tropfen_10ml_1_c50656d340-880x695.jpg 880w, https:\/\/vip-consult.ro\/wp-content\/uploads\/2024\/01\/albicansan_d5_tropfen_10ml_1_c50656d340-450x356.jpg 450w\" sizes=\"(max-width: 1000px) 100vw, 1000px\" \/><\/div>\n\t\t<\/div>\n\t<\/div>\n<\/div><\/div><\/div><div class=\"wpb_column vc_column_container vc_col-sm-6\"><div class=\"vc_column-inner\"><div class=\"wpb_wrapper\"><div id=\"ultimate-heading-950469f351844dc44\" class=\"uvc-heading ult-adjust-bottom-margin ultimate-heading-950469f351844dc44 uvc-9066\" data-hspacer=\"line_only\"  data-halign=\"left\" style=\"text-align:left\"><div class=\"uvc-main-heading ult-responsive\"  data-ultimate-target='.uvc-heading.ultimate-heading-950469f351844dc44 h2'  data-responsive-json-new='{\"font-size\":\"\",\"line-height\":\"\"}' ><h2 style=\"font-weight:normal;\">Terapia Sanum<\/h2><\/div><div class=\"uvc-heading-spacer line_only\" style=\"margin-bottom:20px;height:1px;\"><span class=\"uvc-headings-line\" style=\"border-style:solid;border-bottom-width:1px;border-color:#ccc;width:autopx;\"><\/span><\/div><\/div>\n\t<div class=\"wpb_text_column wpb_content_element  wpb_animate_when_almost_visible wpb_fadeInRight fadeInRight\" >\n\t\t<div class=\"wpb_wrapper\">\n\t\t\t<h4>Izopatia\u00a0este o metoda alternativa de tratament care trateaza organismul prin utilizarea unor remedii obtinute din insasi agentul cauzal al bolii (tratament Sanum).<\/h4>\n<p>La inceputul anului 1900,\u00a0<strong>dr. GUNTHER ENDERLIN<\/strong>\u00a0devine cunoscut in Germania prin conceptul de pleomorfism al microorganismelor si prin ipoteza sa despre originea si tratamentul cancerului: \u201ccancerul este o boala infectioasa aparuta ca urmare a infectiei cu endobionti (care sunt necesari functionarii normale a organismului) deveniti patogeni prin cresterea toxicitatii organismului\u201d.<\/p>\n<p>Medicamentele pe care l-a utilizat le-a numit\u00a0<strong>izopatice<\/strong> pentru ca erau constituite din endobiontii apatogeni si necesari omului. Aceste medicamente (remedii) sunt capabile sa regreseze formele patogene, virulente in forme apatogene, nevirulente care apoi parasesc organismul prin caile naturale de eliminare. Cu alte cuvinte prin acest tratament se pot obtine rezultate notabile in afectiuni virale (tratament naturist hepatita B, tratament naturist hepatita C, tratament naturist herpes, tratament naturist HIV, etc &#8230;), bacteriologice ( helicobacter pylori tratament naturist, tratament streptococ, tratament stafilococ, etc&#8230;) si micotice ( candida tratament naturist, tratament micoze, etc &#8230;).<\/p>\n<p><strong>SANUM-Kehlbeck<\/strong>\u00a0au obtinut drepturile exclusive de a produce remedii homeopate si izopate dupa formulele lui Enderlin.<\/p>\n<p>Din propria mea experient profesionala, cu acest tratament putem practic vorbi de<\/p>\n<p><strong>O ALTA TERAPI<\/strong><strong>E, <\/strong>inclusiv pentru afectiuni oncologice<strong> \u00a0<\/strong>(tratament cancer colon, cancer de san, cancer la ficat, cancer la plaman, cancer in gat, cancer de prostata &#8230; ) cu scaderea riscului de recidiva! (asa cum si propria noastra experienta o demonstreaza).<\/p>\n<p>Tratamentul SANUM se adreseaza practic oricarei afectiuni, nu doar cancerului.<\/p>\n\n\t\t<\/div>\n\t<\/div>\n<\/div><\/div><\/div><\/div><\/div><\/section><section id=\"559\" class=\"container-fluid vntd-section-default section-default-width\"><div class=\"vc_row wpb_row\"><div class=\"inner\"><div class=\"wpb_column vc_column_container vc_col-sm-12\"><div class=\"vc_column-inner\"><div class=\"wpb_wrapper\">\n\t<div class=\"wpb_text_column wpb_content_element\" >\n\t\t<div class=\"wpb_wrapper\">\n\t\t\t\n\t\t<\/div>\n\t<\/div>\n<\/div><\/div><\/div><\/div><\/div><\/section><section id=\"2693\" class=\"container-fluid vntd-section-default section-default-width\"><div class=\"vc_row wpb_row\"><div class=\"inner\"><div class=\"wpb_column vc_column_container vc_col-sm-12\"><div class=\"vc_column-inner\"><div class=\"wpb_wrapper\"><section class=\"vc_cta3-container\"><div class=\"vc_general vc_cta3 vc_cta3-style-classic vc_cta3-shape-rounded vc_cta3-align-left vc_cta3-color-classic vc_cta3-icon-size-md vc_cta3-actions-right  wpb_animate_when_almost_visible wpb_bounceIn bounceIn\"><div class=\"vc_cta3_content-container\"><div class=\"vc_cta3-content\"><header class=\"vc_cta3-content-header\"><h2>Solicit\u0103 o programare<\/h2><h4>Primul pas spre men\u021binerea ideal\u0103 a s\u0103n\u0103t\u0103\u021bii este o vizit\u0103 la speciali\u0219ti. V\u0103 invit\u0103m!<\/h4><\/header><p>Prin intermediul platformei de program\u0103ri VIP-Consult pute\u021bi solicita o programare.<\/p>\n<p><strong>Alege\u021bi data \u0219i intervalul orar dorit,<\/strong> men\u021biona\u021bi c\u00e2teva detalii despre ce va intereseaz\u0103 \u0219i imediat un consultant VIP-Consult v\u0103 va contacta pentru a confirma disponibilitatea intervalului solicitat.<\/p>\n<\/div><div class=\"vc_cta3-actions\"><div class=\"vc_btn3-container vc_btn3-inline\" ><a class=\"vc_general vc_btn3 vc_btn3-size-md vc_btn3-shape-rounded vc_btn3-style-modern vc_btn3-icon-left vc_btn3-color-purple\" href=\"https:\/\/vip-consult.ro\/en\/programari\/\" title=\"Programari\"><i class=\"vc_btn3-icon fas fa-clinic-medical\"><\/i> Programare<\/a><\/div><\/div><\/div><\/div><\/section><\/div><\/div><\/div><\/div><\/div><\/section>\n<\/div>","protected":false},"excerpt":{"rendered":"Terapia Sanum Izopatia\u00a0este o metoda alternativa de tratament care trateaza organismul prin utilizarea unor remedii obtinute din insasi agentul cauzal al bolii (tratament Sanum). La inceputul anului 1900,\u00a0dr. GUNTHER ENDERLIN\u00a0devine cunoscut in Germania prin conceptul de pleomorfism al microorganismelor si prin ipoteza sa despre originea si tratamentul cancerului: \u201ccancerul este o boala infectioasa aparuta ca urmare a infectiei cu endobionti (care sunt necesari functionarii normale a organismului) deveniti patogeni prin [...]","protected":false},"author":1,"featured_media":0,"parent":2077,"menu_order":0,"comment_status":"closed","ping_status":"closed","template":"","meta":[],"_links":{"self":[{"href":"https:\/\/vip-consult.ro\/en\/wp-json\/wp\/v2\/pages\/2429"}],"collection":[{"href":"https:\/\/vip-consult.ro\/en\/wp-json\/wp\/v2\/pages"}],"about":[{"href":"https:\/\/vip-consult.ro\/en\/wp-json\/wp\/v2\/types\/page"}],"author":[{"embeddable":true,"href":"https:\/\/vip-consult.ro\/en\/wp-json\/wp\/v2\/users\/1"}],"replies":[{"embeddable":true,"href":"https:\/\/vip-consult.ro\/en\/wp-json\/wp\/v2\/comments?post=2429"}],"version-history":[{"count":8,"href":"https:\/\/vip-consult.ro\/en\/wp-json\/wp\/v2\/pages\/2429\/revisions"}],"predecessor-version":[{"id":2692,"href":"https:\/\/vip-consult.ro\/en\/wp-json\/wp\/v2\/pages\/2429\/revisions\/2692"}],"up":[{"embeddable":true,"href":"https:\/\/vip-consult.ro\/en\/wp-json\/wp\/v2\/pages\/2077"}],"wp:attachment":[{"href":"https:\/\/vip-consult.ro\/en\/wp-json\/wp\/v2\/media?parent=2429"}],"curies":[{"name":"wp","href":"https:\/\/api.w.org\/{rel}","templated":true}]}}