{"id":2374,"date":"2024-01-25T08:28:35","date_gmt":"2024-01-25T08:28:35","guid":{"rendered":"https:\/\/vip-consult.ro\/?page_id=2374"},"modified":"2024-11-22T09:02:51","modified_gmt":"2024-11-22T07:02:51","slug":"iridiologie","status":"publish","type":"page","link":"https:\/\/vip-consult.ro\/en\/servicii\/iridiologie\/","title":{"rendered":"Iridiologie"},"content":{"rendered":"<div class=\"wpb-content-wrapper\"><section id=\"764\" class=\"container-fluid vntd-section-default section-fullwidth\"><div class=\"vc_row wpb_row\"><div class=\"inner fullwidth\"><div class=\"wpb_column vc_column_container vc_col-sm-12\"><div class=\"vc_column-inner\"><div class=\"wpb_wrapper\">\n\t<div class=\"wpb_single_image wpb_content_element vc_align_center\">\n\t\t<div class=\"wpb_wrapper\">\n\t\t\t\n\t\t\t<div class=\"vc_single_image-wrapper   vc_box_border_grey\"><img width=\"380\" height=\"246\" src=\"https:\/\/vip-consult.ro\/wp-content\/uploads\/2024\/01\/Iridiologie-3-1.jpg\" class=\"vc_single_image-img attachment-full\" alt=\"\" decoding=\"async\" loading=\"lazy\" title=\"Iridiologie 3\" srcset=\"https:\/\/vip-consult.ro\/wp-content\/uploads\/2024\/01\/Iridiologie-3-1.jpg 380w, https:\/\/vip-consult.ro\/wp-content\/uploads\/2024\/01\/Iridiologie-3-1-300x194.jpg 300w\" sizes=\"(max-width: 380px) 100vw, 380px\" \/><\/div>\n\t\t<\/div>\n\t<\/div>\n<\/div><\/div><\/div><\/div><\/div><\/section><section id=\"2155\" class=\"container-fluid vntd-section-default section-default-width\"><div class=\"vc_row wpb_row  vc_custom_1706000667389\"><div class=\"inner\"><div class=\"wpb_column vc_column_container vc_col-sm-6\"><div class=\"vc_column-inner\"><div class=\"wpb_wrapper\">\n\t<div class=\"wpb_single_image wpb_content_element vc_align_left  wpb_animate_when_almost_visible wpb_fadeIn fadeIn\">\n\t\t<div class=\"wpb_wrapper\">\n\t\t\t\n\t\t\t<div class=\"vc_single_image-wrapper vc_box_shadow_border  vc_box_border_grey\"><img width=\"918\" height=\"486\" src=\"https:\/\/vip-consult.ro\/wp-content\/uploads\/2024\/01\/Iridiologie-2.jpg\" class=\"vc_single_image-img attachment-large\" alt=\"\" decoding=\"async\" loading=\"lazy\" title=\"Iridiologie (2)\" srcset=\"https:\/\/vip-consult.ro\/wp-content\/uploads\/2024\/01\/Iridiologie-2.jpg 918w, https:\/\/vip-consult.ro\/wp-content\/uploads\/2024\/01\/Iridiologie-2-300x159.jpg 300w, https:\/\/vip-consult.ro\/wp-content\/uploads\/2024\/01\/Iridiologie-2-768x407.jpg 768w, https:\/\/vip-consult.ro\/wp-content\/uploads\/2024\/01\/Iridiologie-2-880x466.jpg 880w, https:\/\/vip-consult.ro\/wp-content\/uploads\/2024\/01\/Iridiologie-2-450x238.jpg 450w\" sizes=\"(max-width: 918px) 100vw, 918px\" \/><\/div>\n\t\t<\/div>\n\t<\/div>\n<\/div><\/div><\/div><div class=\"wpb_column vc_column_container vc_col-sm-6\"><div class=\"vc_column-inner\"><div class=\"wpb_wrapper\"><div id=\"ultimate-heading-33469f26f72ed71e\" class=\"uvc-heading ult-adjust-bottom-margin ultimate-heading-33469f26f72ed71e uvc-8486\" data-hspacer=\"line_only\"  data-halign=\"left\" style=\"text-align:left\"><div class=\"uvc-main-heading ult-responsive\"  data-ultimate-target='.uvc-heading.ultimate-heading-33469f26f72ed71e h2'  data-responsive-json-new='{\"font-size\":\"\",\"line-height\":\"\"}' ><h2 style=\"font-weight:normal;\">Iridiologie<\/h2><\/div><div class=\"uvc-heading-spacer line_only\" style=\"margin-bottom:20px;height:1px;\"><span class=\"uvc-headings-line\" style=\"border-style:solid;border-bottom-width:1px;border-color:#ccc;width:autopx;\"><\/span><\/div><\/div>\n\t<div class=\"wpb_text_column wpb_content_element  wpb_animate_when_almost_visible wpb_fadeInRight fadeInRight\" >\n\t\t<div class=\"wpb_wrapper\">\n\t\t\t<h4>METOD\u0102 NESPECIFIC\u0102 DE CULEGERE A INFORMA\u021aIEI DE PE IRIS, VERIFICAT\u0102 PE PARCUSUL MULTOR SECOLE, \u00a0OFERA INFORMATII DESPRE MODIFIC\u0102RILE EREDITARE \u015eI PATOLOGICE DIN ORGANISM.<\/h4>\n<p>Aceasta metoda straveche ofera o mul\u021bime de informa\u021bii despre starea general\u0103 a organismului, despre p\u0103r\u021bile tari \u0219i slabe, despre for\u021bele lui de protec\u021bie, despre predispozi\u021bia la boli , despre na\u0219tere \u0219i posibilit\u0103\u021bile de a na\u0219te, despre starea psiho-emo\u021bional\u0103, despre intoxica\u021bii, despre patologia ascuns\u0103, despre procesele care pot duce la tulbur\u0103ri metabolice, despre reactivitatea sistemului nervos, despre st\u0103rile preclinice \u0219i \u00eenc\u0103 o mul\u021bime de alte informa\u021bii necesare noua, medicilor, terapeutilor sau tuturor celor care vor sa stie cum poate fi prevenita instalarea bolii in organism.<\/p>\n\n\t\t<\/div>\n\t<\/div>\n<\/div><\/div><\/div><\/div><\/div><\/section><section id=\"1065\" class=\"container-fluid vntd-section-default section-default-width\"><div class=\"vc_row wpb_row\"><div class=\"inner\"><div class=\"wpb_column vc_column_container vc_col-sm-12\"><div class=\"vc_column-inner\"><div class=\"wpb_wrapper\">\n\t<div class=\"wpb_text_column wpb_content_element\" >\n\t\t<div class=\"wpb_wrapper\">\n\t\t\t\n\t\t<\/div>\n\t<\/div>\n<\/div><\/div><\/div><\/div><\/div><\/section><section id=\"3817\" class=\"container-fluid vntd-section-default section-default-width\"><div class=\"vc_row wpb_row\"><div class=\"inner\"><div class=\"wpb_column vc_column_container vc_col-sm-12\"><div class=\"vc_column-inner\"><div class=\"wpb_wrapper\"><section class=\"vc_cta3-container\"><div class=\"vc_general vc_cta3 vc_cta3-style-classic vc_cta3-shape-rounded vc_cta3-align-left vc_cta3-color-classic vc_cta3-icon-size-md vc_cta3-actions-right  wpb_animate_when_almost_visible wpb_bounceIn bounceIn\"><div class=\"vc_cta3_content-container\"><div class=\"vc_cta3-content\"><header class=\"vc_cta3-content-header\"><h2>Solicit\u0103 o programare<\/h2><h4>Primul pas spre men\u021binerea ideal\u0103 a s\u0103n\u0103t\u0103\u021bii este o vizit\u0103 la speciali\u0219ti. V\u0103 invit\u0103m!<\/h4><\/header><p>Prin intermediul platformei de program\u0103ri VIP-Consult pute\u021bi solicita o programare.<\/p>\n<p><strong>Alege\u021bi data \u0219i intervalul orar dorit,<\/strong> men\u021biona\u021bi c\u00e2teva detalii despre ce va intereseaz\u0103 \u0219i imediat un consultant VIP-Consult v\u0103 va contacta pentru a confirma disponibilitatea intervalului solicitat.<\/p>\n<\/div><div class=\"vc_cta3-actions\"><div class=\"vc_btn3-container vc_btn3-inline\" ><a class=\"vc_general vc_btn3 vc_btn3-size-md vc_btn3-shape-rounded vc_btn3-style-modern vc_btn3-icon-left vc_btn3-color-purple\" href=\"https:\/\/vip-consult.ro\/en\/programari\/\" title=\"Programari\"><i class=\"vc_btn3-icon fas fa-clinic-medical\"><\/i> Programare<\/a><\/div><\/div><\/div><\/div><\/section><\/div><\/div><\/div><\/div><\/div><\/section>\n<\/div>","protected":false},"excerpt":{"rendered":"Iridiologie METOD\u0102 NESPECIFIC\u0102 DE CULEGERE A INFORMA\u021aIEI DE PE IRIS, VERIFICAT\u0102 PE PARCUSUL MULTOR SECOLE, \u00a0OFERA INFORMATII DESPRE MODIFIC\u0102RILE EREDITARE \u015eI PATOLOGICE DIN ORGANISM. Aceasta metoda straveche ofera o mul\u021bime de informa\u021bii despre starea general\u0103 a organismului, despre p\u0103r\u021bile tari \u0219i slabe, despre for\u021bele lui de protec\u021bie, despre predispozi\u021bia la boli , despre na\u0219tere \u0219i posibilit\u0103\u021bile de a na\u0219te, despre starea psiho-emo\u021bional\u0103, despre intoxica\u021bii, despre patologia ascuns\u0103, despre procesele care [...]","protected":false},"author":1,"featured_media":0,"parent":2077,"menu_order":0,"comment_status":"closed","ping_status":"closed","template":"","meta":[],"_links":{"self":[{"href":"https:\/\/vip-consult.ro\/en\/wp-json\/wp\/v2\/pages\/2374"}],"collection":[{"href":"https:\/\/vip-consult.ro\/en\/wp-json\/wp\/v2\/pages"}],"about":[{"href":"https:\/\/vip-consult.ro\/en\/wp-json\/wp\/v2\/types\/page"}],"author":[{"embeddable":true,"href":"https:\/\/vip-consult.ro\/en\/wp-json\/wp\/v2\/users\/1"}],"replies":[{"embeddable":true,"href":"https:\/\/vip-consult.ro\/en\/wp-json\/wp\/v2\/comments?post=2374"}],"version-history":[{"count":5,"href":"https:\/\/vip-consult.ro\/en\/wp-json\/wp\/v2\/pages\/2374\/revisions"}],"predecessor-version":[{"id":2935,"href":"https:\/\/vip-consult.ro\/en\/wp-json\/wp\/v2\/pages\/2374\/revisions\/2935"}],"up":[{"embeddable":true,"href":"https:\/\/vip-consult.ro\/en\/wp-json\/wp\/v2\/pages\/2077"}],"wp:attachment":[{"href":"https:\/\/vip-consult.ro\/en\/wp-json\/wp\/v2\/media?parent=2374"}],"curies":[{"name":"wp","href":"https:\/\/api.w.org\/{rel}","templated":true}]}}