{"id":2105,"date":"2024-01-19T10:48:36","date_gmt":"2024-01-19T10:48:36","guid":{"rendered":"https:\/\/vip-consult.ro\/?page_id=2105"},"modified":"2024-11-22T08:59:45","modified_gmt":"2024-11-22T06:59:45","slug":"chirurgie-plastica-estetica-si-microchirurgie-reparatorie","status":"publish","type":"page","link":"https:\/\/vip-consult.ro\/en\/servicii\/chirurgie-plastica-estetica-si-microchirurgie-reparatorie\/","title":{"rendered":"Chirurgie plastica, Estetica si Microchirurgie reparatorie"},"content":{"rendered":"<div class=\"wpb-content-wrapper\"><section id=\"7505\" class=\"container-fluid vntd-section-default section-fullwidth\"><div class=\"vc_row wpb_row\"><div class=\"inner fullwidth\"><div class=\"wpb_column vc_column_container vc_col-sm-12\"><div class=\"vc_column-inner\"><div class=\"wpb_wrapper\">\n\t<div class=\"wpb_single_image wpb_content_element vc_align_center\">\n\t\t<div class=\"wpb_wrapper\">\n\t\t\t\n\t\t\t<div class=\"vc_single_image-wrapper   vc_box_border_grey\"><img width=\"1920\" height=\"300\" src=\"https:\/\/vip-consult.ro\/wp-content\/uploads\/2024\/01\/chirurgie-plastica-slider.jpg\" class=\"vc_single_image-img attachment-full\" alt=\"\" decoding=\"async\" loading=\"lazy\" title=\"chirurgie-plastica-slider\" srcset=\"https:\/\/vip-consult.ro\/wp-content\/uploads\/2024\/01\/chirurgie-plastica-slider.jpg 1920w, https:\/\/vip-consult.ro\/wp-content\/uploads\/2024\/01\/chirurgie-plastica-slider-300x47.jpg 300w, https:\/\/vip-consult.ro\/wp-content\/uploads\/2024\/01\/chirurgie-plastica-slider-1024x160.jpg 1024w, https:\/\/vip-consult.ro\/wp-content\/uploads\/2024\/01\/chirurgie-plastica-slider-768x120.jpg 768w, https:\/\/vip-consult.ro\/wp-content\/uploads\/2024\/01\/chirurgie-plastica-slider-1536x240.jpg 1536w, https:\/\/vip-consult.ro\/wp-content\/uploads\/2024\/01\/chirurgie-plastica-slider-1670x261.jpg 1670w, https:\/\/vip-consult.ro\/wp-content\/uploads\/2024\/01\/chirurgie-plastica-slider-880x138.jpg 880w, https:\/\/vip-consult.ro\/wp-content\/uploads\/2024\/01\/chirurgie-plastica-slider-450x70.jpg 450w\" sizes=\"(max-width: 1920px) 100vw, 1920px\" \/><\/div>\n\t\t<\/div>\n\t<\/div>\n<\/div><\/div><\/div><\/div><\/div><\/section><section id=\"1864\" class=\"container-fluid vntd-section-default section-default-width\"><div class=\"vc_row wpb_row  vc_custom_1706000667389\"><div class=\"inner\"><div class=\"wpb_column vc_column_container vc_col-sm-3\"><div class=\"vc_column-inner\"><div class=\"wpb_wrapper\">\n\t<div class=\"wpb_single_image wpb_content_element vc_align_left  wpb_animate_when_almost_visible wpb_fadeIn fadeIn\">\n\t\t<div class=\"wpb_wrapper\">\n\t\t\t\n\t\t\t<div class=\"vc_single_image-wrapper vc_box_shadow_border  vc_box_border_grey\"><img width=\"1024\" height=\"683\" src=\"https:\/\/vip-consult.ro\/wp-content\/uploads\/2024\/01\/chirurgie-plastica-2.jpg\" class=\"vc_single_image-img attachment-large\" alt=\"\" decoding=\"async\" loading=\"lazy\" title=\"chirurgie-plastica-2\" srcset=\"https:\/\/vip-consult.ro\/wp-content\/uploads\/2024\/01\/chirurgie-plastica-2.jpg 1024w, https:\/\/vip-consult.ro\/wp-content\/uploads\/2024\/01\/chirurgie-plastica-2-300x200.jpg 300w, https:\/\/vip-consult.ro\/wp-content\/uploads\/2024\/01\/chirurgie-plastica-2-768x512.jpg 768w, https:\/\/vip-consult.ro\/wp-content\/uploads\/2024\/01\/chirurgie-plastica-2-880x587.jpg 880w, https:\/\/vip-consult.ro\/wp-content\/uploads\/2024\/01\/chirurgie-plastica-2-450x300.jpg 450w\" sizes=\"(max-width: 1024px) 100vw, 1024px\" \/><\/div>\n\t\t<\/div>\n\t<\/div>\n<\/div><\/div><\/div><div class=\"wpb_column vc_column_container vc_col-sm-9\"><div class=\"vc_column-inner\"><div class=\"wpb_wrapper\"><div id=\"ultimate-heading-808469f2d6949cd0a\" class=\"uvc-heading ult-adjust-bottom-margin ultimate-heading-808469f2d6949cd0a uvc-9636\" data-hspacer=\"line_only\"  data-halign=\"left\" style=\"text-align:left\"><div class=\"uvc-main-heading ult-responsive\"  data-ultimate-target='.uvc-heading.ultimate-heading-808469f2d6949cd0a h2'  data-responsive-json-new='{\"font-size\":\"\",\"line-height\":\"\"}' ><h2 style=\"font-weight:normal;\">Chirurgie plastica, Estetica si Microchirurgie reparatorie<\/h2><\/div><div class=\"uvc-heading-spacer line_only\" style=\"margin-bottom:20px;height:1px;\"><span class=\"uvc-headings-line\" style=\"border-style:solid;border-bottom-width:1px;border-color:#ccc;width:autopx;\"><\/span><\/div><\/div>\n\t<div class=\"wpb_text_column wpb_content_element  wpb_animate_when_almost_visible wpb_fadeInRight fadeInRight\" >\n\t\t<div class=\"wpb_wrapper\">\n\t\t\t<h4>Clinica noastra abordeaza interventii chirurgicale de tip estetic (in vederea imbunatatirii trasaturilor fizice ale pacientului si estomparea unor efecte provocate de procesul imbatranirii) si de tip constructiv-reparator.<\/h4>\n<p>Platelet Rich Plasma (PRP) este un tratament anti-aging cu plasm\u0103 proprie \u00eembog\u0103\u021bit\u0103 cu trombocite. Reprezint\u0103 la ora actual\u0103 una dintre cele mai moderne solu\u021bii pentru regenerarea pielii prin for\u021be proprii! Acest tip de tratament anti-aging pe care vi-l ofera clinica noastr\u0103 este potrivit at\u00e2t doamnelor cat \u0219i domnilor.<\/p>\n\n\t\t<\/div>\n\t<\/div>\n<\/div><\/div><\/div><div class=\"wpb_column vc_column_container vc_col-sm-12\"><div class=\"vc_column-inner\"><div class=\"wpb_wrapper\">\n\t<div class=\"wpb_text_column wpb_content_element  wpb_animate_when_almost_visible wpb_fadeInUp fadeInUp\" >\n\t\t<div class=\"wpb_wrapper\">\n\t\t\t<p><strong>VIP CONSULT<\/strong> foloseste de asemenea \u00a0cea mai nou\u0103 tehnologie pentru s\u0103n\u0103tatea pielii-microneedling-ul cu\u00a0<strong>NANOPORE<\/strong><strong>, <\/strong>care este un tratament medical non-invaziv ce ofer\u0103 dubl\u0103 ac\u021biune: pe de o parte, ajut\u0103 la produc\u021bia de colagen nou datorit\u0103 mecanismelor naturale de auto-reparare ale pielii, iar pe de alta parte, faciliteaz\u0103 penetrarea ingredientelor active \u00een cele mai ad\u00e2nci straturi ale pielii, oferind rezultate \u00een tratamentele de<strong> acnee<\/strong>,\u00a0<strong>cicatrici<\/strong>,\u00a0<strong>hiperpigment\u0103ri<\/strong>,\u00a0<strong>riduri<\/strong>,\u00a0<strong>flaciditate, alopecie, vitiligo<\/strong>\u00a0\u0219i\u00a0<strong>nu necesit\u0103\u00a0anestezie<\/strong>! Rezultatele sunt vizibile din prima sesiune!<\/p>\n\n\t\t<\/div>\n\t<\/div>\n\n\t<div class=\"wpb_text_column wpb_content_element\" >\n\t\t<div class=\"wpb_wrapper\">\n\t\t\t<p><strong>SERVICII CHIRURGIE PLASTICA SI RECONSTRUCTIVA<\/strong><\/p>\n<ul>\n<li>Sutura plaga,\u00a0 Excizie\/revizie cicatrici,\u00a0Excizie corpi straini subcutanati\/de parti moi, Excizie formatiuni tumorale cutanate\/subcutanate,\u00a0Biopsie de parti moi, Biopsie ganglionara,\u00a0Cura chirurgicala a unghiei incarnate,\u00a0Evacuare-drenaj serom\/hematom,\u00a0Incizie-drenaj abces cutanat,\u00a0Tratamentul arsurilor\/sechelelor post-arsuri,\u00a0Reconstructie defecte cutanate cu grefe de piele\/lambouri,\u00a0Debridare plagi cronice,\u00a0Tratamentul escarelor de decubit<\/li>\n<\/ul>\n<p><strong><em>Chirurgia reconstructiva a fetei<\/em><\/strong><\/p>\n<ul>\n<li>Reconstructie lob auricular despicat,\u00a0Reconstructie defect ureche,\u00a0Corectie ectropion, Reconstructie defect pleoape,\u00a0Cura chirurgicala rinofim,\u00a0Reconstructie defect buze<\/li>\n<\/ul>\n<p><strong><em>Chirurgia sanilor<\/em><\/strong><\/p>\n<ul>\n<li>Cura chirurgicala a mamelonului invaginat,\u00a0Excizie mamelon supranumerar, Reconstructie san\/ complex areolo-mamelonar,\u00a0Cura chirurgicala a ginecomastiei,\u00a0Augmentare\/ Reductie mamara,\u00a0Mastopexie (lifting mamar).\u00a0Corectie areole<\/li>\n<\/ul>\n<p><strong><em>Chirurgia mainii<\/em><\/strong><\/p>\n<ul>\n<li>Decompresiune canal carpian\/cubital\/ Guyon,\u00a0Cura chirurgicala a contracturii Dupuytren,\u00a0Cura chirurgicala a tenosinovitelor,\u00a0Tratamentul chistelor sinoviale,\u00a0Tratamentul infectiilor mainii,\u00a0Tratamentul leziunilor de nervi, muschi, tendoane,\u00a0Tratamentul fracturilor mainii,\u00a0Tratamentul diformitatilor de degete (deget in ciocan)\/deget in resort<\/li>\n<\/ul>\n<p><strong><em>Chirurgie estetica<\/em><\/strong><\/p>\n<ul>\n<li>Lifting brate,\u00a0Abdominoplastie,\u00a0Body-lifting,\u00a0Liposuctie,Lifting intern de coapse,\u00a0Labioplastie labii mici<\/li>\n<\/ul>\n<p><strong><em>Proceduri non-chirurgicale (injectabile)<\/em><\/strong><\/p>\n<ul>\n<li>Tratament cicatrici cheloide, fibroze cutanate, vergeturi, edeme, \u00a0grasime localizata (ex: barbie dubla). Tratamentul ridurilor cu toxina botulinica, Tratament hiperhidroza axilara\/palmara\/plantara (transpiratie excesiva),\u00a0Rejuvenare faciala cu Nanopore\/PRP (terapie vampir),\u00a0Injectare acid hialuronic (augmentare buze, rejuvenare faciala etc.),\u00a0Rejuvenare zona intima (injectare Nanopore, PRP, acid hialuronic)<\/li>\n<\/ul>\n\n\t\t<\/div>\n\t<\/div>\n<\/div><\/div><\/div><\/div><\/div><\/section><section id=\"1367\" class=\"container-fluid vntd-section-default section-default-width\"><div class=\"vc_row wpb_row\"><div class=\"inner\"><div class=\"wpb_column vc_column_container vc_col-sm-12\"><div class=\"vc_column-inner\"><div class=\"wpb_wrapper\"><section class=\"vc_cta3-container\"><div class=\"vc_general vc_cta3 vc_cta3-style-classic vc_cta3-shape-rounded vc_cta3-align-left vc_cta3-color-classic vc_cta3-icon-size-md vc_cta3-actions-right  wpb_animate_when_almost_visible wpb_bounceIn bounceIn\"><div class=\"vc_cta3_content-container\"><div class=\"vc_cta3-content\"><header class=\"vc_cta3-content-header\"><h2>Solicit\u0103 o programare<\/h2><h4>Primul pas spre men\u021binerea ideal\u0103 a s\u0103n\u0103t\u0103\u021bii este o vizit\u0103 la speciali\u0219ti. V\u0103 invit\u0103m!<\/h4><\/header><p>Prin intermediul platformei de program\u0103ri VIP-Consult pute\u021bi solicita o programare.<\/p>\n<p><strong>Alege\u021bi data \u0219i intervalul orar dorit,<\/strong> men\u021biona\u021bi c\u00e2teva detalii despre ce va intereseaz\u0103 \u0219i imediat un consultant VIP-Consult v\u0103 va contacta pentru a confirma disponibilitatea intervalului solicitat.<\/p>\n<\/div><div class=\"vc_cta3-actions\"><div class=\"vc_btn3-container vc_btn3-inline\" ><a class=\"vc_general vc_btn3 vc_btn3-size-md vc_btn3-shape-rounded vc_btn3-style-modern vc_btn3-icon-left vc_btn3-color-purple\" href=\"https:\/\/vip-consult.ro\/en\/programari\/\" title=\"Programari\"><i class=\"vc_btn3-icon fas fa-clinic-medical\"><\/i> Programare<\/a><\/div><\/div><\/div><\/div><\/section><\/div><\/div><\/div><\/div><\/div><\/section>\n<\/div>","protected":false},"excerpt":{"rendered":"Chirurgie plastica, Estetica si Microchirurgie reparatorie Clinica noastra abordeaza interventii chirurgicale de tip estetic (in vederea imbunatatirii trasaturilor fizice ale pacientului si estomparea unor efecte provocate de procesul imbatranirii) si de tip constructiv-reparator. Platelet Rich Plasma (PRP) este un tratament anti-aging cu plasm\u0103 proprie \u00eembog\u0103\u021bit\u0103 cu trombocite. Reprezint\u0103 la ora actual\u0103 una dintre cele mai moderne solu\u021bii pentru regenerarea pielii prin for\u021be proprii! Acest tip de tratament anti-aging pe care [...]","protected":false},"author":1,"featured_media":0,"parent":2077,"menu_order":0,"comment_status":"closed","ping_status":"closed","template":"","meta":[],"_links":{"self":[{"href":"https:\/\/vip-consult.ro\/en\/wp-json\/wp\/v2\/pages\/2105"}],"collection":[{"href":"https:\/\/vip-consult.ro\/en\/wp-json\/wp\/v2\/pages"}],"about":[{"href":"https:\/\/vip-consult.ro\/en\/wp-json\/wp\/v2\/types\/page"}],"author":[{"embeddable":true,"href":"https:\/\/vip-consult.ro\/en\/wp-json\/wp\/v2\/users\/1"}],"replies":[{"embeddable":true,"href":"https:\/\/vip-consult.ro\/en\/wp-json\/wp\/v2\/comments?post=2105"}],"version-history":[{"count":15,"href":"https:\/\/vip-consult.ro\/en\/wp-json\/wp\/v2\/pages\/2105\/revisions"}],"predecessor-version":[{"id":2925,"href":"https:\/\/vip-consult.ro\/en\/wp-json\/wp\/v2\/pages\/2105\/revisions\/2925"}],"up":[{"embeddable":true,"href":"https:\/\/vip-consult.ro\/en\/wp-json\/wp\/v2\/pages\/2077"}],"wp:attachment":[{"href":"https:\/\/vip-consult.ro\/en\/wp-json\/wp\/v2\/media?parent=2105"}],"curies":[{"name":"wp","href":"https:\/\/api.w.org\/{rel}","templated":true}]}}