{"id":2103,"date":"2024-01-19T10:48:13","date_gmt":"2024-01-19T10:48:13","guid":{"rendered":"https:\/\/vip-consult.ro\/?page_id=2103"},"modified":"2024-11-22T08:59:58","modified_gmt":"2024-11-22T06:59:58","slug":"cristaloterapie","status":"publish","type":"page","link":"https:\/\/vip-consult.ro\/en\/servicii\/cristaloterapie\/","title":{"rendered":"Cristaloterapie"},"content":{"rendered":"<div class=\"wpb-content-wrapper\"><section id=\"3673\" class=\"container-fluid vntd-section-default section-fullwidth\"><div class=\"vc_row wpb_row  vc_row-o-content-top vc_row-flex\"><div class=\"inner fullwidth\"><div class=\"wpb_column vc_column_container vc_col-sm-12\"><div class=\"vc_column-inner\"><div class=\"wpb_wrapper\">\n\t<div class=\"wpb_single_image wpb_content_element vc_align_center\">\n\t\t<div class=\"wpb_wrapper\">\n\t\t\t\n\t\t\t<div class=\"vc_single_image-wrapper   vc_box_border_grey\"><img width=\"380\" height=\"191\" src=\"https:\/\/vip-consult.ro\/wp-content\/uploads\/2024\/01\/CRISTALE.jpg\" class=\"vc_single_image-img attachment-full\" alt=\"\" decoding=\"async\" loading=\"lazy\" title=\"CRISTALE\" srcset=\"https:\/\/vip-consult.ro\/wp-content\/uploads\/2024\/01\/CRISTALE.jpg 380w, https:\/\/vip-consult.ro\/wp-content\/uploads\/2024\/01\/CRISTALE-300x151.jpg 300w\" sizes=\"(max-width: 380px) 100vw, 380px\" \/><\/div>\n\t\t<\/div>\n\t<\/div>\n<\/div><\/div><\/div><\/div><\/div><\/section><section id=\"1474\" class=\"container-fluid vntd-section-default section-default-width\"><div class=\"vc_row wpb_row  vc_custom_1706000667389\"><div class=\"inner\"><div class=\"wpb_column vc_column_container vc_col-sm-6\"><div class=\"vc_column-inner\"><div class=\"wpb_wrapper\">\n\t<div class=\"wpb_single_image wpb_content_element vc_align_left  wpb_animate_when_almost_visible wpb_fadeIn fadeIn\">\n\t\t<div class=\"wpb_wrapper\">\n\t\t\t\n\t\t\t<div class=\"vc_single_image-wrapper vc_box_shadow_border  vc_box_border_grey\"><img width=\"380\" height=\"253\" src=\"https:\/\/vip-consult.ro\/wp-content\/uploads\/2024\/01\/critsale-1.jpg\" class=\"vc_single_image-img attachment-large\" alt=\"\" decoding=\"async\" loading=\"lazy\" title=\"critsale 1\" srcset=\"https:\/\/vip-consult.ro\/wp-content\/uploads\/2024\/01\/critsale-1.jpg 380w, https:\/\/vip-consult.ro\/wp-content\/uploads\/2024\/01\/critsale-1-300x200.jpg 300w\" sizes=\"(max-width: 380px) 100vw, 380px\" \/><\/div>\n\t\t<\/div>\n\t<\/div>\n<\/div><\/div><\/div><div class=\"wpb_column vc_column_container vc_col-sm-6\"><div class=\"vc_column-inner\"><div class=\"wpb_wrapper\"><div id=\"ultimate-heading-67669f2e27bd7a3c\" class=\"uvc-heading ult-adjust-bottom-margin ultimate-heading-67669f2e27bd7a3c uvc-3969\" data-hspacer=\"line_only\"  data-halign=\"left\" style=\"text-align:left\"><div class=\"uvc-main-heading ult-responsive\"  data-ultimate-target='.uvc-heading.ultimate-heading-67669f2e27bd7a3c h2'  data-responsive-json-new='{\"font-size\":\"\",\"line-height\":\"\"}' ><h2 style=\"font-weight:normal;\">Cristaloterapie<\/h2><\/div><div class=\"uvc-heading-spacer line_only\" style=\"margin-bottom:20px;height:1px;\"><span class=\"uvc-headings-line\" style=\"border-style:solid;border-bottom-width:1px;border-color:#ccc;width:autopx;\"><\/span><\/div><\/div>\n\t<div class=\"wpb_text_column wpb_content_element  wpb_animate_when_almost_visible wpb_fadeInRight fadeInRight\" >\n\t\t<div class=\"wpb_wrapper\">\n\t\t\t<div class=\"flex flex-grow flex-col max-w-full\">\n<div class=\"min-h-&#091;20px&#093; text-message flex flex-col items-start gap-3 whitespace-pre-wrap break-words &#091;.text-message+&amp;&#093;:mt-5 overflow-x-auto\" data-message-author-role=\"assistant\" data-message-id=\"5189c497-ce43-4b11-bc09-a720d4471cf9\">\n<div class=\"markdown prose w-full break-words dark:prose-invert dark\">\n<p>Cu ajutorul cristalelor, ac\u021bion\u00e2nd asupra locului dureros ac\u021bion\u0103m de fapt la nivel subtil, regl\u00e2nd energetic aura \u0219i activ\u00e2nd puterile de auto-vindecare ale organismului.<\/p>\n<p>Biofizicienii sus\u021bin c\u0103, de fapt, corpul uman \u0219i al altor organisme este un cristal lichid, definit ca un fluid ale c\u0103rui particule componente (atomi sau molecule) tind c\u0103tre o dispunere mai ordonat\u0103 dec\u00e2t cea a lichidelor obi\u0219nuite, apropiindu-se de structura cristalelor solide (Mae-Wan Ho).<\/p>\n<p>Pleac\u00e2nd de la aceast\u0103 premis\u0103, ne putem imagina astfel cum poate un flux de energie emis de o piatr\u0103 s\u0103 fie primit \u0219i perceput de creierul\/corpul nostru, la fel cum un radio cu cristale capteaz\u0103 semnalele unui turn de radiodifuziune.<\/p>\n<\/div>\n<\/div>\n<\/div>\n\n\t\t<\/div>\n\t<\/div>\n<\/div><\/div><\/div><\/div><\/div><\/section><section id=\"2091\" class=\"container-fluid vntd-section-default section-default-width\"><div class=\"vc_row wpb_row\"><div class=\"inner\"><div class=\"wpb_column vc_column_container vc_col-sm-12\"><div class=\"vc_column-inner\"><div class=\"wpb_wrapper\"><section class=\"vc_cta3-container\"><div class=\"vc_general vc_cta3 vc_cta3-style-classic vc_cta3-shape-rounded vc_cta3-align-left vc_cta3-color-classic vc_cta3-icon-size-md vc_cta3-actions-right  wpb_animate_when_almost_visible wpb_bounceIn bounceIn\"><div class=\"vc_cta3_content-container\"><div class=\"vc_cta3-content\"><header class=\"vc_cta3-content-header\"><h2>Solicit\u0103 o programare<\/h2><h4>Primul pas spre men\u021binerea ideal\u0103 a s\u0103n\u0103t\u0103\u021bii este o vizit\u0103 la speciali\u0219ti. V\u0103 invit\u0103m!<\/h4><\/header><p>Prin intermediul platformei de program\u0103ri VIP-Consult pute\u021bi solicita o programare.<\/p>\n<p><strong>Alege\u021bi data \u0219i intervalul orar dorit,<\/strong> men\u021biona\u021bi c\u00e2teva detalii despre ce va intereseaz\u0103 \u0219i imediat un consultant VIP-Consult v\u0103 va contacta pentru a confirma disponibilitatea intervalului solicitat.<\/p>\n<\/div><div class=\"vc_cta3-actions\"><div class=\"vc_btn3-container vc_btn3-inline\" ><a class=\"vc_general vc_btn3 vc_btn3-size-md vc_btn3-shape-rounded vc_btn3-style-modern vc_btn3-icon-left vc_btn3-color-purple\" href=\"https:\/\/vip-consult.ro\/en\/programari\/\" title=\"Programari\"><i class=\"vc_btn3-icon fas fa-clinic-medical\"><\/i> Programare<\/a><\/div><\/div><\/div><\/div><\/section><\/div><\/div><\/div><\/div><\/div><\/section>\n<\/div>","protected":false},"excerpt":{"rendered":"Cristaloterapie Cu ajutorul cristalelor, ac\u021bion\u00e2nd asupra locului dureros ac\u021bion\u0103m de fapt la nivel subtil, regl\u00e2nd energetic aura \u0219i activ\u00e2nd puterile de auto-vindecare ale organismului. Biofizicienii sus\u021bin c\u0103, de fapt, corpul uman \u0219i al altor organisme este un cristal lichid, definit ca un fluid ale c\u0103rui particule componente (atomi sau molecule) tind c\u0103tre o dispunere mai ordonat\u0103 dec\u00e2t cea a lichidelor obi\u0219nuite, apropiindu-se de structura cristalelor solide (Mae-Wan Ho). Pleac\u00e2nd de [...]","protected":false},"author":1,"featured_media":0,"parent":2077,"menu_order":0,"comment_status":"closed","ping_status":"closed","template":"","meta":[],"_links":{"self":[{"href":"https:\/\/vip-consult.ro\/en\/wp-json\/wp\/v2\/pages\/2103"}],"collection":[{"href":"https:\/\/vip-consult.ro\/en\/wp-json\/wp\/v2\/pages"}],"about":[{"href":"https:\/\/vip-consult.ro\/en\/wp-json\/wp\/v2\/types\/page"}],"author":[{"embeddable":true,"href":"https:\/\/vip-consult.ro\/en\/wp-json\/wp\/v2\/users\/1"}],"replies":[{"embeddable":true,"href":"https:\/\/vip-consult.ro\/en\/wp-json\/wp\/v2\/comments?post=2103"}],"version-history":[{"count":15,"href":"https:\/\/vip-consult.ro\/en\/wp-json\/wp\/v2\/pages\/2103\/revisions"}],"predecessor-version":[{"id":2926,"href":"https:\/\/vip-consult.ro\/en\/wp-json\/wp\/v2\/pages\/2103\/revisions\/2926"}],"up":[{"embeddable":true,"href":"https:\/\/vip-consult.ro\/en\/wp-json\/wp\/v2\/pages\/2077"}],"wp:attachment":[{"href":"https:\/\/vip-consult.ro\/en\/wp-json\/wp\/v2\/media?parent=2103"}],"curies":[{"name":"wp","href":"https:\/\/api.w.org\/{rel}","templated":true}]}}