{"id":2093,"date":"2024-01-19T10:46:38","date_gmt":"2024-01-19T10:46:38","guid":{"rendered":"https:\/\/vip-consult.ro\/?page_id=2093"},"modified":"2024-11-22T09:13:05","modified_gmt":"2024-11-22T07:13:05","slug":"terapii-naturiste","status":"publish","type":"page","link":"https:\/\/vip-consult.ro\/en\/servicii\/terapii-naturiste\/","title":{"rendered":"Terapii naturiste"},"content":{"rendered":"<div class=\"wpb-content-wrapper\"><section id=\"9963\" class=\"container-fluid vntd-section-default section-fullwidth\"><div class=\"vc_row wpb_row\"><div class=\"inner fullwidth\"><div class=\"wpb_column vc_column_container vc_col-sm-12\"><div class=\"vc_column-inner\"><div class=\"wpb_wrapper\">\n\t<div class=\"wpb_single_image wpb_content_element vc_align_center\">\n\t\t<div class=\"wpb_wrapper\">\n\t\t\t\n\t\t\t<div class=\"vc_single_image-wrapper   vc_box_border_grey\"><img width=\"1920\" height=\"300\" src=\"https:\/\/vip-consult.ro\/wp-content\/uploads\/2024\/01\/terapie-naturista-slider.jpg\" class=\"vc_single_image-img attachment-full\" alt=\"\" decoding=\"async\" loading=\"lazy\" title=\"terapie-naturista-slider\" srcset=\"https:\/\/vip-consult.ro\/wp-content\/uploads\/2024\/01\/terapie-naturista-slider.jpg 1920w, https:\/\/vip-consult.ro\/wp-content\/uploads\/2024\/01\/terapie-naturista-slider-300x47.jpg 300w, https:\/\/vip-consult.ro\/wp-content\/uploads\/2024\/01\/terapie-naturista-slider-1024x160.jpg 1024w, https:\/\/vip-consult.ro\/wp-content\/uploads\/2024\/01\/terapie-naturista-slider-768x120.jpg 768w, https:\/\/vip-consult.ro\/wp-content\/uploads\/2024\/01\/terapie-naturista-slider-1536x240.jpg 1536w, https:\/\/vip-consult.ro\/wp-content\/uploads\/2024\/01\/terapie-naturista-slider-1670x261.jpg 1670w, https:\/\/vip-consult.ro\/wp-content\/uploads\/2024\/01\/terapie-naturista-slider-880x138.jpg 880w, https:\/\/vip-consult.ro\/wp-content\/uploads\/2024\/01\/terapie-naturista-slider-450x70.jpg 450w\" sizes=\"(max-width: 1920px) 100vw, 1920px\" \/><\/div>\n\t\t<\/div>\n\t<\/div>\n<\/div><\/div><\/div><\/div><\/div><\/section><section id=\"4174\" class=\"container-fluid vntd-section-default section-default-width\"><div class=\"vc_row wpb_row  vc_custom_1706000667389\"><div class=\"inner\"><div class=\"wpb_column vc_column_container vc_col-sm-6\"><div class=\"vc_column-inner\"><div class=\"wpb_wrapper\">\n\t<div class=\"wpb_single_image wpb_content_element vc_align_left  wpb_animate_when_almost_visible wpb_fadeIn fadeIn\">\n\t\t<div class=\"wpb_wrapper\">\n\t\t\t\n\t\t\t<div class=\"vc_single_image-wrapper vc_box_shadow_border  vc_box_border_grey\"><img width=\"1024\" height=\"698\" src=\"https:\/\/vip-consult.ro\/wp-content\/uploads\/2024\/01\/terapie-naturista-1.jpg\" class=\"vc_single_image-img attachment-large\" alt=\"\" decoding=\"async\" loading=\"lazy\" title=\"terapie-naturista-1\" srcset=\"https:\/\/vip-consult.ro\/wp-content\/uploads\/2024\/01\/terapie-naturista-1.jpg 1024w, https:\/\/vip-consult.ro\/wp-content\/uploads\/2024\/01\/terapie-naturista-1-300x204.jpg 300w, https:\/\/vip-consult.ro\/wp-content\/uploads\/2024\/01\/terapie-naturista-1-768x524.jpg 768w, https:\/\/vip-consult.ro\/wp-content\/uploads\/2024\/01\/terapie-naturista-1-880x600.jpg 880w, https:\/\/vip-consult.ro\/wp-content\/uploads\/2024\/01\/terapie-naturista-1-450x307.jpg 450w\" sizes=\"(max-width: 1024px) 100vw, 1024px\" \/><\/div>\n\t\t<\/div>\n\t<\/div>\n<\/div><\/div><\/div><div class=\"wpb_column vc_column_container vc_col-sm-6\"><div class=\"vc_column-inner\"><div class=\"wpb_wrapper\"><div id=\"ultimate-heading-495369f2b92414e79\" class=\"uvc-heading ult-adjust-bottom-margin ultimate-heading-495369f2b92414e79 uvc-3550\" data-hspacer=\"line_only\"  data-halign=\"left\" style=\"text-align:left\"><div class=\"uvc-main-heading ult-responsive\"  data-ultimate-target='.uvc-heading.ultimate-heading-495369f2b92414e79 h2'  data-responsive-json-new='{\"font-size\":\"\",\"line-height\":\"\"}' ><h2 style=\"font-weight:normal;\">Terapii naturiste<\/h2><\/div><div class=\"uvc-heading-spacer line_only\" style=\"margin-bottom:20px;height:1px;\"><span class=\"uvc-headings-line\" style=\"border-style:solid;border-bottom-width:1px;border-color:#ccc;width:autopx;\"><\/span><\/div><\/div>\n\t<div class=\"wpb_text_column wpb_content_element  wpb_animate_when_almost_visible wpb_fadeInRight fadeInRight\" >\n\t\t<div class=\"wpb_wrapper\">\n\t\t\t<h4>VIP CONSULT va ofera cele mai bune solutii in a alege\u00a0<strong>remedii naturiste<\/strong> potrivite pentru fiecare afectiune (API-FITO-AROMA-TERAPIE, TERAPIE CU FLORI BACH, GEMOTERAPIE, TERAPIE CU ULEIURI ESENTIALE)<\/h4>\n<p>Aceste metode terapeutice care utilizeaza plante medicinale si produse apicole sunt recomandate pentru toate tipurile de boli acute si boli cronice care pot raspunde la acest tip de terapie, in cazul in care se doreste evitarea medicamentelor chimice.<\/p>\n<p>Plantele ne ajuta daca stim sa le folosim corect. Fie ca ceaiuri, fie ca remdii naturiste, ele fac parte din viata noastra.<\/p>\n<p>Uleiurile esen\u021biale sunt cunoscute pentru o serie lung\u0103 de beneficii pe care le aduc asupra s\u0103n\u0103t\u0103\u021bii utilizatorilor. Pe l\u00e2ng\u0103 faptul c\u0103 acestea combat bacteriile \u0219i virusurile, ele sunt recomandate \u0219i pentru reducerea inflama\u021biilor, a gre\u021bei, pentru stimularea st\u0103rii de spirit sau sporirea performan\u021belor profesionaleClinica VIP CONSULT va ofera in plus sedinte de <strong>AromaTouch <\/strong>si <strong>S<\/strong><strong>ymphony of the Cells<\/strong>.<\/p>\n\n\t\t<\/div>\n\t<\/div>\n<\/div><\/div><\/div><\/div><\/div><\/section><section id=\"2042\" class=\"container-fluid vntd-section-default section-default-width\"><div class=\"vc_row wpb_row\"><div class=\"inner\"><div class=\"wpb_column vc_column_container vc_col-sm-12\"><div class=\"vc_column-inner\"><div class=\"wpb_wrapper\"><section class=\"vc_cta3-container\"><div class=\"vc_general vc_cta3 vc_cta3-style-classic vc_cta3-shape-rounded vc_cta3-align-left vc_cta3-color-classic vc_cta3-icon-size-md vc_cta3-actions-right  wpb_animate_when_almost_visible wpb_bounceIn bounceIn\"><div class=\"vc_cta3_content-container\"><div class=\"vc_cta3-content\"><header class=\"vc_cta3-content-header\"><h2>Solicit\u0103 o programare<\/h2><h4>Primul pas spre men\u021binerea ideal\u0103 a s\u0103n\u0103t\u0103\u021bii este o vizit\u0103 la speciali\u0219ti. V\u0103 invit\u0103m!<\/h4><\/header><p>Prin intermediul platformei de program\u0103ri VIP-Consult pute\u021bi solicita o programare.<\/p>\n<p><strong>Alege\u021bi data \u0219i intervalul orar dorit,<\/strong> men\u021biona\u021bi c\u00e2teva detalii despre ce va intereseaz\u0103 \u0219i imediat un consultant VIP-Consult v\u0103 va contacta pentru a confirma disponibilitatea intervalului solicitat.<\/p>\n<\/div><div class=\"vc_cta3-actions\"><div class=\"vc_btn3-container vc_btn3-inline\" ><a class=\"vc_general vc_btn3 vc_btn3-size-md vc_btn3-shape-rounded vc_btn3-style-modern vc_btn3-icon-left vc_btn3-color-purple\" href=\"https:\/\/vip-consult.ro\/en\/programari\/\" title=\"Programari\"><i class=\"vc_btn3-icon fas fa-clinic-medical\"><\/i> Programare<\/a><\/div><\/div><\/div><\/div><\/section><\/div><\/div><\/div><\/div><\/div><\/section>\n<\/div>","protected":false},"excerpt":{"rendered":"Terapii naturiste VIP CONSULT va ofera cele mai bune solutii in a alege\u00a0remedii naturiste potrivite pentru fiecare afectiune (API-FITO-AROMA-TERAPIE, TERAPIE CU FLORI BACH, GEMOTERAPIE, TERAPIE CU ULEIURI ESENTIALE) Aceste metode terapeutice care utilizeaza plante medicinale si produse apicole sunt recomandate pentru toate tipurile de boli acute si boli cronice care pot raspunde la acest tip de terapie, in cazul in care se doreste evitarea medicamentelor chimice. Plantele ne ajuta daca [...]","protected":false},"author":1,"featured_media":0,"parent":2077,"menu_order":0,"comment_status":"closed","ping_status":"closed","template":"","meta":[],"_links":{"self":[{"href":"https:\/\/vip-consult.ro\/en\/wp-json\/wp\/v2\/pages\/2093"}],"collection":[{"href":"https:\/\/vip-consult.ro\/en\/wp-json\/wp\/v2\/pages"}],"about":[{"href":"https:\/\/vip-consult.ro\/en\/wp-json\/wp\/v2\/types\/page"}],"author":[{"embeddable":true,"href":"https:\/\/vip-consult.ro\/en\/wp-json\/wp\/v2\/users\/1"}],"replies":[{"embeddable":true,"href":"https:\/\/vip-consult.ro\/en\/wp-json\/wp\/v2\/comments?post=2093"}],"version-history":[{"count":4,"href":"https:\/\/vip-consult.ro\/en\/wp-json\/wp\/v2\/pages\/2093\/revisions"}],"predecessor-version":[{"id":2960,"href":"https:\/\/vip-consult.ro\/en\/wp-json\/wp\/v2\/pages\/2093\/revisions\/2960"}],"up":[{"embeddable":true,"href":"https:\/\/vip-consult.ro\/en\/wp-json\/wp\/v2\/pages\/2077"}],"wp:attachment":[{"href":"https:\/\/vip-consult.ro\/en\/wp-json\/wp\/v2\/media?parent=2093"}],"curies":[{"name":"wp","href":"https:\/\/api.w.org\/{rel}","templated":true}]}}