{"id":2085,"date":"2024-01-19T10:44:59","date_gmt":"2024-01-19T10:44:59","guid":{"rendered":"https:\/\/vip-consult.ro\/?page_id=2085"},"modified":"2024-11-22T09:04:46","modified_gmt":"2024-11-22T07:04:46","slug":"mafg","status":"publish","type":"page","link":"https:\/\/vip-consult.ro\/en\/servicii\/mafg\/","title":{"rendered":"MAFG"},"content":{"rendered":"<div class=\"wpb-content-wrapper\"><section id=\"6859\" class=\"container-fluid vntd-section-default section-fullwidth\"><div class=\"vc_row wpb_row\"><div class=\"inner fullwidth\"><div class=\"wpb_column vc_column_container vc_col-sm-12\"><div class=\"vc_column-inner\"><div class=\"wpb_wrapper\">\n\t<div class=\"wpb_single_image wpb_content_element vc_align_center\">\n\t\t<div class=\"wpb_wrapper\">\n\t\t\t\n\t\t\t<div class=\"vc_single_image-wrapper   vc_box_border_grey\"><img width=\"380\" height=\"253\" src=\"https:\/\/vip-consult.ro\/wp-content\/uploads\/2024\/01\/MAFG-1.jpg\" class=\"vc_single_image-img attachment-full\" alt=\"\" decoding=\"async\" loading=\"lazy\" title=\"MAFG\" srcset=\"https:\/\/vip-consult.ro\/wp-content\/uploads\/2024\/01\/MAFG-1.jpg 380w, https:\/\/vip-consult.ro\/wp-content\/uploads\/2024\/01\/MAFG-1-300x200.jpg 300w\" sizes=\"(max-width: 380px) 100vw, 380px\" \/><\/div>\n\t\t<\/div>\n\t<\/div>\n<\/div><\/div><\/div><\/div><\/div><\/section><section id=\"7082\" class=\"container-fluid vntd-section-default section-default-width\"><div class=\"vc_row wpb_row  vc_custom_1706000667389\"><div class=\"inner\"><div class=\"wpb_column vc_column_container vc_col-sm-3\"><div class=\"vc_column-inner\"><div class=\"wpb_wrapper\">\n\t<div class=\"wpb_single_image wpb_content_element vc_align_left  wpb_animate_when_almost_visible wpb_fadeIn fadeIn\">\n\t\t<div class=\"wpb_wrapper\">\n\t\t\t\n\t\t\t<div class=\"vc_single_image-wrapper vc_box_shadow_border  vc_box_border_grey\"><img width=\"600\" height=\"450\" src=\"https:\/\/vip-consult.ro\/wp-content\/uploads\/2024\/01\/mafg.jpg\" class=\"vc_single_image-img attachment-large\" alt=\"\" decoding=\"async\" loading=\"lazy\" title=\"mafg\" srcset=\"https:\/\/vip-consult.ro\/wp-content\/uploads\/2024\/01\/mafg.jpg 600w, https:\/\/vip-consult.ro\/wp-content\/uploads\/2024\/01\/mafg-300x225.jpg 300w, https:\/\/vip-consult.ro\/wp-content\/uploads\/2024\/01\/mafg-450x338.jpg 450w\" sizes=\"(max-width: 600px) 100vw, 600px\" \/><\/div>\n\t\t<\/div>\n\t<\/div>\n<\/div><\/div><\/div><div class=\"wpb_column vc_column_container vc_col-sm-9\"><div class=\"vc_column-inner\"><div class=\"wpb_wrapper\"><div id=\"ultimate-heading-780869f3f8ba80a90\" class=\"uvc-heading ult-adjust-bottom-margin ultimate-heading-780869f3f8ba80a90 uvc-6772\" data-hspacer=\"line_only\"  data-halign=\"left\" style=\"text-align:left\"><div class=\"uvc-main-heading ult-responsive\"  data-ultimate-target='.uvc-heading.ultimate-heading-780869f3f8ba80a90 h2'  data-responsive-json-new='{\"font-size\":\"\",\"line-height\":\"\"}' ><h2 style=\"font-weight:normal;\">MAFG<\/h2><\/div><div class=\"uvc-heading-spacer line_only\" style=\"margin-bottom:20px;height:1px;\"><span class=\"uvc-headings-line\" style=\"border-style:solid;border-bottom-width:1px;border-color:#ccc;width:autopx;\"><\/span><\/div><\/div>\n\t<div class=\"wpb_text_column wpb_content_element  wpb_animate_when_almost_visible wpb_fadeInRight fadeInRight\" >\n\t\t<div class=\"wpb_wrapper\">\n\t\t\t<p><strong>VIP CONSULT<\/strong><strong> VA OFERA SOLUTII PENTRU DETECTAREA\/DISTRUGEREA MICROORGANISMELOR PATOGENE DIN CIRCUITELE SELECTATE ALE ORGANISMUL UMAN PRECUM SI ELIMINAREA METALELOR GRELE<\/strong><\/p>\n<p>Frecven\u021bele de rezonan\u021b\u0103 ale micro-organismelor se reg\u0103sesc \u00een echipamentele medicale de tip MAFG 03.01, tehnologie de ultima generatie.<\/p>\n<p>Daca se aplic\u0103 un\u00a0<strong>semnal cu tensiune fix\u0103 \u0219i cu frecven\u021b\u0103 variabil\u0103 \u00eentre 2 valori corespunz\u0103toare<\/strong>\u00a0spectrului unui micro-organism, atunci acesta\u00a0<strong>\u00eentr\u0103 \u00een vibra\u021bie<\/strong>, ceea ce duce la distrugerea lui.<\/p>\n\n\t\t<\/div>\n\t<\/div>\n<\/div><\/div><\/div><\/div><\/div><\/section><section id=\"8133\" class=\"container-fluid vntd-section-default section-default-width\"><div class=\"vc_row wpb_row\"><div class=\"inner\"><div class=\"wpb_column vc_column_container vc_col-sm-12\"><div class=\"vc_column-inner\"><div class=\"wpb_wrapper\">\n\t<div class=\"wpb_text_column wpb_content_element\" >\n\t\t<div class=\"wpb_wrapper\">\n\t\t\t<p>Cu ajutorul acestei tehnologii de ultima generatie se pot\u00a0 inlatura agenti patogeni\u00a0 (inclusiv prioni, paraziti, virusuri, bacterii, fungi), metale grele (Hg, As, Pb, Cd, etc), azbest, pesticide, substante chimice, coloranti, etc practic tot ce este nociv pentru organism.<\/p>\n\n\t\t<\/div>\n\t<\/div>\n<\/div><\/div><\/div><div class=\"wpb_column vc_column_container vc_col-sm-12\"><div class=\"vc_column-inner\"><div class=\"wpb_wrapper\"><\/div><\/div><\/div><\/div><\/div><\/section><section id=\"7184\" class=\"container-fluid vntd-section-default section-default-width\"><div class=\"vc_row wpb_row\"><div class=\"inner\"><div class=\"wpb_column vc_column_container vc_col-sm-12\"><div class=\"vc_column-inner\"><div class=\"wpb_wrapper\"><section class=\"vc_cta3-container\"><div class=\"vc_general vc_cta3 vc_cta3-style-classic vc_cta3-shape-rounded vc_cta3-align-left vc_cta3-color-classic vc_cta3-icon-size-md vc_cta3-actions-right  wpb_animate_when_almost_visible wpb_bounceIn bounceIn\"><div class=\"vc_cta3_content-container\"><div class=\"vc_cta3-content\"><header class=\"vc_cta3-content-header\"><h2>Solicit\u0103 o programare<\/h2><h4>Primul pas spre men\u021binerea ideal\u0103 a s\u0103n\u0103t\u0103\u021bii este o vizit\u0103 la speciali\u0219ti. V\u0103 invit\u0103m!<\/h4><\/header><p>Prin intermediul platformei de program\u0103ri VIP-Consult pute\u021bi solicita o programare.<\/p>\n<p><strong>Alege\u021bi data \u0219i intervalul orar dorit,<\/strong> men\u021biona\u021bi c\u00e2teva detalii despre ce va intereseaz\u0103 \u0219i imediat un consultant VIP-Consult v\u0103 va contacta pentru a confirma disponibilitatea intervalului solicitat.<\/p>\n<\/div><div class=\"vc_cta3-actions\"><div class=\"vc_btn3-container vc_btn3-inline\" ><a class=\"vc_general vc_btn3 vc_btn3-size-md vc_btn3-shape-rounded vc_btn3-style-modern vc_btn3-icon-left vc_btn3-color-purple\" href=\"https:\/\/vip-consult.ro\/en\/programari\/\" title=\"Programari\"><i class=\"vc_btn3-icon fas fa-clinic-medical\"><\/i> Programare<\/a><\/div><\/div><\/div><\/div><\/section><\/div><\/div><\/div><\/div><\/div><\/section>\n<\/div>","protected":false},"excerpt":{"rendered":"MAFG VIP CONSULT VA OFERA SOLUTII PENTRU DETECTAREA\/DISTRUGEREA MICROORGANISMELOR PATOGENE DIN CIRCUITELE SELECTATE ALE ORGANISMUL UMAN PRECUM SI ELIMINAREA METALELOR GRELE Frecven\u021bele de rezonan\u021b\u0103 ale micro-organismelor se reg\u0103sesc \u00een echipamentele medicale de tip MAFG 03.01, tehnologie de ultima generatie. Daca se aplic\u0103 un\u00a0semnal cu tensiune fix\u0103 \u0219i cu frecven\u021b\u0103 variabil\u0103 \u00eentre 2 valori corespunz\u0103toare\u00a0spectrului unui micro-organism, atunci acesta\u00a0\u00eentr\u0103 \u00een vibra\u021bie, ceea ce duce la distrugerea lui. Cu ajutorul acestei tehnologii [...]","protected":false},"author":1,"featured_media":0,"parent":2077,"menu_order":0,"comment_status":"closed","ping_status":"closed","template":"","meta":[],"_links":{"self":[{"href":"https:\/\/vip-consult.ro\/en\/wp-json\/wp\/v2\/pages\/2085"}],"collection":[{"href":"https:\/\/vip-consult.ro\/en\/wp-json\/wp\/v2\/pages"}],"about":[{"href":"https:\/\/vip-consult.ro\/en\/wp-json\/wp\/v2\/types\/page"}],"author":[{"embeddable":true,"href":"https:\/\/vip-consult.ro\/en\/wp-json\/wp\/v2\/users\/1"}],"replies":[{"embeddable":true,"href":"https:\/\/vip-consult.ro\/en\/wp-json\/wp\/v2\/comments?post=2085"}],"version-history":[{"count":9,"href":"https:\/\/vip-consult.ro\/en\/wp-json\/wp\/v2\/pages\/2085\/revisions"}],"predecessor-version":[{"id":2939,"href":"https:\/\/vip-consult.ro\/en\/wp-json\/wp\/v2\/pages\/2085\/revisions\/2939"}],"up":[{"embeddable":true,"href":"https:\/\/vip-consult.ro\/en\/wp-json\/wp\/v2\/pages\/2077"}],"wp:attachment":[{"href":"https:\/\/vip-consult.ro\/en\/wp-json\/wp\/v2\/media?parent=2085"}],"curies":[{"name":"wp","href":"https:\/\/api.w.org\/{rel}","templated":true}]}}